{"id":95785,"date":"2021-02-21T22:01:57","date_gmt":"2021-02-21T22:01:57","guid":{"rendered":"https:\/\/www.autonvaraosahaku.fi\/?product=elring-694-614-pakosarjan-tiivisteet"},"modified":"2021-02-21T22:02:03","modified_gmt":"2021-02-21T22:02:03","slug":"elring-694-614-pakosarjan-tiivisteet","status":"publish","type":"product","link":"https:\/\/www.autonvaraosahaku.fi\/?product=elring-694-614-pakosarjan-tiivisteet","title":{"rendered":"ELRING 694.614 Pakosarjan tiivisteet"},"content":{"rendered":"<p>Kiinnitysreikien lukum\u00e4\u00e4r\u00e4: 4; Reikien m\u00e4\u00e4r\u00e4: 2; Asennuspuoli: Pakosarja; TECDOC-moottorinumero: 4210; AUDI: 80 8C, B4,80 89, 89Q, 8A, B3,CABRIOLET 8G7, B4,100 4A, C4,80 Avant 8C, B4,100 44, 44Q, C3,A6 Avant 4A, C4,A6 4A, C4,COUPE 89, 8B,80 81, 85, B2,100 Avant 4A, C4,90 89, 89Q, 8A, B3,100 Avant 44, 44Q, C3,COUPE 81, 85,200 44, 44Q,200 Avant 44, 44Q; 443253115A, 443253115A, 443253115A, 443253115A; Tiiviste, Pakoputki<\/p>\n","protected":false},"excerpt":{"rendered":"<p>ELRING Pakoputken Tiiviste 694.614 Tiiviste, Pakoputki AUDI,80 8C, B4,80 89, 89Q, 8A, B3,CABRIOLET 8G7, B4,100 4A, C4,80 Avant 8C, B4,100 44, 44Q, C3<\/p>\n","protected":false},"featured_media":0,"template":"","meta":{"site-sidebar-layout":"default","site-content-layout":"default","ast-global-header-display":"","ast-main-header-display":"","ast-hfb-above-header-display":"","ast-hfb-below-header-display":"","ast-hfb-mobile-header-display":"","site-post-title":"","ast-breadcrumbs-content":"","ast-featured-img":"","footer-sml-layout":"","theme-transparent-header-meta":"","adv-header-id-meta":"","stick-header-meta":"","header-above-stick-meta":"","header-main-stick-meta":"","header-below-stick-meta":""},"pwb-brand":[26],"product_cat":[123],"product_tag":[],"class_list":{"0":"post-95785","1":"product","2":"type-product","3":"status-publish","5":"pwb-brand-elring","6":"product_cat-pakosarjan-tiivisteet","7":"desktop-align-left","8":"tablet-align-left","9":"mobile-align-left","11":"first","12":"instock","13":"product-type-external"},"brands":[{"id":26,"name":"ELRING","slug":"elring"}],"_links":{"self":[{"href":"https:\/\/www.autonvaraosahaku.fi\/index.php?rest_route=\/wp\/v2\/product\/95785","targetHints":{"allow":["GET"]}}],"collection":[{"href":"https:\/\/www.autonvaraosahaku.fi\/index.php?rest_route=\/wp\/v2\/product"}],"about":[{"href":"https:\/\/www.autonvaraosahaku.fi\/index.php?rest_route=\/wp\/v2\/types\/product"}],"wp:attachment":[{"href":"https:\/\/www.autonvaraosahaku.fi\/index.php?rest_route=%2Fwp%2Fv2%2Fmedia&parent=95785"}],"wp:term":[{"taxonomy":"pwb-brand","embeddable":true,"href":"https:\/\/www.autonvaraosahaku.fi\/index.php?rest_route=%2Fwp%2Fv2%2Fpwb-brand&post=95785"},{"taxonomy":"product_cat","embeddable":true,"href":"https:\/\/www.autonvaraosahaku.fi\/index.php?rest_route=%2Fwp%2Fv2%2Fproduct_cat&post=95785"},{"taxonomy":"product_tag","embeddable":true,"href":"https:\/\/www.autonvaraosahaku.fi\/index.php?rest_route=%2Fwp%2Fv2%2Fproduct_tag&post=95785"}],"curies":[{"name":"wp","href":"https:\/\/api.w.org\/{rel}","templated":true}]}}