{"id":95799,"date":"2021-02-21T22:02:06","date_gmt":"2021-02-21T22:02:06","guid":{"rendered":"https:\/\/www.autonvaraosahaku.fi\/?product=beru-ger001-laturin-jannitteensaadin"},"modified":"2021-02-21T22:02:09","modified_gmt":"2021-02-21T22:02:09","slug":"beru-ger001-laturin-jannitteensaadin","status":"publish","type":"product","link":"https:\/\/www.autonvaraosahaku.fi\/?product=beru-ger001-laturin-jannitteensaadin","title":{"rendered":"BERU GER001 Laturin j\u00e4nnitteens\u00e4\u00e4din"},"content":{"rendered":"<p>J\u00e4nnite (V): 14,1; Valmistaja rajaus: BOSCH; L\u00e4pimitta sis\u00e4\u00e4notto [mm]: 32; Valmistusvuoteen: 04\/1981; VW: PASSAT Variant 3A5, 35I,GOLF I Cabriolet 155,TRANSPORTER III Bus,POLO 86C, 80,POLO Coupe 86C, 80,PASSAT 3A2, 35I,SCIROCCO 53B,GOLF I 17,LT 28-35 I Bus 281-363,PASSAT Variant 32B,TRANSPORTER III Kasten,PASSAT 32B,POLO 86,SCIROCCO 53,SAFARI,ILTIS 183,JETTA I 16,DERBY 86C, 80,PASSAT 32,DERBY 86,PASSAT Variant 33,SANTANA 32B; AUDI: 80 81, 85, B2,80 80, 82, B1,100 C1,100 43, C2,200 43,50 86; MAZDA: 323 C IV BG,323 III Hatchback BF,121 II DB,FAMILIA IV BG,626 III Hatchback GD,626 III Station Wagon GV,626 II GC,626 II Hatchback GC,323 III BF,323 III Station Wagon BW,323 II Hatchback BD,323 I FA,323 II BD,929 II HB,626 I CB,929 I LA,626 II Coupe GC,323 I Station Wagon FA,929 II Kombi HV; BMW: 6 E24,3 E21,7 E23,5 E12; SEAT: MARBELLA 28,IBIZA I 021A,MARBELLA Kasten 028A,MALAGA 023A,RONDA 022A,FURA 025A; LADA: NIVA 2121,1200-1600,1200-1500 Kombi,SAMARA 2108, 2109, 2115, 2113, 2114,NOVA 2105,TOSCANA 2107,NOVA Kombi 2104,SAMARA Stufenheck 21099, 2115; NISSAN: BLUEBIRD Station Wagon WU11,BLUEBIRD U11,CHERRY III N12,CHERRY II Coupe N10,BLUEBIRD 910,CHERRY II Hatchback N10,BLUEBIRD Traveller W910,BLUEBIRD Stufenheck 910,CHERRY II Traveller VN10; SAAB: 900 I Combi Coupe,900 I AC4, AM4,99; MERCEDES-BENZ: SL R107,Stufenheck W123,S-CLASS W126,G-CLASS W460,COUPE C123,S-CLASS W116,KOMBI Kombi S123,SL Coupe C107; OPEL: CORSA A CC 93_, 94_, 98_, 99_,KADETT C Coupe,MANTA B 58_, 59_,VECTRA A CC 88_, 89_,KADETT B,MONZA A 22_,KADETT C,ASCONA B 81_, 86_, 87_, 88_,ASCONA C 81_, 86_, 87_, 88_,REKORD E 17_-19_, 11_, 14_, 16_,SENATOR A 29_,CORSA A TR 91_, 92_, 96_, 97_,KADETT D 31_-34_, 41_-44_,KADETT B Coupe,ASCONA C CC 84_, 89_,MANTA B CC 53_, 55_,KADETT C City,COMMODORE C 14_, 19_,KADETT C Caravan,KADETT B Caravan,KADETT D Caravan 35_, 36_, 45_, 46_; 119130506100, 119130506132, 701656, 701656000000, 05710950, 05710957, 12311268073, 12311268387, 12311356063, 12311710732, 42490291, 4474755, 4475269, 4475296, 4701481, 4701484, 4731653, 7073503, 82302913, 9927829, 9933186, 9934791, 9936532, 9940343, 9950085, 1447502, 1477502, 5011364, 501244, 5012444, 5013273, 6036646, 71BB10616AA, 74GB10316AA, 78GB10300AA, 78GB10316AA, 81DB10316AA, A830X10316FA, A840X10316CA, 294295100, 294390903, 7073503, 81256016020, 0021540606, 0021541806, 0021542506, 0021543206, 0021545806, 1204244, 1204246, 1204252, 8558306, 8559577, 8581779, 0003899291, 3894469, 3899291, NG98102329, 30800090740, 61000090742, 244332, 692061, 028903803A, 049903803B, 049903803E, 049903803F, 052903803, 053903803, 059903803B, 059903803C, 063903803, 070903803A; Laturin S\u00e4\u00e4din,J\u00e4nniteens\u00e4\u00e4din<\/p>\n","protected":false},"excerpt":{"rendered":"<p>BERU Laturin J\u00e4nnitteens\u00e4\u00e4din GER001 Laturin S\u00e4\u00e4din,J\u00e4nniteens\u00e4\u00e4din VW,AUDI,MAZDA,PASSAT Variant 3A5, 35I,GOLF I Cabriolet 155,TRANSPORTER III Bus<\/p>\n","protected":false},"featured_media":0,"template":"","meta":{"site-sidebar-layout":"default","site-content-layout":"default","ast-global-header-display":"","ast-main-header-display":"","ast-hfb-above-header-display":"","ast-hfb-below-header-display":"","ast-hfb-mobile-header-display":"","site-post-title":"","ast-breadcrumbs-content":"","ast-featured-img":"","footer-sml-layout":"","theme-transparent-header-meta":"","adv-header-id-meta":"","stick-header-meta":"","header-above-stick-meta":"","header-main-stick-meta":"","header-below-stick-meta":""},"pwb-brand":[327],"product_cat":[420],"product_tag":[],"class_list":{"0":"post-95799","1":"product","2":"type-product","3":"status-publish","5":"pwb-brand-beru","6":"product_cat-laturin-jannitteensaadin","7":"desktop-align-left","8":"tablet-align-left","9":"mobile-align-left","11":"first","12":"instock","13":"product-type-external"},"brands":[{"id":327,"name":"BERU","slug":"beru"}],"_links":{"self":[{"href":"https:\/\/www.autonvaraosahaku.fi\/index.php?rest_route=\/wp\/v2\/product\/95799","targetHints":{"allow":["GET"]}}],"collection":[{"href":"https:\/\/www.autonvaraosahaku.fi\/index.php?rest_route=\/wp\/v2\/product"}],"about":[{"href":"https:\/\/www.autonvaraosahaku.fi\/index.php?rest_route=\/wp\/v2\/types\/product"}],"wp:attachment":[{"href":"https:\/\/www.autonvaraosahaku.fi\/index.php?rest_route=%2Fwp%2Fv2%2Fmedia&parent=95799"}],"wp:term":[{"taxonomy":"pwb-brand","embeddable":true,"href":"https:\/\/www.autonvaraosahaku.fi\/index.php?rest_route=%2Fwp%2Fv2%2Fpwb-brand&post=95799"},{"taxonomy":"product_cat","embeddable":true,"href":"https:\/\/www.autonvaraosahaku.fi\/index.php?rest_route=%2Fwp%2Fv2%2Fproduct_cat&post=95799"},{"taxonomy":"product_tag","embeddable":true,"href":"https:\/\/www.autonvaraosahaku.fi\/index.php?rest_route=%2Fwp%2Fv2%2Fproduct_tag&post=95799"}],"curies":[{"name":"wp","href":"https:\/\/api.w.org\/{rel}","templated":true}]}}