{"id":95815,"date":"2021-02-21T22:02:14","date_gmt":"2021-02-21T22:02:14","guid":{"rendered":"https:\/\/www.autonvaraosahaku.fi\/?product=pierburg-7-22240-15-0-tyhjakayntimoottori"},"modified":"2021-02-21T22:02:16","modified_gmt":"2021-02-21T22:02:16","slug":"pierburg-7-22240-15-0-tyhjakayntimoottori","status":"publish","type":"product","link":"https:\/\/www.autonvaraosahaku.fi\/?product=pierburg-7-22240-15-0-tyhjakayntimoottori","title":{"rendered":"PIERBURG 7.22240.15.0 Tyhj\u00e4k\u00e4yntimoottori"},"content":{"rendered":"<p>Venttiilimalli: Suunnanvaihtoventtiili; K\u00e4ytt\u00f6: S\u00e4hk\u00f6inen; J\u00e4nnite (V): 12; Teknisten tietojen numero: SI 0096; TECDOC henkil\u00f6auton tyyppinumero: 2847; VOLVO: V70 I LV,S80 I TS, XY,S40 II MS,S40 I VS,960 Kombi 965,960 964,S90; 30611668, 31430034<\/p>\n","protected":false},"excerpt":{"rendered":"<p>PIERBURG Venttiili, Ilmanohjaus-Imuilma 7.22240.15.0  VOLVO,V70 I LV,S80 I TS, XY,S40 II MS,S40 I VS,960 Kombi 965,960 964,S90<\/p>\n","protected":false},"featured_media":0,"template":"","meta":{"site-sidebar-layout":"default","site-content-layout":"default","ast-global-header-display":"","ast-main-header-display":"","ast-hfb-above-header-display":"","ast-hfb-below-header-display":"","ast-hfb-mobile-header-display":"","site-post-title":"","ast-breadcrumbs-content":"","ast-featured-img":"","footer-sml-layout":"","theme-transparent-header-meta":"","adv-header-id-meta":"","stick-header-meta":"","header-above-stick-meta":"","header-main-stick-meta":"","header-below-stick-meta":""},"pwb-brand":[380],"product_cat":[254],"product_tag":[],"class_list":{"0":"post-95815","1":"product","2":"type-product","3":"status-publish","5":"pwb-brand-pierburg","6":"product_cat-tyhjakayntimoottori","7":"desktop-align-left","8":"tablet-align-left","9":"mobile-align-left","11":"first","12":"instock","13":"product-type-external"},"brands":[{"id":380,"name":"PIERBURG","slug":"pierburg"}],"_links":{"self":[{"href":"https:\/\/www.autonvaraosahaku.fi\/index.php?rest_route=\/wp\/v2\/product\/95815","targetHints":{"allow":["GET"]}}],"collection":[{"href":"https:\/\/www.autonvaraosahaku.fi\/index.php?rest_route=\/wp\/v2\/product"}],"about":[{"href":"https:\/\/www.autonvaraosahaku.fi\/index.php?rest_route=\/wp\/v2\/types\/product"}],"wp:attachment":[{"href":"https:\/\/www.autonvaraosahaku.fi\/index.php?rest_route=%2Fwp%2Fv2%2Fmedia&parent=95815"}],"wp:term":[{"taxonomy":"pwb-brand","embeddable":true,"href":"https:\/\/www.autonvaraosahaku.fi\/index.php?rest_route=%2Fwp%2Fv2%2Fpwb-brand&post=95815"},{"taxonomy":"product_cat","embeddable":true,"href":"https:\/\/www.autonvaraosahaku.fi\/index.php?rest_route=%2Fwp%2Fv2%2Fproduct_cat&post=95815"},{"taxonomy":"product_tag","embeddable":true,"href":"https:\/\/www.autonvaraosahaku.fi\/index.php?rest_route=%2Fwp%2Fv2%2Fproduct_tag&post=95815"}],"curies":[{"name":"wp","href":"https:\/\/api.w.org\/{rel}","templated":true}]}}