{"id":95816,"date":"2021-02-21T22:02:14","date_gmt":"2021-02-21T22:02:14","guid":{"rendered":"https:\/\/www.autonvaraosahaku.fi\/?product=pierburg-7-21548-50-0-polttoaineen-paineensaadin"},"modified":"2021-02-21T22:02:17","modified_gmt":"2021-02-21T22:02:17","slug":"pierburg-7-21548-50-0-polttoaineen-paineensaadin","status":"publish","type":"product","link":"https:\/\/www.autonvaraosahaku.fi\/?product=pierburg-7-21548-50-0-polttoaineen-paineensaadin","title":{"rendered":"PIERBURG 7.21548.50.0 Polttoaineen paineens\u00e4\u00e4din"},"content":{"rendered":"<p>K\u00e4ytt\u00f6: Hydraulinen; Paine (bar): 3; Paine (psi): 43,5; TECDOC-moottorinumero: 28370; BMW: 3 E46,3 Touring E46,3 Coupe E46,3 Compact E36,3 E36,3 E30,3 Coupe E36,Z3 E36,5 E34,3 Cabriolet E36,3 Touring E36,7 E32,8 E31,5 Touring E34; 13531721992, 13531729320, 13531747078, 1721992, 1729320, 1747078, 0K93713280, 93713280<\/p>\n","protected":false},"excerpt":{"rendered":"<p>PIERBURG Polttoaineen Paineens\u00e4\u00e4t\u00e4j\u00e4 7.21548.50.0  BMW,3 E46,3 Touring E46,3 Coupe E46,3 Compact E36,3 E36,3 E30,3 Coupe E36,Z3 E36,5 E34<\/p>\n","protected":false},"featured_media":0,"template":"","meta":{"site-sidebar-layout":"default","site-content-layout":"default","ast-global-header-display":"","ast-main-header-display":"","ast-hfb-above-header-display":"","ast-hfb-below-header-display":"","ast-hfb-mobile-header-display":"","site-post-title":"","ast-breadcrumbs-content":"","ast-featured-img":"","footer-sml-layout":"","theme-transparent-header-meta":"","adv-header-id-meta":"","stick-header-meta":"","header-above-stick-meta":"","header-main-stick-meta":"","header-below-stick-meta":""},"pwb-brand":[380],"product_cat":[246],"product_tag":[],"class_list":{"0":"post-95816","1":"product","2":"type-product","3":"status-publish","5":"pwb-brand-pierburg","6":"product_cat-polttoaineen-paineensaadin","7":"desktop-align-left","8":"tablet-align-left","9":"mobile-align-left","11":"first","12":"instock","13":"product-type-external"},"brands":[{"id":380,"name":"PIERBURG","slug":"pierburg"}],"_links":{"self":[{"href":"https:\/\/www.autonvaraosahaku.fi\/index.php?rest_route=\/wp\/v2\/product\/95816","targetHints":{"allow":["GET"]}}],"collection":[{"href":"https:\/\/www.autonvaraosahaku.fi\/index.php?rest_route=\/wp\/v2\/product"}],"about":[{"href":"https:\/\/www.autonvaraosahaku.fi\/index.php?rest_route=\/wp\/v2\/types\/product"}],"wp:attachment":[{"href":"https:\/\/www.autonvaraosahaku.fi\/index.php?rest_route=%2Fwp%2Fv2%2Fmedia&parent=95816"}],"wp:term":[{"taxonomy":"pwb-brand","embeddable":true,"href":"https:\/\/www.autonvaraosahaku.fi\/index.php?rest_route=%2Fwp%2Fv2%2Fpwb-brand&post=95816"},{"taxonomy":"product_cat","embeddable":true,"href":"https:\/\/www.autonvaraosahaku.fi\/index.php?rest_route=%2Fwp%2Fv2%2Fproduct_cat&post=95816"},{"taxonomy":"product_tag","embeddable":true,"href":"https:\/\/www.autonvaraosahaku.fi\/index.php?rest_route=%2Fwp%2Fv2%2Fproduct_tag&post=95816"}],"curies":[{"name":"wp","href":"https:\/\/api.w.org\/{rel}","templated":true}]}}