{"id":95833,"date":"2021-02-21T22:02:23","date_gmt":"2021-02-21T22:02:23","guid":{"rendered":"https:\/\/www.autonvaraosahaku.fi\/?product=meyle-514-323-0004-polttoainesuodatin"},"modified":"2021-02-21T22:02:25","modified_gmt":"2021-02-21T22:02:25","slug":"meyle-514-323-0004-polttoainesuodatin","status":"publish","type":"product","link":"https:\/\/www.autonvaraosahaku.fi\/?product=meyle-514-323-0004-polttoainesuodatin","title":{"rendered":"MEYLE 514 323 0004 Polttoainesuodatin"},"content":{"rendered":"<p>L\u00e4pimitta [mm]: 87; Suodatintyyppi: Letkusuodatin; Materiaali: Ter\u00e4s; Korkeus (mm): 193,5; lis\u00e4tieto: ORIGINAL Quality; Valmistusvuoteen: 04\/1992; VOLVO: V70 II SW,V70 I LV,850 Kombi LW,XC70 CROSS COUNTRY,C70 I Cabriolet,C70 I Coupe,850 LS,S70 LS; FORD: ESCORT VII GAL, AAL, ABL,ESCORT VII Kombi GAL, ANL,ESCORT VI GAL,ESCORT V Cabriolet ALL,TRANSIT Bus MK-4 E_ _,TRANSIT MK-4 Pritsche\/Fahrgestell E_ _,ESCORT V GAL,ESCORT VII Stufenheck GAL, AFL,TRANSIT MK-4 Kasten E_ _,ESCORT VI Stufenheck GAL,ESCORT V Kombi GAL, AVL,ESCORT &#8217;91 Express AVL,ORION III GAL; 6192187, 91AB9155AA, 30671182, 35074160, 9142658<\/p>\n","protected":false},"excerpt":{"rendered":"<p>MEYLE Polttoainesuodatin 514 323 0004  VOLVO,FORD,V70 II SW,V70 I LV,850 Kombi LW,XC70 CROSS COUNTRY,C70 I Cabriolet,C70 I Coupe,850 LS,S70 LS<\/p>\n","protected":false},"featured_media":0,"template":"","meta":{"site-sidebar-layout":"default","site-content-layout":"default","ast-global-header-display":"","ast-main-header-display":"","ast-hfb-above-header-display":"","ast-hfb-below-header-display":"","ast-hfb-mobile-header-display":"","site-post-title":"","ast-breadcrumbs-content":"","ast-featured-img":"","footer-sml-layout":"","theme-transparent-header-meta":"","adv-header-id-meta":"","stick-header-meta":"","header-above-stick-meta":"","header-main-stick-meta":"","header-below-stick-meta":""},"pwb-brand":[84],"product_cat":[29],"product_tag":[],"class_list":{"0":"post-95833","1":"product","2":"type-product","3":"status-publish","5":"pwb-brand-meyle","6":"product_cat-polttoainesuodatin","7":"desktop-align-left","8":"tablet-align-left","9":"mobile-align-left","11":"first","12":"instock","13":"product-type-external"},"brands":[{"id":84,"name":"MEYLE","slug":"meyle"}],"_links":{"self":[{"href":"https:\/\/www.autonvaraosahaku.fi\/index.php?rest_route=\/wp\/v2\/product\/95833","targetHints":{"allow":["GET"]}}],"collection":[{"href":"https:\/\/www.autonvaraosahaku.fi\/index.php?rest_route=\/wp\/v2\/product"}],"about":[{"href":"https:\/\/www.autonvaraosahaku.fi\/index.php?rest_route=\/wp\/v2\/types\/product"}],"wp:attachment":[{"href":"https:\/\/www.autonvaraosahaku.fi\/index.php?rest_route=%2Fwp%2Fv2%2Fmedia&parent=95833"}],"wp:term":[{"taxonomy":"pwb-brand","embeddable":true,"href":"https:\/\/www.autonvaraosahaku.fi\/index.php?rest_route=%2Fwp%2Fv2%2Fpwb-brand&post=95833"},{"taxonomy":"product_cat","embeddable":true,"href":"https:\/\/www.autonvaraosahaku.fi\/index.php?rest_route=%2Fwp%2Fv2%2Fproduct_cat&post=95833"},{"taxonomy":"product_tag","embeddable":true,"href":"https:\/\/www.autonvaraosahaku.fi\/index.php?rest_route=%2Fwp%2Fv2%2Fproduct_tag&post=95833"}],"curies":[{"name":"wp","href":"https:\/\/api.w.org\/{rel}","templated":true}]}}