{"id":95843,"date":"2021-02-21T22:02:23","date_gmt":"2021-02-21T22:02:23","guid":{"rendered":"https:\/\/www.autonvaraosahaku.fi\/?product=hella-8tw-005-206-011-pissapojan-pumppu"},"modified":"2021-02-21T22:02:29","modified_gmt":"2021-02-21T22:02:29","slug":"hella-8tw-005-206-011-pissapojan-pumppu","status":"publish","type":"product","link":"https:\/\/www.autonvaraosahaku.fi\/?product=hella-8tw-005-206-011-pissapojan-pumppu","title":{"rendered":"HELLA 8TW 005 206-011 Pissapojan pumppu"},"content":{"rendered":"<p>K\u00e4ytt\u00f6: S\u00e4hk\u00f6inen; Nimellisj\u00e4nnite (V): 12; Paine (bar): 2; Painejohdinliittimen l\u00e4pimitta [mm]: 6; Imuputken liittimen l\u00e4pimitta [mm]: 7; Siirtom\u00e4\u00e4r\u00e4 (l\/h): 60; Kopan l\u00e4pimitta (mm): 35; Pumpputyyppi: Kaksoispumppu; Valmistusvuoteen: 12\/2012; MERCEDES-BENZ: G-CLASS W463,G-CLASS W460,G-CLASS W461,G-CLASS Cabrio W463; OPEL: CORSA B 73_, 78_, 79_,ASTRA F CC 53_, 54_, 58_, 59_,OMEGA B Caravan 21_, 22_, 23_,ASTRA F Caravan 51_, 52_,CALIBRA A 85_,ASTRA F 56_, 57_,KADETT E CC 33_, 34_, 43_, 44_,TIGRA 95_,CORSA A CC 93_, 94_, 98_, 99_,VECTRA A CC 88_, 89_,KADETT E Cabriolet 43B_,ASTRA F CLASSIC CC,CORSA A TR 91_, 92_, 96_, 97_,ASTRA F CLASSIC Stufenheck,ASTRA F CLASSIC Caravan,KADETT E 39_, 49_,CORSA B Kasten 73_,KADETT E Caravan 35_, 36_, 45_, 46_,CORSA B Kombi F35,ASTRA F Van 55_,CORSA A Kasten,KADETT E Kasten 37_, 47_,KADETT E Combo 38_, 48_; FIAT: GRANDE PUNTO 199,PUNTO 188,PANDA 169,STILO 192,PUNTO EVO 199,DOBLO Cargo 223,PUNTO 176,STILO Multi Wagon 192,DOBLO 119,DOBLO Kasten\/Kombi 263,PANDA Van 169,IDEA,COUPE FA\/175,MULTIPLA 186,DOBLO Gro\u00dfraumlimousine 152, 263,PUNTO Van 188AX,BRAVO I 182,BRAVA 182,PUNTO Cabriolet 176C,MAREA Weekend 185,PALIO Weekend 178DX,PUNTO Van 199,TIPO 160,DOBLO Pritsche\/Fahrgestell 263,MAREA 185,TEMPRA 159,PUNTO Van 176L,TEMPRA S.W. 159,PALIO 178BX,GRANDE PUNTO Van 199_,PUNTO EVO Van 199_; ALFA ROMEO: 147 937,156 Sportwagon 932,156 932,145 930,146 930; LANCIA: Y 840A,MUSA 350,LYBRA SW 839BX,LYBRA 839AX,DELTA II 836,DEDRA 835,Y10 156,DEDRA SW 835; ABARTH: PUNTO EVO 199_; PUCH: G-MODELL W 460,G-MODELL W 461,G-MODELL W 463; VAUXHALL: CALIBRA,ASTRA Mk III F CC,CORSA Mk I B,OMEGA B,ASTRA Mk II CC,ASTRA Mk III F Estate,CAVALIER Mk III CC,TIGRA Mk I F07,OMEGA B Estate,NOVA CC; 46797755, 60810096, 7682336, 46797755, 60810096, 71719636, 7682336, 46797755, 60810096, 7682336, 0008602226, A0008602226, 1450162, 1450175, 90226561, 90492357, 0008602226, 1450162, 1450175, 90226561; Pesurin Pumppu,Lasinpesurin Pumppu,Pesunestepumppu, Lasinpesu<\/p>\n","protected":false},"excerpt":{"rendered":"<p>HELLA Pissapojan Pumppu 8TW 005 206-011 Pesurin Pumppu,Lasinpesurin Pumppu MERCEDES-BENZ,OPEL,FIAT,G-CLASS W463,G-CLASS W460,G-CLASS W461<\/p>\n","protected":false},"featured_media":0,"template":"","meta":{"site-sidebar-layout":"default","site-content-layout":"default","ast-global-header-display":"","ast-main-header-display":"","ast-hfb-above-header-display":"","ast-hfb-below-header-display":"","ast-hfb-mobile-header-display":"","site-post-title":"","ast-breadcrumbs-content":"","ast-featured-img":"","footer-sml-layout":"","theme-transparent-header-meta":"","adv-header-id-meta":"","stick-header-meta":"","header-above-stick-meta":"","header-main-stick-meta":"","header-below-stick-meta":""},"pwb-brand":[24],"product_cat":[182],"product_tag":[],"class_list":{"0":"post-95843","1":"product","2":"type-product","3":"status-publish","5":"pwb-brand-hella","6":"product_cat-pissapojan-pumppu","7":"desktop-align-left","8":"tablet-align-left","9":"mobile-align-left","11":"first","12":"instock","13":"product-type-external"},"brands":[{"id":24,"name":"HELLA","slug":"hella"}],"_links":{"self":[{"href":"https:\/\/www.autonvaraosahaku.fi\/index.php?rest_route=\/wp\/v2\/product\/95843","targetHints":{"allow":["GET"]}}],"collection":[{"href":"https:\/\/www.autonvaraosahaku.fi\/index.php?rest_route=\/wp\/v2\/product"}],"about":[{"href":"https:\/\/www.autonvaraosahaku.fi\/index.php?rest_route=\/wp\/v2\/types\/product"}],"wp:attachment":[{"href":"https:\/\/www.autonvaraosahaku.fi\/index.php?rest_route=%2Fwp%2Fv2%2Fmedia&parent=95843"}],"wp:term":[{"taxonomy":"pwb-brand","embeddable":true,"href":"https:\/\/www.autonvaraosahaku.fi\/index.php?rest_route=%2Fwp%2Fv2%2Fpwb-brand&post=95843"},{"taxonomy":"product_cat","embeddable":true,"href":"https:\/\/www.autonvaraosahaku.fi\/index.php?rest_route=%2Fwp%2Fv2%2Fproduct_cat&post=95843"},{"taxonomy":"product_tag","embeddable":true,"href":"https:\/\/www.autonvaraosahaku.fi\/index.php?rest_route=%2Fwp%2Fv2%2Fproduct_tag&post=95843"}],"curies":[{"name":"wp","href":"https:\/\/api.w.org\/{rel}","templated":true}]}}