{"id":95844,"date":"2021-02-21T22:02:23","date_gmt":"2021-02-21T22:02:23","guid":{"rendered":"https:\/\/www.autonvaraosahaku.fi\/?product=hella-1el-008-340-071-ajovaloumpio"},"modified":"2021-02-21T22:02:29","modified_gmt":"2021-02-21T22:02:29","slug":"hella-1el-008-340-071-ajovaloumpio","status":"publish","type":"product","link":"https:\/\/www.autonvaraosahaku.fi\/?product=hella-1el-008-340-071-ajovaloumpio","title":{"rendered":"HELLA 1EL 008 340-071 Ajovaloumpio"},"content":{"rendered":"<p>Asennuspuoli: Vasen; Viite: 12,5; Korvaava tuote\/korvaava tiedote 2: Valokorkeuss\u00e4\u00e4timen moottorilla, ilman kaasupurkauspolttimoa, ilman esivastusta; Lis\u00e4tarvike\/lis\u00e4tieto: Ilman polttimoa; Lyhdyn muoto: Bi-xenon, Halogeeni; Tarkistuskilpi: E1 1202, ECE, CCC; Nimellisj\u00e4nnite (V): 12; Lyhtytoimintojen m\u00e4\u00e4r\u00e4: 4; Vilkun v\u00e4ri: Valkoinen; Lamppumalli: D2S\/H7, D2S (kaasupurkauslamppu), W5W, H7; Valotoiminto: puolivalolla, vilkkuvalolla, kaukovalolla, pys\u00e4k\u00f6intivalolla; Vasen \/ oikea liikenne: Oikeanpuoleiselle liikenteelle; parilliset tuotenumerot: 1EL 008 340-081; VW: PASSAT Variant 3B6,PASSAT 3B3; 3B7941017F, 3B7941017M; Ajovalot,Etuvalot,Ajovalo<\/p>\n","protected":false},"excerpt":{"rendered":"<p>HELLA Ajovaloumpio 1EL 008 340-071 Ajovalot,Etuvalot VW,PASSAT Variant 3B6,PASSAT 3B3<\/p>\n","protected":false},"featured_media":0,"template":"","meta":{"site-sidebar-layout":"default","site-content-layout":"default","ast-global-header-display":"","ast-main-header-display":"","ast-hfb-above-header-display":"","ast-hfb-below-header-display":"","ast-hfb-mobile-header-display":"","site-post-title":"","ast-breadcrumbs-content":"","ast-featured-img":"","footer-sml-layout":"","theme-transparent-header-meta":"","adv-header-id-meta":"","stick-header-meta":"","header-above-stick-meta":"","header-main-stick-meta":"","header-below-stick-meta":""},"pwb-brand":[24],"product_cat":[185],"product_tag":[],"class_list":{"0":"post-95844","1":"product","2":"type-product","3":"status-publish","5":"pwb-brand-hella","6":"product_cat-ajovaloumpio","7":"desktop-align-left","8":"tablet-align-left","9":"mobile-align-left","11":"first","12":"instock","13":"product-type-external"},"brands":[{"id":24,"name":"HELLA","slug":"hella"}],"_links":{"self":[{"href":"https:\/\/www.autonvaraosahaku.fi\/index.php?rest_route=\/wp\/v2\/product\/95844","targetHints":{"allow":["GET"]}}],"collection":[{"href":"https:\/\/www.autonvaraosahaku.fi\/index.php?rest_route=\/wp\/v2\/product"}],"about":[{"href":"https:\/\/www.autonvaraosahaku.fi\/index.php?rest_route=\/wp\/v2\/types\/product"}],"wp:attachment":[{"href":"https:\/\/www.autonvaraosahaku.fi\/index.php?rest_route=%2Fwp%2Fv2%2Fmedia&parent=95844"}],"wp:term":[{"taxonomy":"pwb-brand","embeddable":true,"href":"https:\/\/www.autonvaraosahaku.fi\/index.php?rest_route=%2Fwp%2Fv2%2Fpwb-brand&post=95844"},{"taxonomy":"product_cat","embeddable":true,"href":"https:\/\/www.autonvaraosahaku.fi\/index.php?rest_route=%2Fwp%2Fv2%2Fproduct_cat&post=95844"},{"taxonomy":"product_tag","embeddable":true,"href":"https:\/\/www.autonvaraosahaku.fi\/index.php?rest_route=%2Fwp%2Fv2%2Fproduct_tag&post=95844"}],"curies":[{"name":"wp","href":"https:\/\/api.w.org\/{rel}","templated":true}]}}