{"id":95857,"date":"2021-02-21T22:02:32","date_gmt":"2021-02-21T22:02:32","guid":{"rendered":"https:\/\/www.autonvaraosahaku.fi\/?product=hella-6zf-008-621-141-peruutusvalon-kytkin"},"modified":"2021-02-21T22:02:35","modified_gmt":"2021-02-21T22:02:35","slug":"hella-6zf-008-621-141-peruutusvalon-kytkin","status":"publish","type":"product","link":"https:\/\/www.autonvaraosahaku.fi\/?product=hella-6zf-008-621-141-peruutusvalon-kytkin","title":{"rendered":"HELLA 6ZF 008 621-141 Peruutusvalon kytkin"},"content":{"rendered":"<p>Asennusmalli: Poltti\/ruuvi; Nimellisj\u00e4nnite (V): 12; Liittimi\u00e4: 2; K\u00e4ytt\u00f6: S\u00e4hk\u00f6inen; Varusteet: Ajoneuvoihin, joissa valintavaijeri; Vaihteistomalli: K\u00e4sivaihteisto, 5-portainen; Kierremitta: M12x1,5; Yhdistelm\u00e4kytkintoiminto: Sulkija; Avainv\u00e4li: 21; Alustanumerosta: 80-1000-001; VW: TRANSPORTER IV Bus 70XB, 70XC, 7DB, 7DW,LUPO 6X1, 6E1,GOLF III 1H1,POLO 6N1,GOLF II 19E, 1G1,GOLF I Cabriolet 155,GOLF III Cabriolet 1E7,TRANSPORTER IV Kasten 70XA,GOLF Mk III Cabriolet 1E7,GOLF III Variant 1H5,POLO 86C, 80,POLO Coupe 86C, 80,CADDY II Kasten 9K9A,TRANSPORTER IV Pritsche\/Fahrgestell 70XD,POLO Variant 6KV5,POLO CLASSIC 6KV2,SCIROCCO 53B,VENTO 1H2,CADDY I 14,JETTA II 19E, 1G2, 165; SEAT: AROSA 6H,IBIZA II 6K1,CORDOBA 6K1, 6K2,CORDOBA Vario 6K1,TOLEDO I 1L,INCA 6K9; UMB10003, 002945415A, 002945415B, 005566119, 020945415A, 5566119, 002945415B, 005566119, 5566119, 002945415A, 002945415B, 005566119, 020945415A; Peruutusvalokytkin,Kytkin, Peruutusvalo<\/p>\n","protected":false},"excerpt":{"rendered":"<p>HELLA Peruutusvalon Kytkin 6ZF 008 621-141 Peruutusvalokytkin,Kytkin, Peruutusvalo VW,SEAT,TRANSPORTER IV Bus 70XB, 70XC, 7DB, 7DW,LUPO 6X1, 6E1<\/p>\n","protected":false},"featured_media":0,"template":"","meta":{"site-sidebar-layout":"default","site-content-layout":"default","ast-global-header-display":"","ast-main-header-display":"","ast-hfb-above-header-display":"","ast-hfb-below-header-display":"","ast-hfb-mobile-header-display":"","site-post-title":"","ast-breadcrumbs-content":"","ast-featured-img":"","footer-sml-layout":"","theme-transparent-header-meta":"","adv-header-id-meta":"","stick-header-meta":"","header-above-stick-meta":"","header-main-stick-meta":"","header-below-stick-meta":""},"pwb-brand":[24],"product_cat":[116],"product_tag":[],"class_list":{"0":"post-95857","1":"product","2":"type-product","3":"status-publish","5":"pwb-brand-hella","6":"product_cat-peruutusvalon-kytkin","7":"desktop-align-left","8":"tablet-align-left","9":"mobile-align-left","11":"first","12":"instock","13":"product-type-external"},"brands":[{"id":24,"name":"HELLA","slug":"hella"}],"_links":{"self":[{"href":"https:\/\/www.autonvaraosahaku.fi\/index.php?rest_route=\/wp\/v2\/product\/95857","targetHints":{"allow":["GET"]}}],"collection":[{"href":"https:\/\/www.autonvaraosahaku.fi\/index.php?rest_route=\/wp\/v2\/product"}],"about":[{"href":"https:\/\/www.autonvaraosahaku.fi\/index.php?rest_route=\/wp\/v2\/types\/product"}],"wp:attachment":[{"href":"https:\/\/www.autonvaraosahaku.fi\/index.php?rest_route=%2Fwp%2Fv2%2Fmedia&parent=95857"}],"wp:term":[{"taxonomy":"pwb-brand","embeddable":true,"href":"https:\/\/www.autonvaraosahaku.fi\/index.php?rest_route=%2Fwp%2Fv2%2Fpwb-brand&post=95857"},{"taxonomy":"product_cat","embeddable":true,"href":"https:\/\/www.autonvaraosahaku.fi\/index.php?rest_route=%2Fwp%2Fv2%2Fproduct_cat&post=95857"},{"taxonomy":"product_tag","embeddable":true,"href":"https:\/\/www.autonvaraosahaku.fi\/index.php?rest_route=%2Fwp%2Fv2%2Fproduct_tag&post=95857"}],"curies":[{"name":"wp","href":"https:\/\/api.w.org\/{rel}","templated":true}]}}