{"id":95869,"date":"2021-02-21T22:02:32","date_gmt":"2021-02-21T22:02:32","guid":{"rendered":"https:\/\/www.autonvaraosahaku.fi\/?product=febi-bilstein-32509-oljynsuodatin"},"modified":"2021-02-21T22:02:40","modified_gmt":"2021-02-21T22:02:40","slug":"febi-bilstein-32509-oljynsuodatin","status":"publish","type":"product","link":"https:\/\/www.autonvaraosahaku.fi\/?product=febi-bilstein-32509-oljynsuodatin","title":{"rendered":"FEBI BILSTEIN 32509 \u00d6ljynsuodatin"},"content":{"rendered":"<p>Suodatintyyppi: Ruuvattava suodatin, Ruuvattava suodatin; Korkeus (mm): 101; Ulkol\u00e4pimitta [mm]: 79,0; Sis\u00e4kierre (mm): M20 x 1,5; Tiivisteen l\u00e4pimitta [mm]: 71,3; Paino [kg]: 0,350; Kierremitta: M20 x 1,5; Huomioi tekniset tiedot: ; LANCIA: Y 840A,LYBRA SW 839BX,LYBRA 839AX,DELTA II 836,DEDRA 835,Y10 156,DEDRA SW 835; FIAT: PUNTO 188,STILO 192,DOBLO Cargo 223,PUNTO 176,STILO Multi Wagon 192,DOBLO 119,PANDA 141A_,STRADA Pick-up 178E,MULTIPLA 186,PUNTO Van 188AX,BRAVO I 182,BRAVA 182,PUNTO Cabriolet 176C,SCUDO Kasten 220L,MAREA Weekend 185,UNO 146A\/E,SCUDO Combinato 220P,PALIO Weekend 178DX,FIORINO Kasten 146,PANDA Van 141_,MAREA 185,TEMPRA 159,PUNTO Van 176L,TEMPRA S.W. 159,FIORINO Pick up 146,PALIO 178BX,UNO 146 A\/E,SIENA 178_,ELBA 146_,SCUDO Pritsche\/Fahrgestell 220_; CITRO\u00cbN: JUMPY U6U,JUMPY Kasten BS_, BT_, BY_, BZ_; PEUGEOT: EXPERT Kasten 222,EXPERT 224,EXPERT Pritsche\/Fahrgestell 223; 1109K8, 1608076280, 5973928, 5984044, 71736157, 71753738, 71754569, 71771360, 71771762, 5973928, 5984044, 71736157, 71753738, 71754569, 71771360, 71771762, 1109K9, 1608076280<\/p>\n","protected":false},"excerpt":{"rendered":"<p>FEBI BILSTEIN \u00d6ljynsuodatin 32509  LANCIA,FIAT,CITRO\u00cbN,Y 840A,LYBRA SW 839BX,LYBRA 839AX,DELTA II 836,DEDRA 835,Y10 156,DEDRA SW 835,PUNTO 188<\/p>\n","protected":false},"featured_media":0,"template":"","meta":{"site-sidebar-layout":"default","site-content-layout":"default","ast-global-header-display":"","ast-main-header-display":"","ast-hfb-above-header-display":"","ast-hfb-below-header-display":"","ast-hfb-mobile-header-display":"","site-post-title":"","ast-breadcrumbs-content":"","ast-featured-img":"","footer-sml-layout":"","theme-transparent-header-meta":"","adv-header-id-meta":"","stick-header-meta":"","header-above-stick-meta":"","header-main-stick-meta":"","header-below-stick-meta":""},"pwb-brand":[50],"product_cat":[30],"product_tag":[],"class_list":{"0":"post-95869","1":"product","2":"type-product","3":"status-publish","5":"pwb-brand-febi-bilstein","6":"product_cat-oljynsuodatin","7":"desktop-align-left","8":"tablet-align-left","9":"mobile-align-left","11":"first","12":"instock","13":"product-type-external"},"brands":[{"id":50,"name":"FEBI BILSTEIN","slug":"febi-bilstein"}],"_links":{"self":[{"href":"https:\/\/www.autonvaraosahaku.fi\/index.php?rest_route=\/wp\/v2\/product\/95869","targetHints":{"allow":["GET"]}}],"collection":[{"href":"https:\/\/www.autonvaraosahaku.fi\/index.php?rest_route=\/wp\/v2\/product"}],"about":[{"href":"https:\/\/www.autonvaraosahaku.fi\/index.php?rest_route=\/wp\/v2\/types\/product"}],"wp:attachment":[{"href":"https:\/\/www.autonvaraosahaku.fi\/index.php?rest_route=%2Fwp%2Fv2%2Fmedia&parent=95869"}],"wp:term":[{"taxonomy":"pwb-brand","embeddable":true,"href":"https:\/\/www.autonvaraosahaku.fi\/index.php?rest_route=%2Fwp%2Fv2%2Fpwb-brand&post=95869"},{"taxonomy":"product_cat","embeddable":true,"href":"https:\/\/www.autonvaraosahaku.fi\/index.php?rest_route=%2Fwp%2Fv2%2Fproduct_cat&post=95869"},{"taxonomy":"product_tag","embeddable":true,"href":"https:\/\/www.autonvaraosahaku.fi\/index.php?rest_route=%2Fwp%2Fv2%2Fproduct_tag&post=95869"}],"curies":[{"name":"wp","href":"https:\/\/api.w.org\/{rel}","templated":true}]}}