{"id":95870,"date":"2021-02-21T22:02:41","date_gmt":"2021-02-21T22:02:41","guid":{"rendered":"https:\/\/www.autonvaraosahaku.fi\/?product=hella-4rv-008-188-171-ohjainlaite-lammitys-tuuletus"},"modified":"2021-02-21T22:02:41","modified_gmt":"2021-02-21T22:02:41","slug":"hella-4rv-008-188-171-ohjainlaite-lammitys-tuuletus","status":"publish","type":"product","link":"https:\/\/www.autonvaraosahaku.fi\/?product=hella-4rv-008-188-171-ohjainlaite-lammitys-tuuletus","title":{"rendered":"HELLA 4RV 008 188-171 Ohjainlaite l\u00e4mmitys tuuletus"},"content":{"rendered":"<p>Lis\u00e4tarvike\/lis\u00e4tieto: ulkoisella l\u00e4mp\u00f6tilanvalvonnalla; Nimellisj\u00e4nnite (V): 12; Hehkutulppatyyppi: j\u00e4lkihehkutuksenkest\u00e4v\u00e4; Napojen m\u00e4\u00e4r\u00e4: 7; Esihehkutusaika [sek.]: 8; Valmistusvuosi alkaen: 08\/1980; VW: TRANSPORTER IV Bus 70XB, 70XC, 7DB, 7DW,GOLF II 19E, 1G1,PASSAT Variant 3A5, 35I,TRANSPORTER IV Kasten 70XA,TRANSPORTER III Bus,POLO 86C, 80,POLO Coupe 86C, 80,PASSAT 3A2, 35I,TRANSPORTER IV Pritsche\/Fahrgestell 70XD,LT 28-35 I Kasten 281-363,GOLF I 17,LT 28-35 I Bus 281-363,CADDY I 14,JETTA II 19E, 1G2, 165,PASSAT Variant 32B,TRANSPORTER III Kasten,POLO CLASSIC 86C, 80,LT 28-35 I Pritsche\/Fahrgestell 281-363,TRANSPORTER III Pritsche\/Fahrgestell,PASSAT 32B,LT 40-55 I Pritsche\/Fahrgestell 293-909,JETTA I 16,PASSAT 32,LT 40-55 I Kasten 291-512,PASSAT Stufenheck 32B,PASSAT Variant 33; AUDI: 80 89, 89Q, 8A, B3,100 4A, C4,100 44, 44Q, C3,80 81, 85, B2,100 Avant 4A, C4,100 Avant 44, 44Q, C3,90 81, 85, B2,100 43, C2,100 Avant 43, C2; 171911261, 171911261A, 171911261B, 171911261C, 171911261D, 171911261E, 321911261, 443911261, 443911261A, 68905061, 867911261, 893911261, N0190971, N0191002, 068905061, 171911261, 171911261A, 171911261B, 171911261C, 171911261D, 171911261E, 321911261, 443911261, 443911261A, 867911261, 893911261, N0190971, N0191002<\/p>\n","protected":false},"excerpt":{"rendered":"<p>HELLA Ohjainlaite, Hehkutusj\u00e4rjest. 4RV 008 188-171  VW,AUDI,TRANSPORTER IV Bus 70XB, 70XC, 7DB, 7DW,GOLF II 19E, 1G1,PASSAT Variant 3A5, 35I<\/p>\n","protected":false},"featured_media":0,"template":"","meta":{"site-sidebar-layout":"default","site-content-layout":"default","ast-global-header-display":"","ast-main-header-display":"","ast-hfb-above-header-display":"","ast-hfb-below-header-display":"","ast-hfb-mobile-header-display":"","site-post-title":"","ast-breadcrumbs-content":"","ast-featured-img":"","footer-sml-layout":"","theme-transparent-header-meta":"","adv-header-id-meta":"","stick-header-meta":"","header-above-stick-meta":"","header-main-stick-meta":"","header-below-stick-meta":""},"pwb-brand":[24],"product_cat":[262],"product_tag":[],"class_list":{"0":"post-95870","1":"product","2":"type-product","3":"status-publish","5":"pwb-brand-hella","6":"product_cat-ohjainlaite-lammitys-tuuletus","7":"desktop-align-left","8":"tablet-align-left","9":"mobile-align-left","11":"first","12":"instock","13":"product-type-external"},"brands":[{"id":24,"name":"HELLA","slug":"hella"}],"_links":{"self":[{"href":"https:\/\/www.autonvaraosahaku.fi\/index.php?rest_route=\/wp\/v2\/product\/95870","targetHints":{"allow":["GET"]}}],"collection":[{"href":"https:\/\/www.autonvaraosahaku.fi\/index.php?rest_route=\/wp\/v2\/product"}],"about":[{"href":"https:\/\/www.autonvaraosahaku.fi\/index.php?rest_route=\/wp\/v2\/types\/product"}],"wp:attachment":[{"href":"https:\/\/www.autonvaraosahaku.fi\/index.php?rest_route=%2Fwp%2Fv2%2Fmedia&parent=95870"}],"wp:term":[{"taxonomy":"pwb-brand","embeddable":true,"href":"https:\/\/www.autonvaraosahaku.fi\/index.php?rest_route=%2Fwp%2Fv2%2Fpwb-brand&post=95870"},{"taxonomy":"product_cat","embeddable":true,"href":"https:\/\/www.autonvaraosahaku.fi\/index.php?rest_route=%2Fwp%2Fv2%2Fproduct_cat&post=95870"},{"taxonomy":"product_tag","embeddable":true,"href":"https:\/\/www.autonvaraosahaku.fi\/index.php?rest_route=%2Fwp%2Fv2%2Fproduct_tag&post=95870"}],"curies":[{"name":"wp","href":"https:\/\/api.w.org\/{rel}","templated":true}]}}