{"id":95873,"date":"2021-02-21T22:02:41","date_gmt":"2021-02-21T22:02:41","guid":{"rendered":"https:\/\/www.autonvaraosahaku.fi\/?product=hella-4rv-008-188-091-ohjainlaite-lammitys-tuuletus"},"modified":"2021-02-21T22:02:42","modified_gmt":"2021-02-21T22:02:42","slug":"hella-4rv-008-188-091-ohjainlaite-lammitys-tuuletus","status":"publish","type":"product","link":"https:\/\/www.autonvaraosahaku.fi\/?product=hella-4rv-008-188-091-ohjainlaite-lammitys-tuuletus","title":{"rendered":"HELLA 4RV 008 188-091 Ohjainlaite l\u00e4mmitys tuuletus"},"content":{"rendered":"<p>Korvaava tuote\/korvaava tiedote 2: ilman j\u00e4lkihehkutusaikaa; Lis\u00e4tarvike\/lis\u00e4tieto: ilman ulkoista l\u00e4mp\u00f6tilanvalvontaa; Nimellisj\u00e4nnite (V): 12; Napojen m\u00e4\u00e4r\u00e4: 6; Esihehkutusaika [sek.]: 8; Valmistusvuosi alkaen: 05\/1981; SEAT: IBIZA I 021A,MALAGA 023A,131,RONDA 022A; FIAT: DUCATO Pritsche\/Fahrgestell 230,DUCATO Bus 230,DUCATO Kasten 290,DUCATO Pritsche\/Fahrgestell 290,DUCATO Kasten 230L,DUCATO Kasten 280,DUCATO Pritsche\/Fahrgestell 280,DUCATO Panorama 280,DUCATO Panorama 290,CROMA 154,131,ARGENTA 132A,131 Familiare\/Panorama; CITRO\u00cbN: AX ZA-_,BX XB-_,C25 Bus 280_, 290_,BX Break XB-_,C15 VD-_; PEUGEOT: 205 II 20A\/C,J5 Pritsche\/Fahrgestell 290L,J5 Bus 290P,309 II 3C, 3A,205 I 741A\/C,J5 Kasten 290L,405 I 15B,605 6B,405 II 4B,504 A_, M_,309 I 10C, 10A,505 551A,405 I Break 15E,305 II 581M,505 Break 551D,604 561A_,504 Break D_, F_,305 II Break 581E,305 I 581A,305 I Break 581D; RENAULT: 25 B29_,30 127_,FUEGO 136_,20 127_; TALBOT: HORIZON,TAGORA; 598111, 598115, 91515869, 9151586980, 92515867, 9251586780, 92515869, 9251586980, 05990986, 4792112, 7745999, 4792112, 5946920, 5990986, 7745999, 04792112, 9462703, 598111, 598115, 9151586980, 9251586780, 9251586980, PRC5020, 0581CR01, 0581CR1, 9151586980, 9251586780, 9251586980<\/p>\n","protected":false},"excerpt":{"rendered":"<p>HELLA Ohjainlaite, Hehkutusj\u00e4rjest. 4RV 008 188-091  SEAT,FIAT,CITRO\u00cbN,IBIZA I 021A,MALAGA 023A,131,RONDA 022A,DUCATO Pritsche\/Fahrgestell 230<\/p>\n","protected":false},"featured_media":0,"template":"","meta":{"site-sidebar-layout":"default","site-content-layout":"default","ast-global-header-display":"","ast-main-header-display":"","ast-hfb-above-header-display":"","ast-hfb-below-header-display":"","ast-hfb-mobile-header-display":"","site-post-title":"","ast-breadcrumbs-content":"","ast-featured-img":"","footer-sml-layout":"","theme-transparent-header-meta":"","adv-header-id-meta":"","stick-header-meta":"","header-above-stick-meta":"","header-main-stick-meta":"","header-below-stick-meta":""},"pwb-brand":[24],"product_cat":[262],"product_tag":[],"class_list":{"0":"post-95873","1":"product","2":"type-product","3":"status-publish","5":"pwb-brand-hella","6":"product_cat-ohjainlaite-lammitys-tuuletus","7":"desktop-align-left","8":"tablet-align-left","9":"mobile-align-left","11":"first","12":"instock","13":"product-type-external"},"brands":[{"id":24,"name":"HELLA","slug":"hella"}],"_links":{"self":[{"href":"https:\/\/www.autonvaraosahaku.fi\/index.php?rest_route=\/wp\/v2\/product\/95873","targetHints":{"allow":["GET"]}}],"collection":[{"href":"https:\/\/www.autonvaraosahaku.fi\/index.php?rest_route=\/wp\/v2\/product"}],"about":[{"href":"https:\/\/www.autonvaraosahaku.fi\/index.php?rest_route=\/wp\/v2\/types\/product"}],"wp:attachment":[{"href":"https:\/\/www.autonvaraosahaku.fi\/index.php?rest_route=%2Fwp%2Fv2%2Fmedia&parent=95873"}],"wp:term":[{"taxonomy":"pwb-brand","embeddable":true,"href":"https:\/\/www.autonvaraosahaku.fi\/index.php?rest_route=%2Fwp%2Fv2%2Fpwb-brand&post=95873"},{"taxonomy":"product_cat","embeddable":true,"href":"https:\/\/www.autonvaraosahaku.fi\/index.php?rest_route=%2Fwp%2Fv2%2Fproduct_cat&post=95873"},{"taxonomy":"product_tag","embeddable":true,"href":"https:\/\/www.autonvaraosahaku.fi\/index.php?rest_route=%2Fwp%2Fv2%2Fproduct_tag&post=95873"}],"curies":[{"name":"wp","href":"https:\/\/api.w.org\/{rel}","templated":true}]}}