{"id":95876,"date":"2021-02-21T22:02:41","date_gmt":"2021-02-21T22:02:41","guid":{"rendered":"https:\/\/www.autonvaraosahaku.fi\/?product=hella-2tj-001-633-211-lisajarruvalo"},"modified":"2021-02-21T22:02:43","modified_gmt":"2021-02-21T22:02:43","slug":"hella-2tj-001-633-211-lisajarruvalo","status":"publish","type":"product","link":"https:\/\/www.autonvaraosahaku.fi\/?product=hella-2tj-001-633-211-lisajarruvalo","title":{"rendered":"HELLA 2TJ 001 633-211 Lis\u00e4jarruvalo"},"content":{"rendered":"<p>Asennusmalli: Pinta-asennus; Asennuspuoli: Vasen, Yl\u00e4puolella, Oikea; Korvaava tuote\/korvaava tiedote 2: ilman polttimoita; Lis\u00e4tarvike\/lis\u00e4tieto: Lampun kannalla; Tarkistuskilpi: E1 11553, E1 11554, E1 11786, E1 31416, ECE; Nimellisj\u00e4nnite (V): 24; Lyhtytoimintojen m\u00e4\u00e4r\u00e4: 2; V\u00e4ri: Musta; Lamppumalli: C5W; Valotoiminto: pys\u00e4k\u00f6intivalolla, Takavalolla; Lasin v\u00e4ri: Lasinkirkas, Punainen; MERCEDES-BENZ: AGL (RoundNose),LP; STEYR: 1291-Serie,1491-Serie,791-Serie,891-Serie,991-Serie; JOHN DEERE: Series 6020,Series 7030; 1212127, V1C4415K490AA, 920169, 92016900, 81252606029, 0008209456, 0018200056, 6235658, A0008209456, A0018200056, 16104720011, X842070990013<\/p>\n","protected":false},"excerpt":{"rendered":"<p>HELLA \u00c4\u00e4rivalo 2TJ 001 633-211  MERCEDES-BENZ,STEYR,JOHN DEERE,AGL (RoundNose),LP,1291-Serie,1491-Serie,791-Serie,891-Serie,991-Serie,Series 6020<\/p>\n","protected":false},"featured_media":0,"template":"","meta":{"site-sidebar-layout":"default","site-content-layout":"default","ast-global-header-display":"","ast-main-header-display":"","ast-hfb-above-header-display":"","ast-hfb-below-header-display":"","ast-hfb-mobile-header-display":"","site-post-title":"","ast-breadcrumbs-content":"","ast-featured-img":"","footer-sml-layout":"","theme-transparent-header-meta":"","adv-header-id-meta":"","stick-header-meta":"","header-above-stick-meta":"","header-main-stick-meta":"","header-below-stick-meta":""},"pwb-brand":[24],"product_cat":[76],"product_tag":[],"class_list":{"0":"post-95876","1":"product","2":"type-product","3":"status-publish","5":"pwb-brand-hella","6":"product_cat-lisajarruvalo","7":"desktop-align-left","8":"tablet-align-left","9":"mobile-align-left","11":"first","12":"instock","13":"product-type-external"},"brands":[{"id":24,"name":"HELLA","slug":"hella"}],"_links":{"self":[{"href":"https:\/\/www.autonvaraosahaku.fi\/index.php?rest_route=\/wp\/v2\/product\/95876","targetHints":{"allow":["GET"]}}],"collection":[{"href":"https:\/\/www.autonvaraosahaku.fi\/index.php?rest_route=\/wp\/v2\/product"}],"about":[{"href":"https:\/\/www.autonvaraosahaku.fi\/index.php?rest_route=\/wp\/v2\/types\/product"}],"wp:attachment":[{"href":"https:\/\/www.autonvaraosahaku.fi\/index.php?rest_route=%2Fwp%2Fv2%2Fmedia&parent=95876"}],"wp:term":[{"taxonomy":"pwb-brand","embeddable":true,"href":"https:\/\/www.autonvaraosahaku.fi\/index.php?rest_route=%2Fwp%2Fv2%2Fpwb-brand&post=95876"},{"taxonomy":"product_cat","embeddable":true,"href":"https:\/\/www.autonvaraosahaku.fi\/index.php?rest_route=%2Fwp%2Fv2%2Fproduct_cat&post=95876"},{"taxonomy":"product_tag","embeddable":true,"href":"https:\/\/www.autonvaraosahaku.fi\/index.php?rest_route=%2Fwp%2Fv2%2Fproduct_tag&post=95876"}],"curies":[{"name":"wp","href":"https:\/\/api.w.org\/{rel}","templated":true}]}}