{"id":95906,"date":"2021-02-21T22:02:49","date_gmt":"2021-02-21T22:02:49","guid":{"rendered":"https:\/\/www.autonvaraosahaku.fi\/?product=ate-13-0470-7194-2-jarrupalat"},"modified":"2021-02-21T22:02:55","modified_gmt":"2021-02-21T22:02:55","slug":"ate-13-0470-7194-2-jarrupalat","status":"publish","type":"product","link":"https:\/\/www.autonvaraosahaku.fi\/?product=ate-13-0470-7194-2-jarrupalat","title":{"rendered":"ATE 13.0470-7194.2 Jarrupalat"},"content":{"rendered":"<p>Leveys (mm): 123,0; Korkeus (mm): 52,0; Paksuus [mm]: 16,6; Kulumisenilmaisimen liitos: Ei kulumisenilmaisimelle, Ilman kulumisenilmaisinta; Huomioi asennusoohje: ; Jarruj\u00e4rjestelm\u00e4: ATE; Tarkistuskilpi: E9 90R-02A1242\/4463; MAPP-koodi saatavilla: ; M\u00e4\u00e4r\u00e4yksikk\u00f6: Akselisarja; Tuotelinja: Ceramic; Tuning: 1; Alustanumeroon: 76001222; SAAB: 9-3 YS3F,9-3 Kombi YS3F,9-3 Cabriolet YS3F,9-3 Cabriolet YS3D; OPEL: VECTRA C Caravan,SIGNUM,VECTRA C,VECTRA C GTS; FORD: TRANSIT CONNECT P65_, P70_, P80_,TOURNEO CONNECT; VAUXHALL: VECTRA Mk II C CC,VECTRA Mk II C Estate,VECTRA Mk II C,SIGNUM; 1360304, 1605117, 1605200, 1605973, 1605993, 93172190, 93176116, 93183140, 93192623, 12799240, 93183140, 1605117, 1605200, 1605973, 1605993, 93172190, 93176116, 93183140, 93192623; Jarrupalasarja,Jarrupala, Levyjarru<\/p>\n","protected":false},"excerpt":{"rendered":"<p>ATE Jarrupalat 13.0470-7194.2 Jarrupalasarja,Jarrupala, Levyjarru SAAB,OPEL,FORD,9-3 YS3F,9-3 Kombi YS3F,9-3 Cabriolet YS3F,9-3 Cabriolet YS3D<\/p>\n","protected":false},"featured_media":0,"template":"","meta":{"site-sidebar-layout":"default","site-content-layout":"default","ast-global-header-display":"","ast-main-header-display":"","ast-hfb-above-header-display":"","ast-hfb-below-header-display":"","ast-hfb-mobile-header-display":"","site-post-title":"","ast-breadcrumbs-content":"","ast-featured-img":"","footer-sml-layout":"","theme-transparent-header-meta":"","adv-header-id-meta":"","stick-header-meta":"","header-above-stick-meta":"","header-main-stick-meta":"","header-below-stick-meta":""},"pwb-brand":[108],"product_cat":[100],"product_tag":[],"class_list":{"0":"post-95906","1":"product","2":"type-product","3":"status-publish","5":"pwb-brand-ate","6":"product_cat-jarrupalat","7":"desktop-align-left","8":"tablet-align-left","9":"mobile-align-left","11":"first","12":"instock","13":"product-type-external"},"brands":[{"id":108,"name":"ATE","slug":"ate"}],"_links":{"self":[{"href":"https:\/\/www.autonvaraosahaku.fi\/index.php?rest_route=\/wp\/v2\/product\/95906","targetHints":{"allow":["GET"]}}],"collection":[{"href":"https:\/\/www.autonvaraosahaku.fi\/index.php?rest_route=\/wp\/v2\/product"}],"about":[{"href":"https:\/\/www.autonvaraosahaku.fi\/index.php?rest_route=\/wp\/v2\/types\/product"}],"wp:attachment":[{"href":"https:\/\/www.autonvaraosahaku.fi\/index.php?rest_route=%2Fwp%2Fv2%2Fmedia&parent=95906"}],"wp:term":[{"taxonomy":"pwb-brand","embeddable":true,"href":"https:\/\/www.autonvaraosahaku.fi\/index.php?rest_route=%2Fwp%2Fv2%2Fpwb-brand&post=95906"},{"taxonomy":"product_cat","embeddable":true,"href":"https:\/\/www.autonvaraosahaku.fi\/index.php?rest_route=%2Fwp%2Fv2%2Fproduct_cat&post=95906"},{"taxonomy":"product_tag","embeddable":true,"href":"https:\/\/www.autonvaraosahaku.fi\/index.php?rest_route=%2Fwp%2Fv2%2Fproduct_tag&post=95906"}],"curies":[{"name":"wp","href":"https:\/\/api.w.org\/{rel}","templated":true}]}}