{"id":95921,"date":"2021-02-21T22:02:58","date_gmt":"2021-02-21T22:02:58","guid":{"rendered":"https:\/\/www.autonvaraosahaku.fi\/?product=ate-13-0460-5769-2-jarrupalat"},"modified":"2021-02-21T22:03:02","modified_gmt":"2021-02-21T22:03:02","slug":"ate-13-0460-5769-2-jarrupalat","status":"publish","type":"product","link":"https:\/\/www.autonvaraosahaku.fi\/?product=ate-13-0460-5769-2-jarrupalat","title":{"rendered":"ATE 13.0460-5769.2 Jarrupalat"},"content":{"rendered":"<p>Leveys (mm): 98,5; Korkeus (mm): 42,4; Paksuus [mm]: 15,0; Kulumisenilmaisimen liitos: akustisella kulumavaroittimella; Jarruj\u00e4rjestelm\u00e4: Akebono; Tarkistuskilpi: E1 90R-011175\/1099; MAPP-koodi saatavilla: ; M\u00e4\u00e4r\u00e4yksikk\u00f6: Akselisarja; Valmistusvuosi alkaen: 03\/2011; LEXUS: CT ZWA1_; SUBARU: TREZIA; TOYOTA: YARIS SCP9_, NSP9_, KSP9_, NCP9_, ZSP9_,AURIS NRE15_, ZZE15_, ADE15_, ZRE15_, NDE15_,IQ KPJ1_, NGJ1_, KGJ1_, NUJ1_,PRIUS ZVW3_,VERSO S NLP12_, NCP12_, NSP12_,URBAN CRUISER NSP1_, NLP1_, ZSP1_, NCP11_,COROLLA Stufenheck E15_,COROLLA Stufenheck NRE18_, ZRE17_, ZRE18_, NDE18_,PRIUS _W5_,PRIUS PHV _W52_; 0446647020, 0446647030, 0446676010, 0446676011, 0446676012, 0446612130, 0446612130, 0446612140, 0446612150, 0446621020, 0446647020, 0446647030, 0446647061, 0446647080, 0446647100, 0446652120, 0446652140, 0446652150, 0446652151, 0446676010, 0446676011, 0446676012; Jarrupalasarja,Jarrupala, Levyjarru<\/p>\n","protected":false},"excerpt":{"rendered":"<p>ATE Jarrupalat 13.0460-5769.2 Jarrupalasarja,Jarrupala, Levyjarru LEXUS,SUBARU,TOYOTA,CT ZWA1_,TREZIA,YARIS SCP9_, NSP9_, KSP9_, NCP9_, ZSP9_<\/p>\n","protected":false},"featured_media":0,"template":"","meta":{"site-sidebar-layout":"default","site-content-layout":"default","ast-global-header-display":"","ast-main-header-display":"","ast-hfb-above-header-display":"","ast-hfb-below-header-display":"","ast-hfb-mobile-header-display":"","site-post-title":"","ast-breadcrumbs-content":"","ast-featured-img":"","footer-sml-layout":"","theme-transparent-header-meta":"","adv-header-id-meta":"","stick-header-meta":"","header-above-stick-meta":"","header-main-stick-meta":"","header-below-stick-meta":""},"pwb-brand":[108],"product_cat":[100],"product_tag":[],"class_list":{"0":"post-95921","1":"product","2":"type-product","3":"status-publish","5":"pwb-brand-ate","6":"product_cat-jarrupalat","7":"desktop-align-left","8":"tablet-align-left","9":"mobile-align-left","11":"first","12":"instock","13":"product-type-external"},"brands":[{"id":108,"name":"ATE","slug":"ate"}],"_links":{"self":[{"href":"https:\/\/www.autonvaraosahaku.fi\/index.php?rest_route=\/wp\/v2\/product\/95921","targetHints":{"allow":["GET"]}}],"collection":[{"href":"https:\/\/www.autonvaraosahaku.fi\/index.php?rest_route=\/wp\/v2\/product"}],"about":[{"href":"https:\/\/www.autonvaraosahaku.fi\/index.php?rest_route=\/wp\/v2\/types\/product"}],"wp:attachment":[{"href":"https:\/\/www.autonvaraosahaku.fi\/index.php?rest_route=%2Fwp%2Fv2%2Fmedia&parent=95921"}],"wp:term":[{"taxonomy":"pwb-brand","embeddable":true,"href":"https:\/\/www.autonvaraosahaku.fi\/index.php?rest_route=%2Fwp%2Fv2%2Fpwb-brand&post=95921"},{"taxonomy":"product_cat","embeddable":true,"href":"https:\/\/www.autonvaraosahaku.fi\/index.php?rest_route=%2Fwp%2Fv2%2Fproduct_cat&post=95921"},{"taxonomy":"product_tag","embeddable":true,"href":"https:\/\/www.autonvaraosahaku.fi\/index.php?rest_route=%2Fwp%2Fv2%2Fproduct_tag&post=95921"}],"curies":[{"name":"wp","href":"https:\/\/api.w.org\/{rel}","templated":true}]}}