{"id":95962,"date":"2021-02-21T22:03:15","date_gmt":"2021-02-21T22:03:15","guid":{"rendered":"https:\/\/www.autonvaraosahaku.fi\/?product=corteco-20035460b-nokka-akselin-tiiviste"},"modified":"2021-02-21T22:03:20","modified_gmt":"2021-02-21T22:03:20","slug":"corteco-20035460b-nokka-akselin-tiiviste","status":"publish","type":"product","link":"https:\/\/www.autonvaraosahaku.fi\/?product=corteco-20035460b-nokka-akselin-tiiviste","title":{"rendered":"CORTECO 20035460B Nokka akselin tiiviste"},"content":{"rendered":"<p>Sis\u00e4l\u00e4pimitta 1 [mm]: 28; Ulkol\u00e4pimitta 1 [mm]: 42; Korkeus 1 (mm): 6; Materiaali: PTFE (polytetrafluorietyleeni)\/ACM (polyakryyli-kumi); Suojavaippa: Suojakumilla; Rihlamalli: Oikea kierre; Korvaava tuote\/korvaava tiedote 2: asennushylsyill\u00e4; Versio: ONLY SEALS; VW: TOURAN 1T1, 1T2; DACIA: DUSTER,SANDERO,LOGAN MCV KS_,SANDERO II,LODGY,LOGAN MCV II,DOKKER,LOGAN LS_,DOKKER Express,LOGAN EXPRESS FS_,LOGAN Pick-up US_,LOGAN II,DUSTER Kasten; RENAULT: CLIO II BB0\/1\/2_, CB0\/1\/2_,CLIO III BR0\/1, CR0\/1,SC\u00c9NIC II JM0\/1_,KANGOO KC0\/1_,TWINGO II CN0_,MEGANE III Grandtour KZ0\/1,MODUS \/ GRAND MODUS F\/JP0_,MEGANE II Kombi KM0\/1_,SC\u00c9NIC I JA0\/1_,MEGANE II Coup\u00e9-Cabriolet EM0\/1_,SC\u00c9NIC III JZ0\/1_,LAGUNA III Grandtour KT0\/1,MEGANE Scenic JA0\/1_,CLIO IV,MEGANE III Schr\u00e4gheck BZ0_,LAGUNA II BG0\/1_,MEGANE II BM0\/1_, CM0\/1_,GRAND SC\u00c9NIC III JZ0\/1_,MEGANE I BA0\/1_,MEGANE III Coupe DZ0\/1_,KANGOO \/ GRAND KANGOO KW0\/1_,KANGOO Express FC0\/1_,CLIO Grandtour KR0\/1_,GRAND SC\u00c9NIC II JM0\/1_,MEGANE I Grandtour KA0\/1_,MEGANE I Cabriolet EA0\/1_,LAGUNA I B56_, 556_,CAPTUR,LAGUNA I Grandtour K56_,LAGUNA III BT0\/1,KANGOO Express FW0\/1_,MEGANE II Stufenheck LM0\/1_,CLIO Grandtour IV,MEGANE I Classic LA0\/1_,MEGANE I Coach DA0\/1_,KANGOO BE BOP KW0\/1_,MEGANE CC EZ0\/1_,CLIO II Kasten SB0\/1\/2_,WIND E4M_,FLUENCE L30_,LATITUDE L70_,THALIA I LB0\/1\/2_,CLIO III Kasten SB_, SR_,SANDERO\/STEPWAY I,DUSTER,LOGAN I Kombi KS_,LOGAN I LS_,THALIA II LU1\/2; 7701474149, 7701478550, 7701478550, 1300100QAC, 7701474149, 7701478550, 8200079247; Akselitiiviste, Nokka-Akseli<\/p>\n","protected":false},"excerpt":{"rendered":"<p>CORTECO Nokka Akselin Tiiviste 20035460B Akselitiiviste, Nokka-Akseli VW,DACIA,RENAULT,TOURAN 1T1, 1T2,DUSTER,SANDERO,LOGAN MCV KS_,SANDERO II,LODGY<\/p>\n","protected":false},"featured_media":0,"template":"","meta":{"site-sidebar-layout":"default","site-content-layout":"default","ast-global-header-display":"","ast-main-header-display":"","ast-hfb-above-header-display":"","ast-hfb-below-header-display":"","ast-hfb-mobile-header-display":"","site-post-title":"","ast-breadcrumbs-content":"","ast-featured-img":"","footer-sml-layout":"","theme-transparent-header-meta":"","adv-header-id-meta":"","stick-header-meta":"","header-above-stick-meta":"","header-main-stick-meta":"","header-below-stick-meta":""},"pwb-brand":[53],"product_cat":[122],"product_tag":[],"class_list":{"0":"post-95962","1":"product","2":"type-product","3":"status-publish","5":"pwb-brand-corteco","6":"product_cat-nokka-akselin-tiiviste","7":"desktop-align-left","8":"tablet-align-left","9":"mobile-align-left","11":"first","12":"instock","13":"product-type-external"},"brands":[{"id":53,"name":"CORTECO","slug":"corteco"}],"_links":{"self":[{"href":"https:\/\/www.autonvaraosahaku.fi\/index.php?rest_route=\/wp\/v2\/product\/95962","targetHints":{"allow":["GET"]}}],"collection":[{"href":"https:\/\/www.autonvaraosahaku.fi\/index.php?rest_route=\/wp\/v2\/product"}],"about":[{"href":"https:\/\/www.autonvaraosahaku.fi\/index.php?rest_route=\/wp\/v2\/types\/product"}],"wp:attachment":[{"href":"https:\/\/www.autonvaraosahaku.fi\/index.php?rest_route=%2Fwp%2Fv2%2Fmedia&parent=95962"}],"wp:term":[{"taxonomy":"pwb-brand","embeddable":true,"href":"https:\/\/www.autonvaraosahaku.fi\/index.php?rest_route=%2Fwp%2Fv2%2Fpwb-brand&post=95962"},{"taxonomy":"product_cat","embeddable":true,"href":"https:\/\/www.autonvaraosahaku.fi\/index.php?rest_route=%2Fwp%2Fv2%2Fproduct_cat&post=95962"},{"taxonomy":"product_tag","embeddable":true,"href":"https:\/\/www.autonvaraosahaku.fi\/index.php?rest_route=%2Fwp%2Fv2%2Fproduct_tag&post=95962"}],"curies":[{"name":"wp","href":"https:\/\/api.w.org\/{rel}","templated":true}]}}