{"id":95982,"date":"2021-02-21T22:03:24","date_gmt":"2021-02-21T22:03:24","guid":{"rendered":"https:\/\/www.autonvaraosahaku.fi\/?product=ajusa-15012800-kampiakselin-tiiviste"},"modified":"2021-02-21T22:03:29","modified_gmt":"2021-02-21T22:03:29","slug":"ajusa-15012800-kampiakselin-tiiviste","status":"publish","type":"product","link":"https:\/\/www.autonvaraosahaku.fi\/?product=ajusa-15012800-kampiakselin-tiiviste","title":{"rendered":"AJUSA 15012800 Kampiakselin tiiviste"},"content":{"rendered":"<p>Sis\u00e4l\u00e4pimitta [mm]: 35; Ulkol\u00e4pimitta [mm]: 49; Korkeus (mm): 6; Asennuspuoli: stirnseitig; NISSAN: SUNNY II Coupe B12,SUNNY II Hatchback N13,SUNNY II N13,SUNNY II Traveller B12,CHERRY III N12,SUNNY I B11,CHERRY II Coupe N10,SUNNY I Coupe B11,CHERRY II Hatchback N10,SUNNY I Traveller B11,CHERRY II Traveller VN10; DAIHATSU: SIRION M3_,MATERIA M4_,TERIOS J2_,SIRION M1,YRV M2,TERIOS J1,COPEN L880_, L881_,EXTOL Bus S22_, S23_,CHARMANT A; SUBARU: JUSTY IV; TOYOTA: YARIS SCP9_, NSP9_, KSP9_, NCP9_, ZSP9_,YARIS SCP1_, NLP1_, NCP1_,COROLLA Verso ZER_, ZZE12_, R1_,STARLET EP91,AVENSIS _T22_,COROLLA Liftback _E11_,COROLLA Compact _E11_,AVENSIS Station Wagon _T22_,AVENSIS Liftback _T22_,VIOS\/YARIS Stufenheck ZSP9_, NCP9_,SUPRA JZA70_, GA70_, MA70,MR 2 II SW2_,STARLET _P8_,PASEO Coupe EL54,COROLLA Compact _E10_,CARINA E _T19_,CELICA ST20_, AT20_,COROLLA _E11_,CARINA E Stufenheck _T19_,CELICA Coupe AT18_, ST18_,COROLLA Wagon __E11_,CARINA E Sportswagon _T19_,STARLET _P7_,COROLLA Liftback _E10_,COROLLA Liftback _E9_,MR 2 I AW1_,PASEO Cabriolet EL54,COROLLA _E10_,CARINA II _T17_,CARINA II Stufenheck _T17_,COROLLA Compact _E9_,COROLLA Coupe AE86,CELICA Liftback ST16_, AT16_,COROLLA Wagon _E10_,COROLLA Station Wagon _E9_,COROLLA _E9_,CELICA Coupe _A6_,CELICA Cabriolet AT18_, ST18_,CELICA Coupe ST16_, AT16_,COROLLA Liftback _E8_,TERCEL Station Wagon AL2_,CARINA II Station Wagon _T17_,COROLLA FX Compact E8B,CELICA Cabriolet ST16_, AT16_,CA; 1351001M00, 9008031066, 9031132001, 9031132018, 9031135003, 9031135008, 9031135013, 9031135017, 9031135022, 9031135031, 9031135035, 9031135049; Akselitiiviste, Kampiakseli<\/p>\n","protected":false},"excerpt":{"rendered":"<p>AJUSA Kampiakselin Tiiviste 15012800 Akselitiiviste, Kampiakseli NISSAN,DAIHATSU,SUBARU,SUNNY II Coupe B12,SUNNY II Hatchback N13,SUNNY II N13<\/p>\n","protected":false},"featured_media":0,"template":"","meta":{"site-sidebar-layout":"default","site-content-layout":"default","ast-global-header-display":"","ast-main-header-display":"","ast-hfb-above-header-display":"","ast-hfb-below-header-display":"","ast-hfb-mobile-header-display":"","site-post-title":"","ast-breadcrumbs-content":"","ast-featured-img":"","footer-sml-layout":"","theme-transparent-header-meta":"","adv-header-id-meta":"","stick-header-meta":"","header-above-stick-meta":"","header-main-stick-meta":"","header-below-stick-meta":""},"pwb-brand":[211],"product_cat":[88],"product_tag":[],"class_list":{"0":"post-95982","1":"product","2":"type-product","3":"status-publish","5":"pwb-brand-ajusa","6":"product_cat-kampiakselin-tiiviste","7":"desktop-align-left","8":"tablet-align-left","9":"mobile-align-left","11":"first","12":"instock","13":"product-type-external"},"brands":[{"id":211,"name":"AJUSA","slug":"ajusa"}],"_links":{"self":[{"href":"https:\/\/www.autonvaraosahaku.fi\/index.php?rest_route=\/wp\/v2\/product\/95982","targetHints":{"allow":["GET"]}}],"collection":[{"href":"https:\/\/www.autonvaraosahaku.fi\/index.php?rest_route=\/wp\/v2\/product"}],"about":[{"href":"https:\/\/www.autonvaraosahaku.fi\/index.php?rest_route=\/wp\/v2\/types\/product"}],"wp:attachment":[{"href":"https:\/\/www.autonvaraosahaku.fi\/index.php?rest_route=%2Fwp%2Fv2%2Fmedia&parent=95982"}],"wp:term":[{"taxonomy":"pwb-brand","embeddable":true,"href":"https:\/\/www.autonvaraosahaku.fi\/index.php?rest_route=%2Fwp%2Fv2%2Fpwb-brand&post=95982"},{"taxonomy":"product_cat","embeddable":true,"href":"https:\/\/www.autonvaraosahaku.fi\/index.php?rest_route=%2Fwp%2Fv2%2Fproduct_cat&post=95982"},{"taxonomy":"product_tag","embeddable":true,"href":"https:\/\/www.autonvaraosahaku.fi\/index.php?rest_route=%2Fwp%2Fv2%2Fproduct_tag&post=95982"}],"curies":[{"name":"wp","href":"https:\/\/api.w.org\/{rel}","templated":true}]}}