{"id":95984,"date":"2021-02-21T22:03:24","date_gmt":"2021-02-21T22:03:24","guid":{"rendered":"https:\/\/www.autonvaraosahaku.fi\/?product=ajusa-15062300-nokka-akselin-tiiviste"},"modified":"2021-02-21T22:03:30","modified_gmt":"2021-02-21T22:03:30","slug":"ajusa-15062300-nokka-akselin-tiiviste","status":"publish","type":"product","link":"https:\/\/www.autonvaraosahaku.fi\/?product=ajusa-15062300-nokka-akselin-tiiviste","title":{"rendered":"AJUSA 15062300 Nokka akselin tiiviste"},"content":{"rendered":"<p>Asennuspuoli: Venttiilikoppa; Sis\u00e4l\u00e4pimitta [mm]: 28; Ulkol\u00e4pimitta [mm]: 42; Korkeus (mm): 5; Moottorinumero: K9K-716; NISSAN: MICRA III K12,NOTE E11,ALMERA II Hatchback N16,NV200 EVALIA,TIIDA Schr\u00e4gheck,NV200 Kasten,ALMERA Mk II N16,TIIDA Stufenheck SC11X,KUBISTAR Kasten X80,MICRA V K14,BLUEBIRD SYLPHY G11; SUZUKI: JIMNY FJ; MERCEDES-BENZ: CLA Shooting Brake X117; DACIA: DUSTER,SANDERO,LOGAN MCV KS_,SANDERO II,LOGAN MCV II,LOGAN LS_,LOGAN EXPRESS FS_,LOGAN Pick-up US_,LOGAN II,DUSTER Kasten; RENAULT: CLIO II BB0\/1\/2_, CB0\/1\/2_,CLIO III BR0\/1, CR0\/1,SC\u00c9NIC II JM0\/1_,KANGOO KC0\/1_,TWINGO II CN0_,MEGANE III Grandtour KZ0\/1,MODUS \/ GRAND MODUS F\/JP0_,LAGUNA II Grandtour KG0\/1_,MEGANE II Kombi KM0\/1_,SC\u00c9NIC I JA0\/1_,MEGANE II Coup\u00e9-Cabriolet EM0\/1_,SC\u00c9NIC III JZ0\/1_,LAGUNA III Grandtour KT0\/1,MEGANE Scenic JA0\/1_,CLIO IV,LAGUNA II BG0\/1_,MEGANE II BM0\/1_, CM0\/1_,GRAND SC\u00c9NIC III JZ0\/1_,MEGANE I BA0\/1_,KANGOO \/ GRAND KANGOO KW0\/1_,KANGOO Express FC0\/1_,CLIO Grandtour KR0\/1_,GRAND SC\u00c9NIC II JM0\/1_,MEGANE I Grandtour KA0\/1_,MEGANE I Cabriolet EA0\/1_,LAGUNA I B56_, 556_,CAPTUR,LAGUNA I Grandtour K56_,LAGUNA III BT0\/1,KANGOO Express FW0\/1_,MEGANE II Stufenheck LM0\/1_,CLIO Grandtour IV,MEGANE I Classic LA0\/1_,MEGANE I Coach DA0\/1_,KANGOO BE BOP KW0\/1_,CLIO II Kasten SB0\/1\/2_,FLUENCE L30_,THALIA I LB0\/1\/2_,CLIO III Kasten SB_, SR_,DUSTER,LOGAN I Kombi KS_,LOGAN I LS_,THALIA II LU1\/2_,KADJAR,MEGANE IV B9A\/M_,MEGANE IV Grandtour K9A\/M_,TALISMAN Grandtour KP_,LOGAN EX; 13042BN700, 1351000QAB, 7701471376; Akselitiiviste, Nokka-Akseli<\/p>\n","protected":false},"excerpt":{"rendered":"<p>AJUSA Nokka Akselin Tiiviste 15062300 Akselitiiviste, Nokka-Akseli NISSAN,SUZUKI,MERCEDES-BENZ,MICRA III K12,NOTE E11,ALMERA II Hatchback N16<\/p>\n","protected":false},"featured_media":0,"template":"","meta":{"site-sidebar-layout":"default","site-content-layout":"default","ast-global-header-display":"","ast-main-header-display":"","ast-hfb-above-header-display":"","ast-hfb-below-header-display":"","ast-hfb-mobile-header-display":"","site-post-title":"","ast-breadcrumbs-content":"","ast-featured-img":"","footer-sml-layout":"","theme-transparent-header-meta":"","adv-header-id-meta":"","stick-header-meta":"","header-above-stick-meta":"","header-main-stick-meta":"","header-below-stick-meta":""},"pwb-brand":[211],"product_cat":[122],"product_tag":[],"class_list":{"0":"post-95984","1":"product","2":"type-product","3":"status-publish","5":"pwb-brand-ajusa","6":"product_cat-nokka-akselin-tiiviste","7":"desktop-align-left","8":"tablet-align-left","9":"mobile-align-left","11":"first","12":"instock","13":"product-type-external"},"brands":[{"id":211,"name":"AJUSA","slug":"ajusa"}],"_links":{"self":[{"href":"https:\/\/www.autonvaraosahaku.fi\/index.php?rest_route=\/wp\/v2\/product\/95984","targetHints":{"allow":["GET"]}}],"collection":[{"href":"https:\/\/www.autonvaraosahaku.fi\/index.php?rest_route=\/wp\/v2\/product"}],"about":[{"href":"https:\/\/www.autonvaraosahaku.fi\/index.php?rest_route=\/wp\/v2\/types\/product"}],"wp:attachment":[{"href":"https:\/\/www.autonvaraosahaku.fi\/index.php?rest_route=%2Fwp%2Fv2%2Fmedia&parent=95984"}],"wp:term":[{"taxonomy":"pwb-brand","embeddable":true,"href":"https:\/\/www.autonvaraosahaku.fi\/index.php?rest_route=%2Fwp%2Fv2%2Fpwb-brand&post=95984"},{"taxonomy":"product_cat","embeddable":true,"href":"https:\/\/www.autonvaraosahaku.fi\/index.php?rest_route=%2Fwp%2Fv2%2Fproduct_cat&post=95984"},{"taxonomy":"product_tag","embeddable":true,"href":"https:\/\/www.autonvaraosahaku.fi\/index.php?rest_route=%2Fwp%2Fv2%2Fproduct_tag&post=95984"}],"curies":[{"name":"wp","href":"https:\/\/api.w.org\/{rel}","templated":true}]}}