{"id":95988,"date":"2021-02-21T22:03:24","date_gmt":"2021-02-21T22:03:24","guid":{"rendered":"https:\/\/www.autonvaraosahaku.fi\/?product=mahle-original-ox-36d-oljynsuodatin"},"modified":"2021-02-21T22:03:32","modified_gmt":"2021-02-21T22:03:32","slug":"mahle-original-ox-36d-oljynsuodatin","status":"publish","type":"product","link":"https:\/\/www.autonvaraosahaku.fi\/?product=mahle-original-ox-36d-oljynsuodatin","title":{"rendered":"MAHLE ORIGINAL OX 36D \u00d6ljynsuodatin"},"content":{"rendered":"<p>Suodatintyyppi: Suodatinpanos; Korkeus (mm): 138,5; Korkeus 1 (mm): 134,0; L\u00e4pimitta [mm]: 41,5; Sis\u00e4l\u00e4pimitta 1 [mm]: 13,3; L\u00e4pimitta 3 [mm]: 13,3; Tiivisteen l\u00e4pimitta [mm]: 13,3; Korkeus (tuumaa): 5,71; Leveys (tuumaa): 2,95; Pituus (tuumaa): 2,95; L\u00e4mmityslaite \/ j\u00e4\u00e4hdytys: f\u00fcr Fahrzeuge mit \u00d6lk\u00fchler; 11009056146, 11421337575, 9056146<\/p>\n","protected":false},"excerpt":{"rendered":"<p>MAHLE ORIGINAL \u00d6ljynsuodatin OX 36D<\/p>\n","protected":false},"featured_media":0,"template":"","meta":{"site-sidebar-layout":"default","site-content-layout":"default","ast-global-header-display":"","ast-main-header-display":"","ast-hfb-above-header-display":"","ast-hfb-below-header-display":"","ast-hfb-mobile-header-display":"","site-post-title":"","ast-breadcrumbs-content":"","ast-featured-img":"","footer-sml-layout":"","theme-transparent-header-meta":"","adv-header-id-meta":"","stick-header-meta":"","header-above-stick-meta":"","header-main-stick-meta":"","header-below-stick-meta":""},"pwb-brand":[153],"product_cat":[30],"product_tag":[],"class_list":{"0":"post-95988","1":"product","2":"type-product","3":"status-publish","5":"pwb-brand-mahle-original","6":"product_cat-oljynsuodatin","7":"desktop-align-left","8":"tablet-align-left","9":"mobile-align-left","11":"first","12":"instock","13":"product-type-external"},"brands":[{"id":153,"name":"MAHLE ORIGINAL","slug":"mahle-original"}],"_links":{"self":[{"href":"https:\/\/www.autonvaraosahaku.fi\/index.php?rest_route=\/wp\/v2\/product\/95988","targetHints":{"allow":["GET"]}}],"collection":[{"href":"https:\/\/www.autonvaraosahaku.fi\/index.php?rest_route=\/wp\/v2\/product"}],"about":[{"href":"https:\/\/www.autonvaraosahaku.fi\/index.php?rest_route=\/wp\/v2\/types\/product"}],"wp:attachment":[{"href":"https:\/\/www.autonvaraosahaku.fi\/index.php?rest_route=%2Fwp%2Fv2%2Fmedia&parent=95988"}],"wp:term":[{"taxonomy":"pwb-brand","embeddable":true,"href":"https:\/\/www.autonvaraosahaku.fi\/index.php?rest_route=%2Fwp%2Fv2%2Fpwb-brand&post=95988"},{"taxonomy":"product_cat","embeddable":true,"href":"https:\/\/www.autonvaraosahaku.fi\/index.php?rest_route=%2Fwp%2Fv2%2Fproduct_cat&post=95988"},{"taxonomy":"product_tag","embeddable":true,"href":"https:\/\/www.autonvaraosahaku.fi\/index.php?rest_route=%2Fwp%2Fv2%2Fproduct_tag&post=95988"}],"curies":[{"name":"wp","href":"https:\/\/api.w.org\/{rel}","templated":true}]}}