{"id":95992,"date":"2021-02-21T22:03:33","date_gmt":"2021-02-21T22:03:33","guid":{"rendered":"https:\/\/www.autonvaraosahaku.fi\/?product=mahle-original-lx-55-ilmansuodatin"},"modified":"2021-02-21T22:03:34","modified_gmt":"2021-02-21T22:03:34","slug":"mahle-original-lx-55-ilmansuodatin","status":"publish","type":"product","link":"https:\/\/www.autonvaraosahaku.fi\/?product=mahle-original-lx-55-ilmansuodatin","title":{"rendered":"MAHLE ORIGINAL LX 55 Ilmansuodatin"},"content":{"rendered":"<p>Suodatintyyppi: Suodatinpanos; Korkeus (mm): 210,0; Ulkol\u00e4pimitta [mm]: 124,5; Sis\u00e4l\u00e4pimitta 1 [mm]: 65,2; L\u00e4pimitta 4 [mm]: 88,0, 88,0, 79,0, 79,0, 88,0, 79,0, 79,0; L\u00e4pimitta 3 [mm]: 65,2, 65,2; Alustanumeroon: 0.130.569; SEAT: 131; LANCIA: DELTA I 831AB0,PRISMA 831AB0; ALFA ROMEO: AR 6 Kasten 280; FIAT: DUCATO Kasten 280,DUCATO Panorama 280,UNO 146A\/E,127,FIORINO Kasten 146,131,132,FIORINO Pick up 146,FIORINO 147,ARGENTA 132A,127 Panorama,131 Familiare\/Panorama,147,FIORINO Pick up 147,147 Panorama,DUNA 146 B,ELBA 146_,DUNA Weekend 146 B; CITRO\u00cbN: C35 Kasten,C35 Bus,C35 Pick-up; PEUGEOT: J5 Pritsche\/Fahrgestell 280L,J5 Pritsche\/Fahrgestell 290L,J5 Bus 290P,J5 Kasten 290L,J5 Bus 280P; PIAGGIO: APE TM Kasten; INNOCENTI: ELBA 146; 0003992228, 0004356990, 4356990, 0004356990, 04356990, 04434852, 4356990, 4434852, ZF443482, 0003992228, 0004356990, 4356990, 0000004434952, 0000071736148, 0004356990, 4348451, 4356990, 43569900, 4409902, 4434852, 4434952, 5983297, 71736148, 7634032, 5006226, 5010296, 5010297, A800X9601CA, A820X9601MA, A820X9601NA, EFA263, 93152493, 144588, 230414, 0003992228, 0004356990<\/p>\n","protected":false},"excerpt":{"rendered":"<p>MAHLE ORIGINAL Ilmansuodatin LX 55  SEAT,LANCIA,ALFA ROMEO,131,DELTA I 831AB0,PRISMA 831AB0,AR 6 Kasten 280,DUCATO Kasten 280,DUCATO Panorama 280<\/p>\n","protected":false},"featured_media":0,"template":"","meta":{"site-sidebar-layout":"default","site-content-layout":"default","ast-global-header-display":"","ast-main-header-display":"","ast-hfb-above-header-display":"","ast-hfb-below-header-display":"","ast-hfb-mobile-header-display":"","site-post-title":"","ast-breadcrumbs-content":"","ast-featured-img":"","footer-sml-layout":"","theme-transparent-header-meta":"","adv-header-id-meta":"","stick-header-meta":"","header-above-stick-meta":"","header-main-stick-meta":"","header-below-stick-meta":""},"pwb-brand":[153],"product_cat":[31],"product_tag":[],"class_list":{"0":"post-95992","1":"product","2":"type-product","3":"status-publish","5":"pwb-brand-mahle-original","6":"product_cat-ilmansuodatin","7":"desktop-align-left","8":"tablet-align-left","9":"mobile-align-left","11":"first","12":"instock","13":"product-type-external"},"brands":[{"id":153,"name":"MAHLE ORIGINAL","slug":"mahle-original"}],"_links":{"self":[{"href":"https:\/\/www.autonvaraosahaku.fi\/index.php?rest_route=\/wp\/v2\/product\/95992","targetHints":{"allow":["GET"]}}],"collection":[{"href":"https:\/\/www.autonvaraosahaku.fi\/index.php?rest_route=\/wp\/v2\/product"}],"about":[{"href":"https:\/\/www.autonvaraosahaku.fi\/index.php?rest_route=\/wp\/v2\/types\/product"}],"wp:attachment":[{"href":"https:\/\/www.autonvaraosahaku.fi\/index.php?rest_route=%2Fwp%2Fv2%2Fmedia&parent=95992"}],"wp:term":[{"taxonomy":"pwb-brand","embeddable":true,"href":"https:\/\/www.autonvaraosahaku.fi\/index.php?rest_route=%2Fwp%2Fv2%2Fpwb-brand&post=95992"},{"taxonomy":"product_cat","embeddable":true,"href":"https:\/\/www.autonvaraosahaku.fi\/index.php?rest_route=%2Fwp%2Fv2%2Fproduct_cat&post=95992"},{"taxonomy":"product_tag","embeddable":true,"href":"https:\/\/www.autonvaraosahaku.fi\/index.php?rest_route=%2Fwp%2Fv2%2Fproduct_tag&post=95992"}],"curies":[{"name":"wp","href":"https:\/\/api.w.org\/{rel}","templated":true}]}}