{"id":95994,"date":"2021-02-21T22:03:33","date_gmt":"2021-02-21T22:03:33","guid":{"rendered":"https:\/\/www.autonvaraosahaku.fi\/?product=mahle-original-kc-214-polttoainesuodatin"},"modified":"2021-02-21T22:03:35","modified_gmt":"2021-02-21T22:03:35","slug":"mahle-original-kc-214-polttoainesuodatin","status":"publish","type":"product","link":"https:\/\/www.autonvaraosahaku.fi\/?product=mahle-original-kc-214-polttoainesuodatin","title":{"rendered":"MAHLE ORIGINAL KC 214 Polttoainesuodatin"},"content":{"rendered":"<p>Suodatintyyppi: Ruuvattava suodatin; Korkeus (mm): 195,0; Kopan l\u00e4pimitta (mm): 96,0; Ulkol\u00e4pimitta 2 [mm]: 70,0; Sis\u00e4l\u00e4pimitta 2 [mm]: 62,0; Liitinkierre: M16x1,5; Kiristysmomentti: 14; Valmistusvuosi alkaen: 01\/2004; IVECO: EUROCARGO I-III,EuroCargo V,EUROFIRE,STRALIS,STRATOR,TRAKKER; IRISBUS: ARWAY,CREALIS,MAGELYS; ASTRA: HD 7-C,HD 8; 0000002992662, 0000500039731, 0000503633384, 00098132510AS, 2992662, 42540058, 500039731, 500354176, 503633384, 98132510AS<\/p>\n","protected":false},"excerpt":{"rendered":"<p>MAHLE ORIGINAL Polttoainesuodatin KC 214  IVECO,IRISBUS,ASTRA,EUROCARGO I-III,EuroCargo V,EUROFIRE,STRALIS,STRATOR,TRAKKER,ARWAY,CREALIS,MAGELYS<\/p>\n","protected":false},"featured_media":0,"template":"","meta":{"site-sidebar-layout":"default","site-content-layout":"default","ast-global-header-display":"","ast-main-header-display":"","ast-hfb-above-header-display":"","ast-hfb-below-header-display":"","ast-hfb-mobile-header-display":"","site-post-title":"","ast-breadcrumbs-content":"","ast-featured-img":"","footer-sml-layout":"","theme-transparent-header-meta":"","adv-header-id-meta":"","stick-header-meta":"","header-above-stick-meta":"","header-main-stick-meta":"","header-below-stick-meta":""},"pwb-brand":[153],"product_cat":[29],"product_tag":[],"class_list":{"0":"post-95994","1":"product","2":"type-product","3":"status-publish","5":"pwb-brand-mahle-original","6":"product_cat-polttoainesuodatin","7":"desktop-align-left","8":"tablet-align-left","9":"mobile-align-left","11":"first","12":"instock","13":"product-type-external"},"brands":[{"id":153,"name":"MAHLE ORIGINAL","slug":"mahle-original"}],"_links":{"self":[{"href":"https:\/\/www.autonvaraosahaku.fi\/index.php?rest_route=\/wp\/v2\/product\/95994","targetHints":{"allow":["GET"]}}],"collection":[{"href":"https:\/\/www.autonvaraosahaku.fi\/index.php?rest_route=\/wp\/v2\/product"}],"about":[{"href":"https:\/\/www.autonvaraosahaku.fi\/index.php?rest_route=\/wp\/v2\/types\/product"}],"wp:attachment":[{"href":"https:\/\/www.autonvaraosahaku.fi\/index.php?rest_route=%2Fwp%2Fv2%2Fmedia&parent=95994"}],"wp:term":[{"taxonomy":"pwb-brand","embeddable":true,"href":"https:\/\/www.autonvaraosahaku.fi\/index.php?rest_route=%2Fwp%2Fv2%2Fpwb-brand&post=95994"},{"taxonomy":"product_cat","embeddable":true,"href":"https:\/\/www.autonvaraosahaku.fi\/index.php?rest_route=%2Fwp%2Fv2%2Fproduct_cat&post=95994"},{"taxonomy":"product_tag","embeddable":true,"href":"https:\/\/www.autonvaraosahaku.fi\/index.php?rest_route=%2Fwp%2Fv2%2Fproduct_tag&post=95994"}],"curies":[{"name":"wp","href":"https:\/\/api.w.org\/{rel}","templated":true}]}}