{"id":96052,"date":"2021-02-21T22:03:58","date_gmt":"2021-02-21T22:03:58","guid":{"rendered":"https:\/\/www.autonvaraosahaku.fi\/?product=meyle-029-700-2800-pyyhkijansulat"},"modified":"2021-02-21T22:03:59","modified_gmt":"2021-02-21T22:03:59","slug":"meyle-029-700-2800-pyyhkijansulat","status":"publish","type":"product","link":"https:\/\/www.autonvaraosahaku.fi\/?product=meyle-029-700-2800-pyyhkijansulat","title":{"rendered":"MEYLE 029 700 2800 Pyyhkij\u00e4nsulat"},"content":{"rendered":"<p>Asennuspuoli: Edess\u00e4, fahrerseitig; Pituus (mm): 700; Pituus (tuumaa): 28; Huomioi huolto-ohjeet: ; Pyyhkij\u00e4nsulkatyyppi: Flatblade-pyyhinsulka (rungoton); VW: TOURAN 1T1, 1T2,GOLF PLUS 5M1, 521,SHARAN 7M8, 7M9, 7M6,SHARAN 7N1, 7N2,GOLF SPORTSVAN AM1,TOURAN,CRAFTER Kasten SY_,CRAFTER Bus SY_,CRAFTER Pritsche\/Fahrgestell SZ_; BMW: i3 I01; SEAT: ALHAMBRA 7V8, 7V9,ALHAMBRA 710, 711; HONDA: CIVIC VIII Hatchback FN, FK,CIVIC VIII Stufenheck FD, FA; MERCEDES-BENZ: VIANO W639,M-CLASS W164,VITO Bus W639,VITO \/ MIXTO Kasten W639,R-CLASS W251, V251,M-CLASS W166,GL-CLASS X164,V-CLASS W447; OPEL: ZAFIRA B A05,ZAFIRA TOURER C P12,ZAFIRA B Van; SUBARU: TREZIA; JAGUAR: XE X760,XF X260,XF SPORTBRAKE X260; FORD: GALAXY WGR,KUGA II DM2,TRANSIT Kasten FA_ _,TRANSIT Bus FD_ _, FB_ _, FS_ _, FZ_ _, FC_ _,TRANSIT Pritsche\/Fahrgestell FM_ _, FN_ _,TRANSIT CUSTOM Kasten,TOURNEO CUSTOM Bus,TRANSIT CUSTOM Bus,TRANSIT COURIER Kasten,KUGA II Van,TRANSIT COURIER Kombi; TOYOTA: YARIS NHP13_, NSP13_, NCP13_, KSP13_, NLP13_,VERSO S NLP12_, NCP12_, NSP12_; Tuulilasinpyyhkimet,Pyyhkij\u00e4t,Pyyhkij\u00e4nsulka<\/p>\n","protected":false},"excerpt":{"rendered":"<p>MEYLE Pyyhkij\u00e4nsulat 029 700 2800 Tuulilasinpyyhkimet,Pyyhkij\u00e4t VW,BMW,SEAT,TOURAN 1T1, 1T2,GOLF PLUS 5M1, 521,SHARAN 7M8, 7M9, 7M6,SHARAN 7N1, 7N2<\/p>\n","protected":false},"featured_media":0,"template":"","meta":{"site-sidebar-layout":"default","site-content-layout":"default","ast-global-header-display":"","ast-main-header-display":"","ast-hfb-above-header-display":"","ast-hfb-below-header-display":"","ast-hfb-mobile-header-display":"","site-post-title":"","ast-breadcrumbs-content":"","ast-featured-img":"","footer-sml-layout":"","theme-transparent-header-meta":"","adv-header-id-meta":"","stick-header-meta":"","header-above-stick-meta":"","header-main-stick-meta":"","header-below-stick-meta":""},"pwb-brand":[84],"product_cat":[33],"product_tag":[],"class_list":{"0":"post-96052","1":"product","2":"type-product","3":"status-publish","5":"pwb-brand-meyle","6":"product_cat-pyyhkijansulat","7":"desktop-align-left","8":"tablet-align-left","9":"mobile-align-left","11":"first","12":"instock","13":"product-type-external"},"brands":[{"id":84,"name":"MEYLE","slug":"meyle"}],"_links":{"self":[{"href":"https:\/\/www.autonvaraosahaku.fi\/index.php?rest_route=\/wp\/v2\/product\/96052","targetHints":{"allow":["GET"]}}],"collection":[{"href":"https:\/\/www.autonvaraosahaku.fi\/index.php?rest_route=\/wp\/v2\/product"}],"about":[{"href":"https:\/\/www.autonvaraosahaku.fi\/index.php?rest_route=\/wp\/v2\/types\/product"}],"wp:attachment":[{"href":"https:\/\/www.autonvaraosahaku.fi\/index.php?rest_route=%2Fwp%2Fv2%2Fmedia&parent=96052"}],"wp:term":[{"taxonomy":"pwb-brand","embeddable":true,"href":"https:\/\/www.autonvaraosahaku.fi\/index.php?rest_route=%2Fwp%2Fv2%2Fpwb-brand&post=96052"},{"taxonomy":"product_cat","embeddable":true,"href":"https:\/\/www.autonvaraosahaku.fi\/index.php?rest_route=%2Fwp%2Fv2%2Fproduct_cat&post=96052"},{"taxonomy":"product_tag","embeddable":true,"href":"https:\/\/www.autonvaraosahaku.fi\/index.php?rest_route=%2Fwp%2Fv2%2Fproduct_tag&post=96052"}],"curies":[{"name":"wp","href":"https:\/\/api.w.org\/{rel}","templated":true}]}}