{"id":96053,"date":"2021-02-21T22:03:58","date_gmt":"2021-02-21T22:03:58","guid":{"rendered":"https:\/\/www.autonvaraosahaku.fi\/?product=maxgear-49-0249-vetonivel"},"modified":"2021-02-21T22:04:00","modified_gmt":"2021-02-21T22:04:00","slug":"maxgear-49-0249-vetonivel","status":"publish","type":"product","link":"https:\/\/www.autonvaraosahaku.fi\/?product=maxgear-49-0249-vetonivel","title":{"rendered":"MAXGEAR 49-0249 Vetonivel"},"content":{"rendered":"<p>Asennuspuoli: Py\u00f6r\u00e4n puoli; Ulkohammastus, py\u00f6r\u00e4npuoli: 36; Sis\u00e4hammastus, py\u00f6r\u00e4npuoli: 30; Tiivisteen l\u00e4pimitta [mm]: 53,2; Pituus (mm): 138,5; Erittely: GrooveType:Inner; VW: GOLF IV 1J1,GOLF III 1H1,GOLF IV Variant 1J5,PASSAT Variant 3A5, 35I,BORA 1J2,NEW BEETLE 9C1, 1C1,BORA Kombi 1J6,GOLF III Variant 1H5,NEW BEETLE Cabriolet 1Y7,PASSAT 3A2, 35I,CORRADO 53I,VENTO 1H2; AUDI: A3 8L1,TT 8N3,TT Roadster 8N9; SKODA: OCTAVIA Combi 1U5,OCTAVIA 1U2; SEAT: LEON 1M1,TOLEDO II 1M2,TOLEDO I 1L; 1H0498099A, 1H0498099E, 1J0407311C, 1J0407311D, 357498099E, 357498099EV, 357498099EX, 1H0498099A, 1J0407311C, 1J0407311D, 357498099E, 357498099EV, 357498099EX, 1H0498099A, 1J0407311C, 1J0407311D, 357498099E, 357498099EV, 357498099EX, 1H0407311, 1H0498099A, 1H0498099E, 1J0407311C, 1J0407311D, 1J0498099B, 1J0498099BX, 357498099E, 357498099EV, 357498099EX; Nivelsarja, Vetoakseli<\/p>\n","protected":false},"excerpt":{"rendered":"<p>MAXGEAR Vetonivel 49-0249 Nivelsarja, Vetoakseli VW,AUDI,SKODA,GOLF IV 1J1,GOLF III 1H1,GOLF IV Variant 1J5,PASSAT Variant 3A5, 35I,BORA 1J2<\/p>\n","protected":false},"featured_media":0,"template":"","meta":{"site-sidebar-layout":"default","site-content-layout":"default","ast-global-header-display":"","ast-main-header-display":"","ast-hfb-above-header-display":"","ast-hfb-below-header-display":"","ast-hfb-mobile-header-display":"","site-post-title":"","ast-breadcrumbs-content":"","ast-featured-img":"","footer-sml-layout":"","theme-transparent-header-meta":"","adv-header-id-meta":"","stick-header-meta":"","header-above-stick-meta":"","header-main-stick-meta":"","header-below-stick-meta":""},"pwb-brand":[48],"product_cat":[175],"product_tag":[],"class_list":{"0":"post-96053","1":"product","2":"type-product","3":"status-publish","5":"pwb-brand-maxgear","6":"product_cat-vetonivel","7":"desktop-align-left","8":"tablet-align-left","9":"mobile-align-left","11":"first","12":"instock","13":"product-type-external"},"brands":[{"id":48,"name":"MAXGEAR","slug":"maxgear"}],"_links":{"self":[{"href":"https:\/\/www.autonvaraosahaku.fi\/index.php?rest_route=\/wp\/v2\/product\/96053","targetHints":{"allow":["GET"]}}],"collection":[{"href":"https:\/\/www.autonvaraosahaku.fi\/index.php?rest_route=\/wp\/v2\/product"}],"about":[{"href":"https:\/\/www.autonvaraosahaku.fi\/index.php?rest_route=\/wp\/v2\/types\/product"}],"wp:attachment":[{"href":"https:\/\/www.autonvaraosahaku.fi\/index.php?rest_route=%2Fwp%2Fv2%2Fmedia&parent=96053"}],"wp:term":[{"taxonomy":"pwb-brand","embeddable":true,"href":"https:\/\/www.autonvaraosahaku.fi\/index.php?rest_route=%2Fwp%2Fv2%2Fpwb-brand&post=96053"},{"taxonomy":"product_cat","embeddable":true,"href":"https:\/\/www.autonvaraosahaku.fi\/index.php?rest_route=%2Fwp%2Fv2%2Fproduct_cat&post=96053"},{"taxonomy":"product_tag","embeddable":true,"href":"https:\/\/www.autonvaraosahaku.fi\/index.php?rest_route=%2Fwp%2Fv2%2Fproduct_tag&post=96053"}],"curies":[{"name":"wp","href":"https:\/\/api.w.org\/{rel}","templated":true}]}}