{"id":96059,"date":"2021-02-21T22:03:58","date_gmt":"2021-02-21T22:03:58","guid":{"rendered":"https:\/\/www.autonvaraosahaku.fi\/?product=meyle-100-109-0010-kiristysrulla"},"modified":"2021-02-21T22:04:02","modified_gmt":"2021-02-21T22:04:02","slug":"meyle-100-109-0010-kiristysrulla","status":"publish","type":"product","link":"https:\/\/www.autonvaraosahaku.fi\/?product=meyle-100-109-0010-kiristysrulla","title":{"rendered":"MEYLE 100 109 0010 Kiristysrulla"},"content":{"rendered":"<p>Ulkol\u00e4pimitta [mm]: 72; Lis\u00e4tarvike\/lis\u00e4tieto: Ilman asennusmateriaalia; Korkeus (mm): 35; Sis\u00e4l\u00e4pimitta [mm]: 10; Vahvistettu malli: ; lis\u00e4tieto: ORIGINAL Quality; Valmistusvuoteen: 12\/1995; VW: TRANSPORTER IV Bus 70XB, 70XC, 7DB, 7DW,GOLF III 1H1,GOLF II 19E, 1G1,PASSAT Variant 3A5, 35I,TRANSPORTER IV Kasten 70XA,GOLF III Variant 1H5,TRANSPORTER III Bus,PASSAT 3A2, 35I,TRANSPORTER IV Pritsche\/Fahrgestell 70XD,POLO CLASSIC 6KV2,VENTO 1H2,GOLF I 17,CADDY I 14,JETTA II 19E, 1G2, 165,TRANSPORTER III Kasten,TRANSPORTER III Pritsche\/Fahrgestell,PASSAT 32B,JETTA I 16,PASSAT Variant 33,SANTANA 32B; AUDI: 80 8C, B4,80 89, 89Q, 8A, B3,80 Avant 8C, B4,80 81, 85, B2,90 89, 89Q, 8A, B3,90 81, 85, B2; SEAT: IBIZA II 6K1,CORDOBA 6K1, 6K2,CORDOBA Vario 6K1,TOLEDO I 1L,INCA 6K9; 068109243F, 068109243F, 068109243, 068109243C, 068109243F<\/p>\n","protected":false},"excerpt":{"rendered":"<p>MEYLE Kiristysrulla, Hammashihnat 100 109 0010  VW,AUDI,SEAT,TRANSPORTER IV Bus 70XB, 70XC, 7DB, 7DW,GOLF III 1H1,GOLF II 19E, 1G1<\/p>\n","protected":false},"featured_media":0,"template":"","meta":{"site-sidebar-layout":"default","site-content-layout":"default","ast-global-header-display":"","ast-main-header-display":"","ast-hfb-above-header-display":"","ast-hfb-below-header-display":"","ast-hfb-mobile-header-display":"","site-post-title":"","ast-breadcrumbs-content":"","ast-featured-img":"","footer-sml-layout":"","theme-transparent-header-meta":"","adv-header-id-meta":"","stick-header-meta":"","header-above-stick-meta":"","header-main-stick-meta":"","header-below-stick-meta":""},"pwb-brand":[84],"product_cat":[282],"product_tag":[],"class_list":{"0":"post-96059","1":"product","2":"type-product","3":"status-publish","5":"pwb-brand-meyle","6":"product_cat-kiristysrulla","7":"desktop-align-left","8":"tablet-align-left","9":"mobile-align-left","11":"first","12":"instock","13":"product-type-external"},"brands":[{"id":84,"name":"MEYLE","slug":"meyle"}],"_links":{"self":[{"href":"https:\/\/www.autonvaraosahaku.fi\/index.php?rest_route=\/wp\/v2\/product\/96059","targetHints":{"allow":["GET"]}}],"collection":[{"href":"https:\/\/www.autonvaraosahaku.fi\/index.php?rest_route=\/wp\/v2\/product"}],"about":[{"href":"https:\/\/www.autonvaraosahaku.fi\/index.php?rest_route=\/wp\/v2\/types\/product"}],"wp:attachment":[{"href":"https:\/\/www.autonvaraosahaku.fi\/index.php?rest_route=%2Fwp%2Fv2%2Fmedia&parent=96059"}],"wp:term":[{"taxonomy":"pwb-brand","embeddable":true,"href":"https:\/\/www.autonvaraosahaku.fi\/index.php?rest_route=%2Fwp%2Fv2%2Fpwb-brand&post=96059"},{"taxonomy":"product_cat","embeddable":true,"href":"https:\/\/www.autonvaraosahaku.fi\/index.php?rest_route=%2Fwp%2Fv2%2Fproduct_cat&post=96059"},{"taxonomy":"product_tag","embeddable":true,"href":"https:\/\/www.autonvaraosahaku.fi\/index.php?rest_route=%2Fwp%2Fv2%2Fproduct_tag&post=96059"}],"curies":[{"name":"wp","href":"https:\/\/api.w.org\/{rel}","templated":true}]}}