{"id":96088,"date":"2021-02-21T22:04:07","date_gmt":"2021-02-21T22:04:07","guid":{"rendered":"https:\/\/www.autonvaraosahaku.fi\/?product=bremi-7004-virranjakajan-pyorija"},"modified":"2021-02-21T22:04:14","modified_gmt":"2021-02-21T22:04:14","slug":"bremi-7004-virranjakajan-pyorija","status":"publish","type":"product","link":"https:\/\/www.autonvaraosahaku.fi\/?product=bremi-7004-virranjakajan-pyorija","title":{"rendered":"BREMI 7004 Virranjakajan py\u00f6rij\u00e4"},"content":{"rendered":"<p>Valmistaja rajaus: System BOSCH; Materiaali: Polyesteri; H\u00e4iri\u00f6npoistolla: ; Vastus [Ohm]: 1000; Valmistusvuoteen: 08\/1988; BMW: 3 E36,3 E30,7 E38,5 E34,3 Cabriolet E30,7 E32,8 E31,5 Touring E34,5 E28,6 E24,3 Touring E30,7 E23,Z1; VOLVO: 760 704, 764,960 Kombi 965,760 Kombi 704, 765,960 964,780; LANCIA: THEMA 834; CITRO\u00cbN: XM Y4,XM Y3,XM Break Y4,XM Break Y3; ALFA ROMEO: SPIDER 916S_,GTV 916C_,164 164; PEUGEOT: 605 6B,505 551A; RENAULT: ESPACE II J\/S63_,SAFRANE II B54_,SAFRANE I B54_,25 B29_; ALPINE: V6; 19532050230000, 60513052, 12111284446, 12111734110, 1715906, 1734110, 5015617, 593742, 95960290202, 7700267693, 1269921, 12699211, 740169921<\/p>\n","protected":false},"excerpt":{"rendered":"<p>BREMI Virranjakajan Py\u00f6rij\u00e4 7004  BMW,VOLVO,LANCIA,3 E36,3 E30,7 E38,5 E34,3 Cabriolet E30,7 E32,8 E31,5 Touring E34,5 E28,6 E24,3 Touring E30,7 E23<\/p>\n","protected":false},"featured_media":0,"template":"","meta":{"site-sidebar-layout":"default","site-content-layout":"default","ast-global-header-display":"","ast-main-header-display":"","ast-hfb-above-header-display":"","ast-hfb-below-header-display":"","ast-hfb-mobile-header-display":"","site-post-title":"","ast-breadcrumbs-content":"","ast-featured-img":"","footer-sml-layout":"","theme-transparent-header-meta":"","adv-header-id-meta":"","stick-header-meta":"","header-above-stick-meta":"","header-main-stick-meta":"","header-below-stick-meta":""},"pwb-brand":[480],"product_cat":[94],"product_tag":[],"class_list":{"0":"post-96088","1":"product","2":"type-product","3":"status-publish","5":"pwb-brand-bremi","6":"product_cat-virranjakajan-pyorija","7":"desktop-align-left","8":"tablet-align-left","9":"mobile-align-left","11":"first","12":"instock","13":"product-type-external"},"brands":[{"id":480,"name":"BREMI","slug":"bremi"}],"_links":{"self":[{"href":"https:\/\/www.autonvaraosahaku.fi\/index.php?rest_route=\/wp\/v2\/product\/96088","targetHints":{"allow":["GET"]}}],"collection":[{"href":"https:\/\/www.autonvaraosahaku.fi\/index.php?rest_route=\/wp\/v2\/product"}],"about":[{"href":"https:\/\/www.autonvaraosahaku.fi\/index.php?rest_route=\/wp\/v2\/types\/product"}],"wp:attachment":[{"href":"https:\/\/www.autonvaraosahaku.fi\/index.php?rest_route=%2Fwp%2Fv2%2Fmedia&parent=96088"}],"wp:term":[{"taxonomy":"pwb-brand","embeddable":true,"href":"https:\/\/www.autonvaraosahaku.fi\/index.php?rest_route=%2Fwp%2Fv2%2Fpwb-brand&post=96088"},{"taxonomy":"product_cat","embeddable":true,"href":"https:\/\/www.autonvaraosahaku.fi\/index.php?rest_route=%2Fwp%2Fv2%2Fproduct_cat&post=96088"},{"taxonomy":"product_tag","embeddable":true,"href":"https:\/\/www.autonvaraosahaku.fi\/index.php?rest_route=%2Fwp%2Fv2%2Fproduct_tag&post=96088"}],"curies":[{"name":"wp","href":"https:\/\/api.w.org\/{rel}","templated":true}]}}