{"id":9611,"date":"2021-02-21T14:06:23","date_gmt":"2021-02-21T14:06:23","guid":{"rendered":"https:\/\/www.autonvaraosahaku.fi\/?product=febest-0115-klh18-vetonivelen-suojakumi"},"modified":"2021-02-21T14:06:24","modified_gmt":"2021-02-21T14:06:24","slug":"febest-0115-klh18-vetonivelen-suojakumi","status":"publish","type":"product","link":"https:\/\/www.autonvaraosahaku.fi\/?product=febest-0115-klh18-vetonivelen-suojakumi","title":{"rendered":"FEBEST 0115-KLH18 Vetonivelen suojakumi"},"content":{"rendered":"<p>Asennuspuoli: Vaihteiston puoli; Korkeus (mm): 110; Paino [kg]: 0,467; Materiaali: NBR (nitriili-butadi-kumi); M\u00e4\u00e4r\u00e4: 1; Sis\u00e4l\u00e4pimitta 2 [mm]: 94; Pakkausleveys [cm]: 11,0; Pakkauskorkeus [mm]: 11,0, 11,0; Vaihteistomalli: MT; SSANGYONG: MUSSO FJ,KORANDO KJ,MUSSO SPORTS,KORANDO K4,KORANDO Cabrio KJ,KORANDO K4 Gel\u00e4ndewagen offen; FORD: S-MAX WA6,MONDEO IV BA7,MONDEO IV Stufenheck BA7; TOYOTA: HILUX VI Pick-up _N1_,HILUX V Pick-up LN_, KZN1_, VZN1_,4 RUNNER RN10_, VZN13_, VZN10_, RN13_,HIACE IV Bus LH1_,HIACE IV Kasten LXH1_, RZH1_, LH1_,HIACE III Wagon LH1_, RZH1_,HIACE IV Kasten TRH2_, KDH2_,HILUX II Pritsche\/Fahrgestell LN6_, LN5_, YN6_, YN5_, VZN1_,HIACE III Kasten YH7_, LH6_, LH7_, LH5_, YH5_, YH6_,HIACE \/ COMMUTER IV TRH2_, KDH2_,4 RUNNER RN5_, LN5_, VZN6_, RN7_, RN6_,HIACE II Wagon LH7_, LH5_, LH6_, YH7_, YH6_, YH5_,HIACE II Kasten LH5_, YH7_, LH7_, LH6_, YH6_, YH5_,DYNA Pritsche\/Fahrgestell KD_, LY_, TRY2_, KDY2_, XZU4_, XZ,CROWN Stufenheck JZS13_, YS13_, LS13_, GS13_,HILUX Gel\u00e4ndewagen geschlossen RZN1_, LN1_,DYNA 150 Pritsche\/Fahrgestell LY_,HILUX Gel\u00e4ndewagen geschlossen ZN13_, LN9_, RN1_, YN8_, LN8; MITSUBISHI: GRANDIS NA_W; 1446290, 1446293, 3817A103, 4130005100X, 4130005101, 4133205000, 0443725011, 0443825010, 4340326010, 4343026032<\/p>\n","protected":false},"excerpt":{"rendered":"<p>FEBEST Paljekumisarja, Vetoakseli 0115-KLH18  SSANGYONG,FORD,TOYOTA,MUSSO FJ,KORANDO KJ,MUSSO SPORTS,KORANDO K4,KORANDO Cabrio KJ<\/p>\n","protected":false},"featured_media":0,"template":"","meta":{"site-sidebar-layout":"default","site-content-layout":"default","ast-global-header-display":"","ast-main-header-display":"","ast-hfb-above-header-display":"","ast-hfb-below-header-display":"","ast-hfb-mobile-header-display":"","site-post-title":"","ast-breadcrumbs-content":"","ast-featured-img":"","footer-sml-layout":"","theme-transparent-header-meta":"","adv-header-id-meta":"","stick-header-meta":"","header-above-stick-meta":"","header-main-stick-meta":"","header-below-stick-meta":""},"pwb-brand":[152],"product_cat":[42],"product_tag":[],"class_list":{"0":"post-9611","1":"product","2":"type-product","3":"status-publish","5":"pwb-brand-febest","6":"product_cat-vetonivelen-suojakumi","7":"desktop-align-left","8":"tablet-align-left","9":"mobile-align-left","11":"first","12":"instock","13":"product-type-external"},"brands":[{"id":152,"name":"FEBEST","slug":"febest"}],"_links":{"self":[{"href":"https:\/\/www.autonvaraosahaku.fi\/index.php?rest_route=\/wp\/v2\/product\/9611","targetHints":{"allow":["GET"]}}],"collection":[{"href":"https:\/\/www.autonvaraosahaku.fi\/index.php?rest_route=\/wp\/v2\/product"}],"about":[{"href":"https:\/\/www.autonvaraosahaku.fi\/index.php?rest_route=\/wp\/v2\/types\/product"}],"wp:attachment":[{"href":"https:\/\/www.autonvaraosahaku.fi\/index.php?rest_route=%2Fwp%2Fv2%2Fmedia&parent=9611"}],"wp:term":[{"taxonomy":"pwb-brand","embeddable":true,"href":"https:\/\/www.autonvaraosahaku.fi\/index.php?rest_route=%2Fwp%2Fv2%2Fpwb-brand&post=9611"},{"taxonomy":"product_cat","embeddable":true,"href":"https:\/\/www.autonvaraosahaku.fi\/index.php?rest_route=%2Fwp%2Fv2%2Fproduct_cat&post=9611"},{"taxonomy":"product_tag","embeddable":true,"href":"https:\/\/www.autonvaraosahaku.fi\/index.php?rest_route=%2Fwp%2Fv2%2Fproduct_tag&post=9611"}],"curies":[{"name":"wp","href":"https:\/\/api.w.org\/{rel}","templated":true}]}}