{"id":9612,"date":"2021-02-21T14:06:23","date_gmt":"2021-02-21T14:06:23","guid":{"rendered":"https:\/\/www.autonvaraosahaku.fi\/?product=master-sport-1399-2-lf-pcs-ms-ilmansuodatin"},"modified":"2021-02-21T14:06:24","modified_gmt":"2021-02-21T14:06:24","slug":"master-sport-1399-2-lf-pcs-ms-ilmansuodatin","status":"publish","type":"product","link":"https:\/\/www.autonvaraosahaku.fi\/?product=master-sport-1399-2-lf-pcs-ms-ilmansuodatin","title":{"rendered":"MASTER-SPORT 1399\/2-LF-PCS-MS Ilmansuodatin"},"content":{"rendered":"<p>Sis\u00e4l\u00e4pimitta [mm]: 92; Ulkol\u00e4pimitta [mm]: 130; Korkeus (mm): 268; Sis\u00e4l\u00e4pimitta 1 [mm]: 92; Nettopaino [kg]: 0,37; Bruttopaino [kg]: 0,45; Valmistusvuoteen: 02\/1999; RENAULT: MEGANE Scenic JA0\/1_,MEGANE I BA0\/1_,MEGANE I Classic LA0\/1_,MEGANE I Coach DA0\/1_,19 II B\/C53_,19 II Chamade L53_,19 I Cabriolet D53_,19 II Kasten S53_; 1444N7, 7700854426, 7700857336<\/p>\n","protected":false},"excerpt":{"rendered":"<p>MASTER-SPORT Ilmansuodatin 1399\/2-LF-PCS-MS  RENAULT,MEGANE Scenic JA0\/1_,MEGANE I BA0\/1_,MEGANE I Classic LA0\/1_,MEGANE I Coach DA0\/1_,19 II B\/C53_<\/p>\n","protected":false},"featured_media":0,"template":"","meta":{"site-sidebar-layout":"default","site-content-layout":"default","ast-global-header-display":"","ast-main-header-display":"","ast-hfb-above-header-display":"","ast-hfb-below-header-display":"","ast-hfb-mobile-header-display":"","site-post-title":"","ast-breadcrumbs-content":"","ast-featured-img":"","footer-sml-layout":"","theme-transparent-header-meta":"","adv-header-id-meta":"","stick-header-meta":"","header-above-stick-meta":"","header-main-stick-meta":"","header-below-stick-meta":""},"pwb-brand":[61],"product_cat":[31],"product_tag":[],"class_list":{"0":"post-9612","1":"product","2":"type-product","3":"status-publish","5":"pwb-brand-master-sport","6":"product_cat-ilmansuodatin","7":"desktop-align-left","8":"tablet-align-left","9":"mobile-align-left","11":"first","12":"instock","13":"product-type-external"},"brands":[{"id":61,"name":"MASTER-SPORT","slug":"master-sport"}],"_links":{"self":[{"href":"https:\/\/www.autonvaraosahaku.fi\/index.php?rest_route=\/wp\/v2\/product\/9612","targetHints":{"allow":["GET"]}}],"collection":[{"href":"https:\/\/www.autonvaraosahaku.fi\/index.php?rest_route=\/wp\/v2\/product"}],"about":[{"href":"https:\/\/www.autonvaraosahaku.fi\/index.php?rest_route=\/wp\/v2\/types\/product"}],"wp:attachment":[{"href":"https:\/\/www.autonvaraosahaku.fi\/index.php?rest_route=%2Fwp%2Fv2%2Fmedia&parent=9612"}],"wp:term":[{"taxonomy":"pwb-brand","embeddable":true,"href":"https:\/\/www.autonvaraosahaku.fi\/index.php?rest_route=%2Fwp%2Fv2%2Fpwb-brand&post=9612"},{"taxonomy":"product_cat","embeddable":true,"href":"https:\/\/www.autonvaraosahaku.fi\/index.php?rest_route=%2Fwp%2Fv2%2Fproduct_cat&post=9612"},{"taxonomy":"product_tag","embeddable":true,"href":"https:\/\/www.autonvaraosahaku.fi\/index.php?rest_route=%2Fwp%2Fv2%2Fproduct_tag&post=9612"}],"curies":[{"name":"wp","href":"https:\/\/api.w.org\/{rel}","templated":true}]}}