{"id":96133,"date":"2021-02-21T22:04:34","date_gmt":"2021-02-21T22:04:34","guid":{"rendered":"https:\/\/www.autonvaraosahaku.fi\/?product=ridex-70b0180-jarrukengat"},"modified":"2021-02-21T22:04:35","modified_gmt":"2021-02-21T22:04:35","slug":"ridex-70b0180-jarrukengat","status":"publish","type":"product","link":"https:\/\/www.autonvaraosahaku.fi\/?product=ridex-70b0180-jarrukengat","title":{"rendered":"RIDEX 70B0180 Jarrukeng\u00e4t"},"content":{"rendered":"<p>Asennuspuoli: Taka-akseli, Hinterachse; L\u00e4pimitta [mm]: 295,0; Leveys (mm): 62,0; M\u00e4\u00e4r\u00e4tty kiertosuunta: ; ei sidoksissa kulkusuuntaan: ; Paino [kg]: 3,6; TOYOTA: HILUX III Pick-up TGN1_, GGN2_, GGN1_, KUN2_, KUN1_,HILUX III Pritsche\/Fahrgestell KUN1_, TGN3_, TGN2_, TGN1_,,FORTUNER Gel\u00e4ndewagen geschlossen TGN6_, KUN6_, GGN6_, TGN5,HILUX Pick-up GUN1_; 044950K020, 044950K070, 044950K120, 424310K140; Jarrukenk\u00e4sarja<\/p>\n","protected":false},"excerpt":{"rendered":"<p>RIDEX Jarrukeng\u00e4t 70B0180 Jarrukenk\u00e4sarja TOYOTA,HILUX III Pick-up TGN1_, GGN2_, GGN1_, KUN2_, KUN1_<\/p>\n","protected":false},"featured_media":0,"template":"","meta":{"site-sidebar-layout":"default","site-content-layout":"default","ast-global-header-display":"","ast-main-header-display":"","ast-hfb-above-header-display":"","ast-hfb-below-header-display":"","ast-hfb-mobile-header-display":"","site-post-title":"","ast-breadcrumbs-content":"","ast-featured-img":"","footer-sml-layout":"","theme-transparent-header-meta":"","adv-header-id-meta":"","stick-header-meta":"","header-above-stick-meta":"","header-main-stick-meta":"","header-below-stick-meta":""},"pwb-brand":[157],"product_cat":[176],"product_tag":[],"class_list":{"0":"post-96133","1":"product","2":"type-product","3":"status-publish","5":"pwb-brand-ridex","6":"product_cat-jarrukengat","7":"desktop-align-left","8":"tablet-align-left","9":"mobile-align-left","11":"first","12":"instock","13":"product-type-external"},"brands":[{"id":157,"name":"RIDEX","slug":"ridex"}],"_links":{"self":[{"href":"https:\/\/www.autonvaraosahaku.fi\/index.php?rest_route=\/wp\/v2\/product\/96133","targetHints":{"allow":["GET"]}}],"collection":[{"href":"https:\/\/www.autonvaraosahaku.fi\/index.php?rest_route=\/wp\/v2\/product"}],"about":[{"href":"https:\/\/www.autonvaraosahaku.fi\/index.php?rest_route=\/wp\/v2\/types\/product"}],"wp:attachment":[{"href":"https:\/\/www.autonvaraosahaku.fi\/index.php?rest_route=%2Fwp%2Fv2%2Fmedia&parent=96133"}],"wp:term":[{"taxonomy":"pwb-brand","embeddable":true,"href":"https:\/\/www.autonvaraosahaku.fi\/index.php?rest_route=%2Fwp%2Fv2%2Fpwb-brand&post=96133"},{"taxonomy":"product_cat","embeddable":true,"href":"https:\/\/www.autonvaraosahaku.fi\/index.php?rest_route=%2Fwp%2Fv2%2Fproduct_cat&post=96133"},{"taxonomy":"product_tag","embeddable":true,"href":"https:\/\/www.autonvaraosahaku.fi\/index.php?rest_route=%2Fwp%2Fv2%2Fproduct_tag&post=96133"}],"curies":[{"name":"wp","href":"https:\/\/api.w.org\/{rel}","templated":true}]}}