{"id":96137,"date":"2021-02-21T22:04:34","date_gmt":"2021-02-21T22:04:34","guid":{"rendered":"https:\/\/www.autonvaraosahaku.fi\/?product=elwis-royal-1538820-venttiilikopan-tiiviste"},"modified":"2021-02-21T22:04:37","modified_gmt":"2021-02-21T22:04:37","slug":"elwis-royal-1538820-venttiilikopan-tiiviste","status":"publish","type":"product","link":"https:\/\/www.autonvaraosahaku.fi\/?product=elwis-royal-1538820-venttiilikopan-tiiviste","title":{"rendered":"ELWIS ROYAL 1538820 Venttiilikopan tiiviste"},"content":{"rendered":"<p>Tarvittava kappalem\u00e4\u00e4r\u00e4: 1; Materiaali: NBR (nitriili-butadi-kumi); Materiaali: Kumi; HYUNDAI: TERRACAN HP,GALLOPER II JK-01,H-1 Kasten,H-1 \/ STAREX,GALLOPER I,H100 Bus P,H100 Kasten,H-1 Pritsche\/Fahrgestell,PORTER Pritsche\/Fahrgestell,H100 Pick-up,H100 Pritsche\/Fahrgestell,PORTER Pick-up; KIA: PREGIO Kasten TB,PREGIO Bus,K2500 SD,BONGO Pritsche\/Fahrgestell; MITSUBISHI: PAJERO III V7_W, V6_W,L 200 K7_T, K6_T,PAJERO II V3_W, V2_W, V4_W,L 300 Bus P0_W, P1_W, P2_W,PAJERO SPORT K90,PAJERO I L04_G, L14_G,PAJERO CLASSIC V2_W,L 400 \/ SPACE GEAR Bus PD_W, PC_W, PA_V, PB_V,GALLOPER JK-01,L 300 Pritsche\/Fahrgestell L03_P,L 300 Kasten L03_P,PAJERO SPORT VAN K90,PAJERO III Gel\u00e4ndewagen offen V6_W, V7_W,L 300 Kasten P0_W, P1_W,L 300 Bus LO3_P\/G, L0_2P,PAJERO I Canvas Top L04_G,L 200 K3_T, K2_T, K1_T, K0_T,PAJERO II Canvas Top V2_W, V4_W,L 400 Kasten PD_W, PC_W, PB_V, PA_W, PA_V,GALANT II A16_,L 300 Pritsche\/Fahrgestell P1_T,FORTE,GALANT II Station Wagon A16_V,DELICA; 2244142000, 2244142901, 2244142902, 2244142902, MD050312; Tiiviste, Venttiilikoppa<\/p>\n","protected":false},"excerpt":{"rendered":"<p>ELWIS ROYAL Venttiilikopan Tiiviste 1538820 Tiiviste, Venttiilikoppa HYUNDAI,KIA,MITSUBISHI,TERRACAN HP,GALLOPER II JK-01,H-1 Kasten,H-1 \/ STAREX<\/p>\n","protected":false},"featured_media":0,"template":"","meta":{"site-sidebar-layout":"default","site-content-layout":"default","ast-global-header-display":"","ast-main-header-display":"","ast-hfb-above-header-display":"","ast-hfb-below-header-display":"","ast-hfb-mobile-header-display":"","site-post-title":"","ast-breadcrumbs-content":"","ast-featured-img":"","footer-sml-layout":"","theme-transparent-header-meta":"","adv-header-id-meta":"","stick-header-meta":"","header-above-stick-meta":"","header-main-stick-meta":"","header-below-stick-meta":""},"pwb-brand":[120],"product_cat":[44],"product_tag":[],"class_list":{"0":"post-96137","1":"product","2":"type-product","3":"status-publish","5":"pwb-brand-elwis-royal","6":"product_cat-venttiilikopan-tiiviste","7":"desktop-align-left","8":"tablet-align-left","9":"mobile-align-left","11":"first","12":"instock","13":"product-type-external"},"brands":[{"id":120,"name":"ELWIS ROYAL","slug":"elwis-royal"}],"_links":{"self":[{"href":"https:\/\/www.autonvaraosahaku.fi\/index.php?rest_route=\/wp\/v2\/product\/96137","targetHints":{"allow":["GET"]}}],"collection":[{"href":"https:\/\/www.autonvaraosahaku.fi\/index.php?rest_route=\/wp\/v2\/product"}],"about":[{"href":"https:\/\/www.autonvaraosahaku.fi\/index.php?rest_route=\/wp\/v2\/types\/product"}],"wp:attachment":[{"href":"https:\/\/www.autonvaraosahaku.fi\/index.php?rest_route=%2Fwp%2Fv2%2Fmedia&parent=96137"}],"wp:term":[{"taxonomy":"pwb-brand","embeddable":true,"href":"https:\/\/www.autonvaraosahaku.fi\/index.php?rest_route=%2Fwp%2Fv2%2Fpwb-brand&post=96137"},{"taxonomy":"product_cat","embeddable":true,"href":"https:\/\/www.autonvaraosahaku.fi\/index.php?rest_route=%2Fwp%2Fv2%2Fproduct_cat&post=96137"},{"taxonomy":"product_tag","embeddable":true,"href":"https:\/\/www.autonvaraosahaku.fi\/index.php?rest_route=%2Fwp%2Fv2%2Fproduct_tag&post=96137"}],"curies":[{"name":"wp","href":"https:\/\/api.w.org\/{rel}","templated":true}]}}