{"id":9614,"date":"2021-02-21T14:06:23","date_gmt":"2021-02-21T14:06:23","guid":{"rendered":"https:\/\/www.autonvaraosahaku.fi\/?product=sachs-316-604-iskunvaimennin"},"modified":"2021-02-21T14:06:24","modified_gmt":"2021-02-21T14:06:24","slug":"sachs-316-604-iskunvaimennin","status":"publish","type":"product","link":"https:\/\/www.autonvaraosahaku.fi\/?product=sachs-316-604-iskunvaimennin","title":{"rendered":"SACHS 316 604 Iskunvaimennin"},"content":{"rendered":"<p>Iskunvaimennusj\u00e4rjestelm\u00e4: Kaksiputki; Iskunvaimennin tyyppi: Kaasupaine; Tunnusluku: SEOV30\/13X183A; Iskunvaimennin asennustapa: Tappi ylh\u00e4\u00e4ll\u00e4, Haarukka alhaalla; Asennuspuoli: Hinterachse; KIA: SPORTAGE SL,OPTIMA,CADENZA; HYUNDAI: ix35 LM, EL, ELH,SONATA VI YF,GRANDEUR HG; 553112S000, 553112S050, 553112S060, 553112S850, 553112S860, 553112T010, 553112T020, 553112T110, 553112T120, 553112Y000, 553112Y001, 553112Y010, 553112Y300, 553112Y350, 553113R020, 553113R800, 553113S010, 553113S020, 553113S030, 553113S060, 553113S070, 553113U010, 553113V010, 553113V080, 553113V500, 553113W050, 553113W060, 553113W860, 553113W870, 553114R010, 553114R030, 553112S000, 553112S050, 553112S060, 553112S850, 553112S860, 553112T010, 553112T020, 553112T110, 553112T120, 553112Y000, 553112Y010, 553112Y300, 553112Y350, 553113R020, 553113R800, 553113S010, 553113S020, 553113S030, 553113S060, 553113S070, 553113U000, 553113U010, 553113V010, 553113V080, 553113V500, 553113W050, 553113W060, 553113W860, 553113W870, 553114R010, 553114R030; Iskarit,Iskunvaimennin<\/p>\n","protected":false},"excerpt":{"rendered":"<p>SACHS Iskunvaimentimet 316 604 Iskarit,Iskunvaimennin KIA,HYUNDAI,SPORTAGE SL,OPTIMA,CADENZA,ix35 LM, EL, ELH,SONATA VI YF,GRANDEUR HG<\/p>\n","protected":false},"featured_media":0,"template":"","meta":{"site-sidebar-layout":"default","site-content-layout":"default","ast-global-header-display":"","ast-main-header-display":"","ast-hfb-above-header-display":"","ast-hfb-below-header-display":"","ast-hfb-mobile-header-display":"","site-post-title":"","ast-breadcrumbs-content":"","ast-featured-img":"","footer-sml-layout":"","theme-transparent-header-meta":"","adv-header-id-meta":"","stick-header-meta":"","header-above-stick-meta":"","header-main-stick-meta":"","header-below-stick-meta":""},"pwb-brand":[91],"product_cat":[80],"product_tag":[],"class_list":{"0":"post-9614","1":"product","2":"type-product","3":"status-publish","5":"pwb-brand-sachs","6":"product_cat-iskunvaimennin","7":"desktop-align-left","8":"tablet-align-left","9":"mobile-align-left","11":"first","12":"instock","13":"product-type-external"},"brands":[{"id":91,"name":"SACHS","slug":"sachs"}],"_links":{"self":[{"href":"https:\/\/www.autonvaraosahaku.fi\/index.php?rest_route=\/wp\/v2\/product\/9614","targetHints":{"allow":["GET"]}}],"collection":[{"href":"https:\/\/www.autonvaraosahaku.fi\/index.php?rest_route=\/wp\/v2\/product"}],"about":[{"href":"https:\/\/www.autonvaraosahaku.fi\/index.php?rest_route=\/wp\/v2\/types\/product"}],"wp:attachment":[{"href":"https:\/\/www.autonvaraosahaku.fi\/index.php?rest_route=%2Fwp%2Fv2%2Fmedia&parent=9614"}],"wp:term":[{"taxonomy":"pwb-brand","embeddable":true,"href":"https:\/\/www.autonvaraosahaku.fi\/index.php?rest_route=%2Fwp%2Fv2%2Fpwb-brand&post=9614"},{"taxonomy":"product_cat","embeddable":true,"href":"https:\/\/www.autonvaraosahaku.fi\/index.php?rest_route=%2Fwp%2Fv2%2Fproduct_cat&post=9614"},{"taxonomy":"product_tag","embeddable":true,"href":"https:\/\/www.autonvaraosahaku.fi\/index.php?rest_route=%2Fwp%2Fv2%2Fproduct_tag&post=9614"}],"curies":[{"name":"wp","href":"https:\/\/api.w.org\/{rel}","templated":true}]}}