{"id":96143,"date":"2021-02-21T22:04:34","date_gmt":"2021-02-21T22:04:34","guid":{"rendered":"https:\/\/www.autonvaraosahaku.fi\/?product=master-sport-512-kf-pcs-ms-polttoainesuodatin"},"modified":"2021-02-21T22:04:39","modified_gmt":"2021-02-21T22:04:39","slug":"master-sport-512-kf-pcs-ms-polttoainesuodatin","status":"publish","type":"product","link":"https:\/\/www.autonvaraosahaku.fi\/?product=master-sport-512-kf-pcs-ms-polttoainesuodatin","title":{"rendered":"MASTER-SPORT 512-KF-PCS-MS Polttoainesuodatin"},"content":{"rendered":"<p>Ulkol\u00e4pimitta [mm]: 55; Ulkol\u00e4pimitta 1 [mm]: 55; Korkeus (mm): 163; Sis\u00e4\u00e4ntulol\u00e4pimitta [mm]: 7,9; Ulostulon l\u00e4pimitta [mm]: 7,9; Nettopaino [kg]: 0,13; Bruttopaino [kg]: 0,13; Valmistusvuosi alkaen: 10\/1997; VW: GOLF V 1K1,POLO 9N_,TOURAN 1T1, 1T2,GOLF PLUS 5M1, 521,LUPO 6X1, 6E1,POLO 6N2,POLO 6N1,FOX 5Z1, 5Z3,POLO Variant 6KV5,POLO CLASSIC 6KV2,POLO Stufenheck 9A4; AUDI: A3 8P1,A3 Sportback 8PA,A2 8Z0; SKODA: FABIA Combi 6Y5,FABIA 6Y2,FABIA Stufenheck 6Y3,FABIA Praktik; SEAT: IBIZA IV 6L1,AROSA 6H,IBIZA II 6K1,CORDOBA 6K1, 6K2,CORDOBA Vario 6K1; DAEWOO: NUBIRA Wagon KLAJ; LADA: NIVA 2121,KALINA Kombi 1117,KALINA Schr\u00e4gheck 1119,PRIORA Kombi 2171,KALINA Stufenheck 1118,GRANTA 2190,PRIORA Schr\u00e4gheck 2172; SAAB: 9-3 YS3F,9-5 Kombi YS3E,9-3 Kombi YS3F,9-5 YS3E,9-3 Cabriolet YS3F,9-3X; OPEL: CORSA C F08, F68,MERIVA,ZAFIRA A F75_,ASTRA G CC F48_, F08_,ASTRA G Caravan F35_,CORSA B 73_, 78_, 79_,VECTRA C Caravan,SIGNUM,VECTRA C,VECTRA B 36_,OMEGA B Caravan 21_, 22_, 23_,OMEGA B 25_, 26_, 27_,VECTRA C GTS,TIGRA TwinTop,VECTRA B Caravan 31_,ASTRA G Cabriolet F67,ASTRA G Coupe F07_,COMBO Kasten\/Kombi,ASTRA G Stufenheck F69_,VECTRA B CC 38_,COMBO Tour,TIGRA 95_,CORSA C Kasten F08, W5L,COMBO 71_,CORSA B Kasten 73_,ASTRA G Kasten F70,CORSA B Kombi F35,ASTRA G CLASSIC Caravan F35,ASTRA G CLASSIC T98,ASTRA G CLASSIC Stufenheck T98; JAGUAR: X-TYPE CF1,X-TYPE Estate; LANCIA: Y 840A,DELTA II 836,DEDRA 835,DEDRA SW 835; 156789, 46403932, 46403933, 46441236, 46474249, 46523087, 60811822, 60811904, 60812738, 71736100, 1X439155A, 1X439155AA, C2S20906, C2S2768, C2S40500, C2S43206, C2S45278, 21230111701000, 21230111701002, 21231117010, 2123111701000, 2123111701002, 25164444, 25320277, 808568, 818508, 818509, 818510, 818514, 818568, 156788<\/p>\n","protected":false},"excerpt":{"rendered":"<p>MASTER-SPORT Polttoainesuodatin 512-KF-PCS-MS  VW,AUDI,SKODA,GOLF V 1K1,POLO 9N_,TOURAN 1T1, 1T2,GOLF PLUS 5M1, 521,LUPO 6X1, 6E1,POLO 6N2,POLO 6N1<\/p>\n","protected":false},"featured_media":0,"template":"","meta":{"site-sidebar-layout":"default","site-content-layout":"default","ast-global-header-display":"","ast-main-header-display":"","ast-hfb-above-header-display":"","ast-hfb-below-header-display":"","ast-hfb-mobile-header-display":"","site-post-title":"","ast-breadcrumbs-content":"","ast-featured-img":"","footer-sml-layout":"","theme-transparent-header-meta":"","adv-header-id-meta":"","stick-header-meta":"","header-above-stick-meta":"","header-main-stick-meta":"","header-below-stick-meta":""},"pwb-brand":[61],"product_cat":[29],"product_tag":[],"class_list":{"0":"post-96143","1":"product","2":"type-product","3":"status-publish","5":"pwb-brand-master-sport","6":"product_cat-polttoainesuodatin","7":"desktop-align-left","8":"tablet-align-left","9":"mobile-align-left","11":"first","12":"instock","13":"product-type-external"},"brands":[{"id":61,"name":"MASTER-SPORT","slug":"master-sport"}],"_links":{"self":[{"href":"https:\/\/www.autonvaraosahaku.fi\/index.php?rest_route=\/wp\/v2\/product\/96143","targetHints":{"allow":["GET"]}}],"collection":[{"href":"https:\/\/www.autonvaraosahaku.fi\/index.php?rest_route=\/wp\/v2\/product"}],"about":[{"href":"https:\/\/www.autonvaraosahaku.fi\/index.php?rest_route=\/wp\/v2\/types\/product"}],"wp:attachment":[{"href":"https:\/\/www.autonvaraosahaku.fi\/index.php?rest_route=%2Fwp%2Fv2%2Fmedia&parent=96143"}],"wp:term":[{"taxonomy":"pwb-brand","embeddable":true,"href":"https:\/\/www.autonvaraosahaku.fi\/index.php?rest_route=%2Fwp%2Fv2%2Fpwb-brand&post=96143"},{"taxonomy":"product_cat","embeddable":true,"href":"https:\/\/www.autonvaraosahaku.fi\/index.php?rest_route=%2Fwp%2Fv2%2Fproduct_cat&post=96143"},{"taxonomy":"product_tag","embeddable":true,"href":"https:\/\/www.autonvaraosahaku.fi\/index.php?rest_route=%2Fwp%2Fv2%2Fproduct_tag&post=96143"}],"curies":[{"name":"wp","href":"https:\/\/api.w.org\/{rel}","templated":true}]}}