{"id":96163,"date":"2021-02-21T22:04:42","date_gmt":"2021-02-21T22:04:42","guid":{"rendered":"https:\/\/www.autonvaraosahaku.fi\/?product=maxgear-54-0828-hihnankiristin"},"modified":"2021-02-21T22:04:48","modified_gmt":"2021-02-21T22:04:48","slug":"maxgear-54-0828-hihnankiristin","status":"publish","type":"product","link":"https:\/\/www.autonvaraosahaku.fi\/?product=maxgear-54-0828-hihnankiristin","title":{"rendered":"MAXGEAR 54-0828 Hihnankiristin"},"content":{"rendered":"<p>Hihnapy\u00f6r\u00e4-\u00d8[mm]: 70; Korkeus 1 (mm): 23,8; Korkeus 2 (mm): 68; Paino [kg]: 0,84; CHEVROLET: ORLANDO J309,CRUZE J300,CRUZE Station Wagon J308,AVEO Schr\u00e4gheck T300,CRUZE Schr\u00e4gheck J305,TRAX,AVEO Stufenheck T300; SUZUKI: WAGON R; OPEL: CORSA D,CORSA C F08, F68,ASTRA H Caravan L35,MERIVA,ASTRA G CC F48_, F08_,ASTRA H L48,ASTRA J Sports Tourer,ASTRA G Caravan F35_,CORSA B 73_, 78_, 79_,INSIGNIA Caravan,ASTRA J,ASTRA H GTC L08,MERIVA B,AGILA A H00,ZAFIRA TOURER C P12,MOKKA,ADAM,TIGRA TwinTop,INSIGNIA,INSIGNIA Stufenheck,COMBO Kasten\/Kombi,ASTRA G Stufenheck F69_,ASTRA GTC J,COMBO Tour,ASTRA J Stufenheck,CORSA D Van,CASCADA W13,CORSA C Kasten F08, W5L,CORSA E; VAUXHALL: CORSA Mk III D L_8,INSIGNIA Mk I A,ASTRA Mk V H CC,ADAM,INSIGNIA Mk I A Estate,CORSA Mk II C W5L, F08,ASTRA Mk V H Estate,ZAFIRA Mk III P12,ASTRA Mk VI J CC,INSIGNIA Mk I A Sedan,ASTRA Mk VI J,CORSA Mk I B,MERIVA Mk I A,CORSAVAN Mk II C,CORSAVAN Mk III D,MERIVA Mk II B,TIGRA Convertible,AGILA Mk I A,ASTRA Mk VI J Sedan,ASTRA Mk VI J Estate,MOKKA,ASTRAVAN Mk V H,CORSA Mk IV E,COMBO TOUR Mk II C F25,COMBO Mk II C Kasten\/Kombi F25; 55565236, 1340267, 1340550, 1340551, 55352021, 55565236, 6340553, 90531965, 90531986, 1340267, 1340550, 1340551, 55352021, 55565236, 6340553, 90531965, 90531986; Hihnankiristin, Moniurahihna<\/p>\n","protected":false},"excerpt":{"rendered":"<p>MAXGEAR Hihnankiristin 54-0828 Hihnankiristin, Moniurahihna CHEVROLET,SUZUKI,OPEL,ORLANDO J309,CRUZE J300,CRUZE Station Wagon J308<\/p>\n","protected":false},"featured_media":0,"template":"","meta":{"site-sidebar-layout":"default","site-content-layout":"default","ast-global-header-display":"","ast-main-header-display":"","ast-hfb-above-header-display":"","ast-hfb-below-header-display":"","ast-hfb-mobile-header-display":"","site-post-title":"","ast-breadcrumbs-content":"","ast-featured-img":"","footer-sml-layout":"","theme-transparent-header-meta":"","adv-header-id-meta":"","stick-header-meta":"","header-above-stick-meta":"","header-main-stick-meta":"","header-below-stick-meta":""},"pwb-brand":[48],"product_cat":[186],"product_tag":[],"class_list":{"0":"post-96163","1":"product","2":"type-product","3":"status-publish","5":"pwb-brand-maxgear","6":"product_cat-hihnankiristin","7":"desktop-align-left","8":"tablet-align-left","9":"mobile-align-left","11":"first","12":"instock","13":"product-type-external"},"brands":[{"id":48,"name":"MAXGEAR","slug":"maxgear"}],"_links":{"self":[{"href":"https:\/\/www.autonvaraosahaku.fi\/index.php?rest_route=\/wp\/v2\/product\/96163","targetHints":{"allow":["GET"]}}],"collection":[{"href":"https:\/\/www.autonvaraosahaku.fi\/index.php?rest_route=\/wp\/v2\/product"}],"about":[{"href":"https:\/\/www.autonvaraosahaku.fi\/index.php?rest_route=\/wp\/v2\/types\/product"}],"wp:attachment":[{"href":"https:\/\/www.autonvaraosahaku.fi\/index.php?rest_route=%2Fwp%2Fv2%2Fmedia&parent=96163"}],"wp:term":[{"taxonomy":"pwb-brand","embeddable":true,"href":"https:\/\/www.autonvaraosahaku.fi\/index.php?rest_route=%2Fwp%2Fv2%2Fpwb-brand&post=96163"},{"taxonomy":"product_cat","embeddable":true,"href":"https:\/\/www.autonvaraosahaku.fi\/index.php?rest_route=%2Fwp%2Fv2%2Fproduct_cat&post=96163"},{"taxonomy":"product_tag","embeddable":true,"href":"https:\/\/www.autonvaraosahaku.fi\/index.php?rest_route=%2Fwp%2Fv2%2Fproduct_tag&post=96163"}],"curies":[{"name":"wp","href":"https:\/\/api.w.org\/{rel}","templated":true}]}}