{"id":96196,"date":"2021-02-21T22:04:59","date_gmt":"2021-02-21T22:04:59","guid":{"rendered":"https:\/\/www.autonvaraosahaku.fi\/?product=tedgum-00345623-moottorin-kumityyny"},"modified":"2021-02-21T22:05:02","modified_gmt":"2021-02-21T22:05:02","slug":"tedgum-00345623-moottorin-kumityyny","status":"publish","type":"product","link":"https:\/\/www.autonvaraosahaku.fi\/?product=tedgum-00345623-moottorin-kumityyny","title":{"rendered":"TEDGUM 00345623 Moottorin kumityyny"},"content":{"rendered":"<p>Asennuspuoli: Oikea; Kiinnitysmalli: Kumimetallilaakeri; Materiaali: Kumi-metalli; Tarvittava kappalem\u00e4\u00e4r\u00e4: 1; KIA: CARNIVAL II GQ,CLARUS K9A,CARNIVAL I UP,CLARUS Kombi GC; 0K55439060A, 0K55839050A, 0K55839060, 0K55839060A, 0K9A139060, 0K9A539060; Moottorin Tukikumit,Moottorin Tuki<\/p>\n","protected":false},"excerpt":{"rendered":"<p>TEDGUM Moottorin Kumityyny 00345623 Moottorin Tukikumit,Moottorin Tuki KIA,CARNIVAL II GQ,CLARUS K9A,CARNIVAL I UP,CLARUS Kombi GC<\/p>\n","protected":false},"featured_media":0,"template":"","meta":{"site-sidebar-layout":"default","site-content-layout":"default","ast-global-header-display":"","ast-main-header-display":"","ast-hfb-above-header-display":"","ast-hfb-below-header-display":"","ast-hfb-mobile-header-display":"","site-post-title":"","ast-breadcrumbs-content":"","ast-featured-img":"","footer-sml-layout":"","theme-transparent-header-meta":"","adv-header-id-meta":"","stick-header-meta":"","header-above-stick-meta":"","header-main-stick-meta":"","header-below-stick-meta":""},"pwb-brand":[155],"product_cat":[74],"product_tag":[],"class_list":{"0":"post-96196","1":"product","2":"type-product","3":"status-publish","5":"pwb-brand-tedgum","6":"product_cat-moottorin-kumityyny","7":"desktop-align-left","8":"tablet-align-left","9":"mobile-align-left","11":"first","12":"instock","13":"product-type-external"},"brands":[{"id":155,"name":"TEDGUM","slug":"tedgum"}],"_links":{"self":[{"href":"https:\/\/www.autonvaraosahaku.fi\/index.php?rest_route=\/wp\/v2\/product\/96196","targetHints":{"allow":["GET"]}}],"collection":[{"href":"https:\/\/www.autonvaraosahaku.fi\/index.php?rest_route=\/wp\/v2\/product"}],"about":[{"href":"https:\/\/www.autonvaraosahaku.fi\/index.php?rest_route=\/wp\/v2\/types\/product"}],"wp:attachment":[{"href":"https:\/\/www.autonvaraosahaku.fi\/index.php?rest_route=%2Fwp%2Fv2%2Fmedia&parent=96196"}],"wp:term":[{"taxonomy":"pwb-brand","embeddable":true,"href":"https:\/\/www.autonvaraosahaku.fi\/index.php?rest_route=%2Fwp%2Fv2%2Fpwb-brand&post=96196"},{"taxonomy":"product_cat","embeddable":true,"href":"https:\/\/www.autonvaraosahaku.fi\/index.php?rest_route=%2Fwp%2Fv2%2Fproduct_cat&post=96196"},{"taxonomy":"product_tag","embeddable":true,"href":"https:\/\/www.autonvaraosahaku.fi\/index.php?rest_route=%2Fwp%2Fv2%2Fproduct_tag&post=96196"}],"curies":[{"name":"wp","href":"https:\/\/api.w.org\/{rel}","templated":true}]}}