{"id":96219,"date":"2021-02-21T22:05:08","date_gmt":"2021-02-21T22:05:08","guid":{"rendered":"https:\/\/www.autonvaraosahaku.fi\/?product=meyle-015-523-0021-pd-jarrulevyt"},"modified":"2021-02-21T22:05:12","modified_gmt":"2021-02-21T22:05:12","slug":"meyle-015-523-0021-pd-jarrulevyt","status":"publish","type":"product","link":"https:\/\/www.autonvaraosahaku.fi\/?product=meyle-015-523-0021-pd-jarrulevyt","title":{"rendered":"MEYLE 015 523 0021\/PD Jarrulevyt"},"content":{"rendered":"<p>Asennuspuoli: Taka-akseli; Ulkol\u00e4pimitta [mm]: 278; Korkeus (mm): 53,5; Jarrulevyn paksuus (mm): 9; V\u00e4himm\u00e4ispaksuus (mm): 7,3; keskitt\u00e4misl\u00e4pimitta [mm]: 67; Reik\u00e4ympyr\u00e4-\u00d8 [mm]: 112; Py\u00f6r\u00e4npulttireik\u00e4-\u00d8 [mm]: 13,2; Reikien m\u00e4\u00e4r\u00e4: 5; Jarrulevytyyppi: Vakiomalli; Pinta: Sinkki-liuska-pinnoite; Korvaava tuote\/korvaava tiedote 2: Ruuveilla; Tarvittava kappalem\u00e4\u00e4r\u00e4: 2; lis\u00e4tieto: MEYLE-PD Quality; Valmistusvuoteen: 07\/1989; MERCEDES-BENZ: C-CLASS W203,C-CLASS T-Model S203,C-CLASS W202,SLK R170,E-CLASS W210,C-CLASS Coupe CL203,Stufenheck W124,E-CLASS Kombi S210,SLK R171,CLK C208,CLK C209,C-CLASS Kombi S202,KOMBI Kombi S124,E-CLASS W124,CLK Cabriolet A208,COUPE C124,CLK Cabriolet A209,E-CLASS Kombi S124,CLC-CLASS CL203,E-CLASS Cabriolet A124,E-CLASS Coupe C124,S-CLASS Coupe C140,CABRIOLET A124; CHRYSLER: CROSSFIRE,CROSSFIRE Roadster; 5098065AA, 5098066AA, 1244230512, 2014230512, 2034230012, 2034230112, 2104210412, 2104230112, 2104230412, 2104230912; Jarrulevy<\/p>\n","protected":false},"excerpt":{"rendered":"<p>MEYLE Jarrulevyt 015 523 0021\/PD Jarrulevy MERCEDES-BENZ,CHRYSLER,C-CLASS W203,C-CLASS T-Model S203,C-CLASS W202,SLK R170,E-CLASS W210<\/p>\n","protected":false},"featured_media":0,"template":"","meta":{"site-sidebar-layout":"default","site-content-layout":"default","ast-global-header-display":"","ast-main-header-display":"","ast-hfb-above-header-display":"","ast-hfb-below-header-display":"","ast-hfb-mobile-header-display":"","site-post-title":"","ast-breadcrumbs-content":"","ast-featured-img":"","footer-sml-layout":"","theme-transparent-header-meta":"","adv-header-id-meta":"","stick-header-meta":"","header-above-stick-meta":"","header-main-stick-meta":"","header-below-stick-meta":""},"pwb-brand":[84],"product_cat":[66],"product_tag":[],"class_list":{"0":"post-96219","1":"product","2":"type-product","3":"status-publish","5":"pwb-brand-meyle","6":"product_cat-jarrulevyt","7":"desktop-align-left","8":"tablet-align-left","9":"mobile-align-left","11":"first","12":"instock","13":"product-type-external"},"brands":[{"id":84,"name":"MEYLE","slug":"meyle"}],"_links":{"self":[{"href":"https:\/\/www.autonvaraosahaku.fi\/index.php?rest_route=\/wp\/v2\/product\/96219","targetHints":{"allow":["GET"]}}],"collection":[{"href":"https:\/\/www.autonvaraosahaku.fi\/index.php?rest_route=\/wp\/v2\/product"}],"about":[{"href":"https:\/\/www.autonvaraosahaku.fi\/index.php?rest_route=\/wp\/v2\/types\/product"}],"wp:attachment":[{"href":"https:\/\/www.autonvaraosahaku.fi\/index.php?rest_route=%2Fwp%2Fv2%2Fmedia&parent=96219"}],"wp:term":[{"taxonomy":"pwb-brand","embeddable":true,"href":"https:\/\/www.autonvaraosahaku.fi\/index.php?rest_route=%2Fwp%2Fv2%2Fpwb-brand&post=96219"},{"taxonomy":"product_cat","embeddable":true,"href":"https:\/\/www.autonvaraosahaku.fi\/index.php?rest_route=%2Fwp%2Fv2%2Fproduct_cat&post=96219"},{"taxonomy":"product_tag","embeddable":true,"href":"https:\/\/www.autonvaraosahaku.fi\/index.php?rest_route=%2Fwp%2Fv2%2Fproduct_tag&post=96219"}],"curies":[{"name":"wp","href":"https:\/\/api.w.org\/{rel}","templated":true}]}}