{"id":96245,"date":"2021-02-21T22:05:16","date_gmt":"2021-02-21T22:05:16","guid":{"rendered":"https:\/\/www.autonvaraosahaku.fi\/?product=mapco-53613-1-alatukivarsi"},"modified":"2021-02-21T22:05:22","modified_gmt":"2021-02-21T22:05:22","slug":"mapco-53613-1-alatukivarsi","status":"publish","type":"product","link":"https:\/\/www.autonvaraosahaku.fi\/?product=mapco-53613-1-alatukivarsi","title":{"rendered":"MAPCO 53613\/1 Alatukivarsi"},"content":{"rendered":"<p>M\u00e4\u00e4r\u00e4yksikk\u00f6: Sarja; Ohjausmalli: Poikittaistukivarsi; Asennuspuoli: Taka-akseli, vasen, Taka-akseli, oikea; Korvaava tuote\/korvaava tiedote 2: varmistusruuvisarjalla; Tarvittava kappalem\u00e4\u00e4r\u00e4: 1; FORD: FOCUS II Kombi DA_,FOCUS Kombi DNW<\/p>\n","protected":false},"excerpt":{"rendered":"<p>MAPCO Tukivarsisarja, Py\u00f6rien Tuenta 53613\/1  FORD,FOCUS II Kombi DA_,FOCUS Kombi DNW<\/p>\n","protected":false},"featured_media":0,"template":"","meta":{"site-sidebar-layout":"default","site-content-layout":"default","ast-global-header-display":"","ast-main-header-display":"","ast-hfb-above-header-display":"","ast-hfb-below-header-display":"","ast-hfb-mobile-header-display":"","site-post-title":"","ast-breadcrumbs-content":"","ast-featured-img":"","footer-sml-layout":"","theme-transparent-header-meta":"","adv-header-id-meta":"","stick-header-meta":"","header-above-stick-meta":"","header-main-stick-meta":"","header-below-stick-meta":""},"pwb-brand":[36],"product_cat":[62],"product_tag":[],"class_list":{"0":"post-96245","1":"product","2":"type-product","3":"status-publish","5":"pwb-brand-mapco","6":"product_cat-alatukivarsi","7":"desktop-align-left","8":"tablet-align-left","9":"mobile-align-left","11":"first","12":"instock","13":"product-type-external"},"brands":[{"id":36,"name":"MAPCO","slug":"mapco"}],"_links":{"self":[{"href":"https:\/\/www.autonvaraosahaku.fi\/index.php?rest_route=\/wp\/v2\/product\/96245","targetHints":{"allow":["GET"]}}],"collection":[{"href":"https:\/\/www.autonvaraosahaku.fi\/index.php?rest_route=\/wp\/v2\/product"}],"about":[{"href":"https:\/\/www.autonvaraosahaku.fi\/index.php?rest_route=\/wp\/v2\/types\/product"}],"wp:attachment":[{"href":"https:\/\/www.autonvaraosahaku.fi\/index.php?rest_route=%2Fwp%2Fv2%2Fmedia&parent=96245"}],"wp:term":[{"taxonomy":"pwb-brand","embeddable":true,"href":"https:\/\/www.autonvaraosahaku.fi\/index.php?rest_route=%2Fwp%2Fv2%2Fpwb-brand&post=96245"},{"taxonomy":"product_cat","embeddable":true,"href":"https:\/\/www.autonvaraosahaku.fi\/index.php?rest_route=%2Fwp%2Fv2%2Fproduct_cat&post=96245"},{"taxonomy":"product_tag","embeddable":true,"href":"https:\/\/www.autonvaraosahaku.fi\/index.php?rest_route=%2Fwp%2Fv2%2Fproduct_tag&post=96245"}],"curies":[{"name":"wp","href":"https:\/\/api.w.org\/{rel}","templated":true}]}}