{"id":9626,"date":"2021-02-21T14:06:26","date_gmt":"2021-02-21T14:06:26","guid":{"rendered":"https:\/\/www.autonvaraosahaku.fi\/?product=original-imperium-30740-vetonivelen-suojakumi"},"modified":"2021-02-21T14:06:27","modified_gmt":"2021-02-21T14:06:27","slug":"original-imperium-30740-vetonivelen-suojakumi","status":"publish","type":"product","link":"https:\/\/www.autonvaraosahaku.fi\/?product=original-imperium-30740-vetonivelen-suojakumi","title":{"rendered":"ORIGINAL IMPERIUM 30740 Vetonivelen suojakumi"},"content":{"rendered":"<p>Korkeus (mm): 90; Materiaali: Kumi; Paino [g]: 114; Asennuspuoli: Py\u00f6r\u00e4n puoli; L\u00e4pimitta 1 [mm]: 24; L\u00e4pimitta 2 [mm]: 90; Korimalli: Cabriolet; VW: PASSAT Variant 3B6,PASSAT Variant 3B5,PASSAT 3B2,PASSAT 3B3,POLO 86C, 80,POLO Coupe 86C, 80,POLO CLASSIC 86C, 80,POLO Kasten 86CF; AUDI: A3 8L1,A4 8D2, B5,A6 Avant 4B5, C5,A4 Avant 8D5, B5,80 8C, B4,A6 4B2, C5,CABRIOLET 8G7, B4,TT 8N3,100 4A, C4,80 Avant 8C, B4,TT Roadster 8N9,A6 Avant 4A, C4,A6 4A, C4,100 Avant 4A, C4,100 C1; 441407285, 441407285A, 441498203A, 441498203C, 701407285A, 701498203, 441407285, 441407285A, 441498203A, 441498203C, 701407285A, 701498203, 441407285, 441407285A, 441498203A, 441498203C, 701407285A, 701498203, 441407285, 441407285A, 441498203A, 441498203C, 701407285A, 701498203; Vetoakselin Suojakumi,Paljekumi, Vetoakseli<\/p>\n","protected":false},"excerpt":{"rendered":"<p>ORIGINAL IMPERIUM Vetonivelen Suojakumi 30740 Vetoakselin Suojakumi,Paljekumi, Vetoakseli VW,AUDI,PASSAT Variant 3B6,PASSAT Variant 3B5,PASSAT 3B2<\/p>\n","protected":false},"featured_media":0,"template":"","meta":{"site-sidebar-layout":"default","site-content-layout":"default","ast-global-header-display":"","ast-main-header-display":"","ast-hfb-above-header-display":"","ast-hfb-below-header-display":"","ast-hfb-mobile-header-display":"","site-post-title":"","ast-breadcrumbs-content":"","ast-featured-img":"","footer-sml-layout":"","theme-transparent-header-meta":"","adv-header-id-meta":"","stick-header-meta":"","header-above-stick-meta":"","header-main-stick-meta":"","header-below-stick-meta":""},"pwb-brand":[72],"product_cat":[42],"product_tag":[],"class_list":{"0":"post-9626","1":"product","2":"type-product","3":"status-publish","5":"pwb-brand-original-imperium","6":"product_cat-vetonivelen-suojakumi","7":"desktop-align-left","8":"tablet-align-left","9":"mobile-align-left","11":"first","12":"instock","13":"product-type-external"},"brands":[{"id":72,"name":"ORIGINAL IMPERIUM","slug":"original-imperium"}],"_links":{"self":[{"href":"https:\/\/www.autonvaraosahaku.fi\/index.php?rest_route=\/wp\/v2\/product\/9626","targetHints":{"allow":["GET"]}}],"collection":[{"href":"https:\/\/www.autonvaraosahaku.fi\/index.php?rest_route=\/wp\/v2\/product"}],"about":[{"href":"https:\/\/www.autonvaraosahaku.fi\/index.php?rest_route=\/wp\/v2\/types\/product"}],"wp:attachment":[{"href":"https:\/\/www.autonvaraosahaku.fi\/index.php?rest_route=%2Fwp%2Fv2%2Fmedia&parent=9626"}],"wp:term":[{"taxonomy":"pwb-brand","embeddable":true,"href":"https:\/\/www.autonvaraosahaku.fi\/index.php?rest_route=%2Fwp%2Fv2%2Fpwb-brand&post=9626"},{"taxonomy":"product_cat","embeddable":true,"href":"https:\/\/www.autonvaraosahaku.fi\/index.php?rest_route=%2Fwp%2Fv2%2Fproduct_cat&post=9626"},{"taxonomy":"product_tag","embeddable":true,"href":"https:\/\/www.autonvaraosahaku.fi\/index.php?rest_route=%2Fwp%2Fv2%2Fproduct_tag&post=9626"}],"curies":[{"name":"wp","href":"https:\/\/api.w.org\/{rel}","templated":true}]}}