{"id":96267,"date":"2021-02-21T22:05:25","date_gmt":"2021-02-21T22:05:25","guid":{"rendered":"https:\/\/www.autonvaraosahaku.fi\/?product=amio-01480-lamput-hehkulamppu"},"modified":"2021-02-21T22:05:33","modified_gmt":"2021-02-21T22:05:33","slug":"amio-01480-lamput-hehkulamppu","status":"publish","type":"product","link":"https:\/\/www.autonvaraosahaku.fi\/?product=amio-01480-lamput-hehkulamppu","title":{"rendered":"AMiO 01480 Lamput (hehkulamppu)"},"content":{"rendered":"<p>Lyhdyn muoto: Halogeeni; Lamppumalli: HB4; Nimellisj\u00e4nnite (V): 12; Nimellisteho (W): 51; Kantamalli: 9006; Polttimov\u00e4ri: L\u00e4pin\u00e4kyv\u00e4; Valotoiminto: puolivalolla, kaukovalolla; Tuotelinja: Clear; M\u00e4\u00e4r\u00e4: 1; VW: GOLF V 1K1,TOURAN 1T1, 1T2,GOLF VI 5K1,PASSAT Variant 3C5,GOLF PLUS 5M1, 521,PASSAT 3C2,POLO 6R, 6C,TIGUAN 5N_,CADDY III Kombi 2KB, 2KJ, 2CB, 2CJ,TRANSPORTER V Bus 7HB, 7HJ, 7EB, 7EJ, 7EF,TOURAN 1T3,GOLF VI Variant AJ5,MULTIVAN V 7HM, 7HN, 7HF, 7EF, 7EM, 7EN,UP,CADDY III Kasten 2KA, 2KH, 2CA, 2CH,EOS 1F7, 1F8,SCIROCCO 137, 138,TRANSPORTER V Kasten 7HA, 7HH, 7EA, 7EH,TOUAREG 7P5,JETTA III 1K2,AMAROK 2H_, S1B,GOLF VI Cabriolet 517,BEETLE 5C1,JETTA IV 162, 163,POLO Stufenheck,TRANSPORTER V Pritsche\/Fahrgestell 7JD, 7JE, 7JL, 7JY, 7JZ,,BEETLE Cabriolet 5C7,GOL,POLO Van 6R,AMAROK Pritsche\/Fahrgestell S1B,LOAD UP; MAZDA: 3 BK,MX-5 II NB,2 DY,6 Kombi GH,3 BL,6 Schr\u00e4gheck GH,RX 8 SE17,3 Stufenheck BK,6 GH,MPV II LW,3 Stufenheck BL,XEDOS 9 TA,CX-9 TB; SKODA: OCTAVIA Combi 1Z5,ROOMSTER 5J,OCTAVIA 1Z3,CITIGO,ROOMSTER Praktik 5J; BMW: 3 E46,3 Touring E91,3 E90,5 E39,5 E60,5 Touring E61,3 Touring E46,5 Touring E39,3 Coupe E46,3 Compact E36,3 Cabriolet E46,Z3 E36,7 E65, E66, E67,6 E63,Z3 Coupe E36,6 Cabriolet E64; SEAT: LEON 1P1,IBIZA V 6J5, 6P5,ALTEA XL 5P5, 5P8,IBIZA V ST 6J8, 6P8,ALHAMBRA 710, 711,Mii KF1_,IBIZA V SPORTCOUPE 6J1, 6P1,TOLEDO III 5P2; CHEVROLET: CORVETTE C5,TRAILBLAZER KC_,CAMARO F,CORVETTE Convertible,CAMARO Convertible F,TAHOE GMT400; JEEP: COMMANDER XK; NISSAN: MICRA II K11,ALMERA TINO V10,TERRANO II R20,MAXIMA QX A33,MAXIMA QX A32; KIA: RIO III UB,CERATO LD,SPORTAGE QL,SOUL II PS,RIO IV YB,CEE&#8217;D Combi Van JD,PICANTO JA,STONIC YB; LEXUS: IS II GSE2_, ALE2_, USE2_,RX MHU3_, GSU3_, MCU3_,IS I JCE1_, GXE1_,GS GRS19_, UZS19_, GWS19_,GS UZS161, JZS160,IS SportCross,RX MCU15,LS UVF4_, USF4_,LS UCF20,LS UCF30,GS JZS147,ES GSV4_, ACV4_,ES MCV_, VZV_<\/p>\n","protected":false},"excerpt":{"rendered":"<p>AMiO Polttimo, Kaukovalo 01480  VW,MAZDA,SKODA,GOLF V 1K1,TOURAN 1T1, 1T2,GOLF VI 5K1,PASSAT Variant 3C5,GOLF PLUS 5M1, 521,PASSAT 3C2,POLO 6R, 6C<\/p>\n","protected":false},"featured_media":0,"template":"","meta":{"site-sidebar-layout":"default","site-content-layout":"default","ast-global-header-display":"","ast-main-header-display":"","ast-hfb-above-header-display":"","ast-hfb-below-header-display":"","ast-hfb-mobile-header-display":"","site-post-title":"","ast-breadcrumbs-content":"","ast-featured-img":"","footer-sml-layout":"","theme-transparent-header-meta":"","adv-header-id-meta":"","stick-header-meta":"","header-above-stick-meta":"","header-main-stick-meta":"","header-below-stick-meta":""},"pwb-brand":[161],"product_cat":[151],"product_tag":[],"class_list":{"0":"post-96267","1":"product","2":"type-product","3":"status-publish","5":"pwb-brand-amio","6":"product_cat-lamput-hehkulamppu","7":"desktop-align-left","8":"tablet-align-left","9":"mobile-align-left","11":"first","12":"instock","13":"product-type-external"},"brands":[{"id":161,"name":"AMiO","slug":"amio"}],"_links":{"self":[{"href":"https:\/\/www.autonvaraosahaku.fi\/index.php?rest_route=\/wp\/v2\/product\/96267","targetHints":{"allow":["GET"]}}],"collection":[{"href":"https:\/\/www.autonvaraosahaku.fi\/index.php?rest_route=\/wp\/v2\/product"}],"about":[{"href":"https:\/\/www.autonvaraosahaku.fi\/index.php?rest_route=\/wp\/v2\/types\/product"}],"wp:attachment":[{"href":"https:\/\/www.autonvaraosahaku.fi\/index.php?rest_route=%2Fwp%2Fv2%2Fmedia&parent=96267"}],"wp:term":[{"taxonomy":"pwb-brand","embeddable":true,"href":"https:\/\/www.autonvaraosahaku.fi\/index.php?rest_route=%2Fwp%2Fv2%2Fpwb-brand&post=96267"},{"taxonomy":"product_cat","embeddable":true,"href":"https:\/\/www.autonvaraosahaku.fi\/index.php?rest_route=%2Fwp%2Fv2%2Fproduct_cat&post=96267"},{"taxonomy":"product_tag","embeddable":true,"href":"https:\/\/www.autonvaraosahaku.fi\/index.php?rest_route=%2Fwp%2Fv2%2Fproduct_tag&post=96267"}],"curies":[{"name":"wp","href":"https:\/\/api.w.org\/{rel}","templated":true}]}}