{"id":96281,"date":"2021-02-21T22:05:34","date_gmt":"2021-02-21T22:05:34","guid":{"rendered":"https:\/\/www.autonvaraosahaku.fi\/?product=tyc-18-0237-05-9-vilkku"},"modified":"2021-02-21T22:05:39","modified_gmt":"2021-02-21T22:05:39","slug":"tyc-18-0237-05-9-vilkku","status":"publish","type":"product","link":"https:\/\/www.autonvaraosahaku.fi\/?product=tyc-18-0237-05-9-vilkku","title":{"rendered":"TYC 18-0237-05-9 Vilkku"},"content":{"rendered":"<p>Asennuspuoli: Molemminpuolin; Lasin v\u00e4ri: L\u00e4pin\u00e4kyv\u00e4; Rekister\u00f6ity tyyppi: E-hyv\u00e4ksytty; Lis\u00e4tarvike\/lis\u00e4tieto: Lampun kannalla; Valmistusvuosi alkaen: 08\/2000; VW: GOLF IV 1J1,POLO 9N_,PASSAT Variant 3B6,LUPO 6X1, 6E1,GOLF IV Variant 1J5,POLO 6N2,CADDY III Kombi 2KB, 2KJ, 2CB, 2CJ,PASSAT Variant 3B5,TRANSPORTER V Bus 7HB, 7HJ, 7EB, 7EJ, 7EF,FOX 5Z1, 5Z3,MULTIVAN V 7HM, 7HN, 7HF, 7EF, 7EM, 7EN,UP,CADDY III Kasten 2KA, 2KH, 2CA, 2CH,BORA 1J2,PASSAT 3B2,TRANSPORTER V Kasten 7HA, 7HH, 7EA, 7EH,PASSAT 3B3,GOLF Mk III Cabriolet 1E7,BORA Kombi 1J6,AMAROK 2H_, S1B,TRANSPORTER V Pritsche\/Fahrgestell 7JD, 7JE, 7JL, 7JY, 7JZ,,POLO Stufenheck 9A4; SKODA: CITIGO; SEAT: IBIZA IV 6L1,LEON 1M1,AROSA 6H,ALHAMBRA 7V8, 7V9,Mii KF1_,TOLEDO II 1M2,CORDOBA 6L2; 1J0949117, 1J0949117, 1J0949117; Vilkkuvalo,Suuntavilkku<\/p>\n","protected":false},"excerpt":{"rendered":"<p>TYC Vilkku 18-0237-05-9 Vilkkuvalo,Suuntavilkku VW,SKODA,SEAT,GOLF IV 1J1,POLO 9N_,PASSAT Variant 3B6,LUPO 6X1, 6E1,GOLF IV Variant 1J5,POLO 6N2<\/p>\n","protected":false},"featured_media":0,"template":"","meta":{"site-sidebar-layout":"default","site-content-layout":"default","ast-global-header-display":"","ast-main-header-display":"","ast-hfb-above-header-display":"","ast-hfb-below-header-display":"","ast-hfb-mobile-header-display":"","site-post-title":"","ast-breadcrumbs-content":"","ast-featured-img":"","footer-sml-layout":"","theme-transparent-header-meta":"","adv-header-id-meta":"","stick-header-meta":"","header-above-stick-meta":"","header-main-stick-meta":"","header-below-stick-meta":""},"pwb-brand":[124],"product_cat":[149],"product_tag":[],"class_list":{"0":"post-96281","1":"product","2":"type-product","3":"status-publish","5":"pwb-brand-tyc","6":"product_cat-vilkku","7":"desktop-align-left","8":"tablet-align-left","9":"mobile-align-left","11":"first","12":"instock","13":"product-type-external"},"brands":[{"id":124,"name":"TYC","slug":"tyc"}],"_links":{"self":[{"href":"https:\/\/www.autonvaraosahaku.fi\/index.php?rest_route=\/wp\/v2\/product\/96281","targetHints":{"allow":["GET"]}}],"collection":[{"href":"https:\/\/www.autonvaraosahaku.fi\/index.php?rest_route=\/wp\/v2\/product"}],"about":[{"href":"https:\/\/www.autonvaraosahaku.fi\/index.php?rest_route=\/wp\/v2\/types\/product"}],"wp:attachment":[{"href":"https:\/\/www.autonvaraosahaku.fi\/index.php?rest_route=%2Fwp%2Fv2%2Fmedia&parent=96281"}],"wp:term":[{"taxonomy":"pwb-brand","embeddable":true,"href":"https:\/\/www.autonvaraosahaku.fi\/index.php?rest_route=%2Fwp%2Fv2%2Fpwb-brand&post=96281"},{"taxonomy":"product_cat","embeddable":true,"href":"https:\/\/www.autonvaraosahaku.fi\/index.php?rest_route=%2Fwp%2Fv2%2Fproduct_cat&post=96281"},{"taxonomy":"product_tag","embeddable":true,"href":"https:\/\/www.autonvaraosahaku.fi\/index.php?rest_route=%2Fwp%2Fv2%2Fproduct_tag&post=96281"}],"curies":[{"name":"wp","href":"https:\/\/api.w.org\/{rel}","templated":true}]}}