{"id":96305,"date":"2021-02-21T22:05:43","date_gmt":"2021-02-21T22:05:43","guid":{"rendered":"https:\/\/www.autonvaraosahaku.fi\/?product=maxgear-18-0241-termostaatti"},"modified":"2021-02-21T22:05:49","modified_gmt":"2021-02-21T22:05:49","slug":"maxgear-18-0241-termostaatti","status":"publish","type":"product","link":"https:\/\/www.autonvaraosahaku.fi\/?product=maxgear-18-0241-termostaatti","title":{"rendered":"MAXGEAR 18-0241 Termostaatti"},"content":{"rendered":"<p>Avausl\u00e4mp\u00f6tila [\u00b0C]: 85; Lis\u00e4tarvike\/lis\u00e4tieto: Tiivisteill\u00e4; L\u00e4pimitta 2 [mm]: 33; Korkeus 1 (mm): 31; Kotelomalli: Muovikotelo; TECDOC-moottorinumero: 28380; BMW: 3 E46,5 E39,3 Touring E46,5 Touring E39,3 Compact E46,3 Coupe E46,7 E38; 11532247019, 2247019; Termostaatti, J\u00e4\u00e4hdytysneste<\/p>\n","protected":false},"excerpt":{"rendered":"<p>MAXGEAR Termostaatti 18-0241 Termostaatti, J\u00e4\u00e4hdytysneste BMW,3 E46,5 E39,3 Touring E46,5 Touring E39,3 Compact E46,3 Coupe E46,7 E38<\/p>\n","protected":false},"featured_media":0,"template":"","meta":{"site-sidebar-layout":"default","site-content-layout":"default","ast-global-header-display":"","ast-main-header-display":"","ast-hfb-above-header-display":"","ast-hfb-below-header-display":"","ast-hfb-mobile-header-display":"","site-post-title":"","ast-breadcrumbs-content":"","ast-featured-img":"","footer-sml-layout":"","theme-transparent-header-meta":"","adv-header-id-meta":"","stick-header-meta":"","header-above-stick-meta":"","header-main-stick-meta":"","header-below-stick-meta":""},"pwb-brand":[48],"product_cat":[174],"product_tag":[],"class_list":{"0":"post-96305","1":"product","2":"type-product","3":"status-publish","5":"pwb-brand-maxgear","6":"product_cat-termostaatti","7":"desktop-align-left","8":"tablet-align-left","9":"mobile-align-left","11":"first","12":"instock","13":"product-type-external"},"brands":[{"id":48,"name":"MAXGEAR","slug":"maxgear"}],"_links":{"self":[{"href":"https:\/\/www.autonvaraosahaku.fi\/index.php?rest_route=\/wp\/v2\/product\/96305","targetHints":{"allow":["GET"]}}],"collection":[{"href":"https:\/\/www.autonvaraosahaku.fi\/index.php?rest_route=\/wp\/v2\/product"}],"about":[{"href":"https:\/\/www.autonvaraosahaku.fi\/index.php?rest_route=\/wp\/v2\/types\/product"}],"wp:attachment":[{"href":"https:\/\/www.autonvaraosahaku.fi\/index.php?rest_route=%2Fwp%2Fv2%2Fmedia&parent=96305"}],"wp:term":[{"taxonomy":"pwb-brand","embeddable":true,"href":"https:\/\/www.autonvaraosahaku.fi\/index.php?rest_route=%2Fwp%2Fv2%2Fpwb-brand&post=96305"},{"taxonomy":"product_cat","embeddable":true,"href":"https:\/\/www.autonvaraosahaku.fi\/index.php?rest_route=%2Fwp%2Fv2%2Fproduct_cat&post=96305"},{"taxonomy":"product_tag","embeddable":true,"href":"https:\/\/www.autonvaraosahaku.fi\/index.php?rest_route=%2Fwp%2Fv2%2Fproduct_tag&post=96305"}],"curies":[{"name":"wp","href":"https:\/\/api.w.org\/{rel}","templated":true}]}}