{"id":96319,"date":"2021-02-21T22:05:52","date_gmt":"2021-02-21T22:05:52","guid":{"rendered":"https:\/\/www.autonvaraosahaku.fi\/?product=fai-autoparts-tck118-jakoketju"},"modified":"2021-02-21T22:05:55","modified_gmt":"2021-02-21T22:05:55","slug":"fai-autoparts-tck118-jakoketju","status":"publish","type":"product","link":"https:\/\/www.autonvaraosahaku.fi\/?product=fai-autoparts-tck118-jakoketju","title":{"rendered":"FAI AutoParts TCK118 Jakoketju"},"content":{"rendered":"<p>Varustelumahdollisuudet: 144 Link Chain, Closed; Korvaava tuote\/korvaava tiedote 2: Hammaspy\u00f6r\u00e4ll\u00e4; Ketjurakenne: Yksinkertainen, Niittiketju; Moottorinumero: 5FV (EP6CDT); PEUGEOT: 207 WA_, WC_,207 CC WD_,207 SW WK_,308 SW,208,308 4A_, 4C_,5008,508 SW,3008,RCZ,308 CC,2008,508,308 II,308 SW II,3008 SUV,5008 II; CITRO\u00cbN: C5 III Break TD_,C4 Picasso I UD_,C4 Grand Picasso I UA_,C4 I LC_,DS3,C5 III RD_,C4 Coupe LA_,C4 II B7,C4 Grand Picasso II,C4 Picasso II,DS4,DS5,DS3 Cabriolet; MINI: MINI R56,MINI CLUBMAN R55,MINI Cabriolet R57,MINI Coupe R58,MINI Roadster R59; 11311439853, 11317516088, 11317534784, 11318618317, 11318618318, 0816H9, V861831780, V861831780, V861831880, 0816H9, V861831780<\/p>\n","protected":false},"excerpt":{"rendered":"<p>FAI AutoParts Jakoketjusarja TCK118  PEUGEOT,CITRO\u00cbN,MINI,207 WA_, WC_,207 CC WD_,207 SW WK_,308 SW,208,308 4A_, 4C_,5008,508 SW,3008,RCZ,308 CC,2008<\/p>\n","protected":false},"featured_media":0,"template":"","meta":{"site-sidebar-layout":"default","site-content-layout":"default","ast-global-header-display":"","ast-main-header-display":"","ast-hfb-above-header-display":"","ast-hfb-below-header-display":"","ast-hfb-mobile-header-display":"","site-post-title":"","ast-breadcrumbs-content":"","ast-featured-img":"","footer-sml-layout":"","theme-transparent-header-meta":"","adv-header-id-meta":"","stick-header-meta":"","header-above-stick-meta":"","header-main-stick-meta":"","header-below-stick-meta":""},"pwb-brand":[333],"product_cat":[60],"product_tag":[],"class_list":{"0":"post-96319","1":"product","2":"type-product","3":"status-publish","5":"pwb-brand-fai-autoparts","6":"product_cat-jakoketju","7":"desktop-align-left","8":"tablet-align-left","9":"mobile-align-left","11":"first","12":"instock","13":"product-type-external"},"brands":[{"id":333,"name":"FAI AutoParts","slug":"fai-autoparts"}],"_links":{"self":[{"href":"https:\/\/www.autonvaraosahaku.fi\/index.php?rest_route=\/wp\/v2\/product\/96319","targetHints":{"allow":["GET"]}}],"collection":[{"href":"https:\/\/www.autonvaraosahaku.fi\/index.php?rest_route=\/wp\/v2\/product"}],"about":[{"href":"https:\/\/www.autonvaraosahaku.fi\/index.php?rest_route=\/wp\/v2\/types\/product"}],"wp:attachment":[{"href":"https:\/\/www.autonvaraosahaku.fi\/index.php?rest_route=%2Fwp%2Fv2%2Fmedia&parent=96319"}],"wp:term":[{"taxonomy":"pwb-brand","embeddable":true,"href":"https:\/\/www.autonvaraosahaku.fi\/index.php?rest_route=%2Fwp%2Fv2%2Fpwb-brand&post=96319"},{"taxonomy":"product_cat","embeddable":true,"href":"https:\/\/www.autonvaraosahaku.fi\/index.php?rest_route=%2Fwp%2Fv2%2Fproduct_cat&post=96319"},{"taxonomy":"product_tag","embeddable":true,"href":"https:\/\/www.autonvaraosahaku.fi\/index.php?rest_route=%2Fwp%2Fv2%2Fproduct_tag&post=96319"}],"curies":[{"name":"wp","href":"https:\/\/api.w.org\/{rel}","templated":true}]}}