{"id":96357,"date":"2021-02-21T22:06:09","date_gmt":"2021-02-21T22:06:09","guid":{"rendered":"https:\/\/www.autonvaraosahaku.fi\/?product=vemo-v15-99-1982-lampokytkin-jaahdyttimen-puhallin"},"modified":"2021-02-21T22:06:12","modified_gmt":"2021-02-21T22:06:12","slug":"vemo-v15-99-1982-lampokytkin-jaahdyttimen-puhallin","status":"publish","type":"product","link":"https:\/\/www.autonvaraosahaku.fi\/?product=vemo-v15-99-1982-lampokytkin-jaahdyttimen-puhallin","title":{"rendered":"VEMO V15-99-1982 L\u00e4mp\u00f6kytkin j\u00e4\u00e4hdyttimen puhallin"},"content":{"rendered":"<p>Korkeus (mm): 65,4; Paino [kg]: 0,096; Kytkent\u00e4piste (\u00b0C): 118; V\u00e4ri: Ruskea; Lis\u00e4tarvike\/lis\u00e4tieto: Tiivisteill\u00e4; Napojen m\u00e4\u00e4r\u00e4: 3; Vaihtopiste alkaen [\u00b0C]: 118; Vaihtopiste enint. [\u00b0C]: 113; Pakkausleveys [cm]: 4; Pakkauskorkeus [mm]: 6,7; Pakkaussyvyys [cm]: 6,8; Tuotelinja: Original Quality; Valmistusvuosi alkaen: 01\/1985; AUDI: 80 8C, B4,80 89, 89Q, 8A, B3,CABRIOLET 8G7, B4,100 4A, C4,80 Avant 8C, B4,100 44, 44Q, C3,A6 Avant 4A, C4,A6 4A, C4,COUPE 89, 8B,100 Avant 4A, C4,100 Avant 44, 44Q, C3,QUATTRO 85,200 44, 44Q,200 Avant 44, 44Q; 034919369C, 035919369L, 046919369, 34919369C, 35919369L, 46919369, 034919369C, 035919369L, 046919369, 34919369C, 35919369L, 46919369, 034919369C, 035919369L, 046919369, 34919369C, 35919369L, 46919369, 034919369C, 34919369C<\/p>\n","protected":false},"excerpt":{"rendered":"<p>VEMO L\u00e4mp\u00f6kytkin J\u00e4\u00e4hdyttimen Puhallin V15-99-1982  AUDI,80 8C, B4,80 89, 89Q, 8A, B3,CABRIOLET 8G7, B4,100 4A, C4,80 Avant 8C, B4,100 44, 44Q, C3<\/p>\n","protected":false},"featured_media":0,"template":"","meta":{"site-sidebar-layout":"default","site-content-layout":"default","ast-global-header-display":"","ast-main-header-display":"","ast-hfb-above-header-display":"","ast-hfb-below-header-display":"","ast-hfb-mobile-header-display":"","site-post-title":"","ast-breadcrumbs-content":"","ast-featured-img":"","footer-sml-layout":"","theme-transparent-header-meta":"","adv-header-id-meta":"","stick-header-meta":"","header-above-stick-meta":"","header-main-stick-meta":"","header-below-stick-meta":""},"pwb-brand":[168],"product_cat":[290],"product_tag":[],"class_list":{"0":"post-96357","1":"product","2":"type-product","3":"status-publish","5":"pwb-brand-vemo","6":"product_cat-lampokytkin-jaahdyttimen-puhallin","7":"desktop-align-left","8":"tablet-align-left","9":"mobile-align-left","11":"first","12":"instock","13":"product-type-external"},"brands":[{"id":168,"name":"VEMO","slug":"vemo"}],"_links":{"self":[{"href":"https:\/\/www.autonvaraosahaku.fi\/index.php?rest_route=\/wp\/v2\/product\/96357","targetHints":{"allow":["GET"]}}],"collection":[{"href":"https:\/\/www.autonvaraosahaku.fi\/index.php?rest_route=\/wp\/v2\/product"}],"about":[{"href":"https:\/\/www.autonvaraosahaku.fi\/index.php?rest_route=\/wp\/v2\/types\/product"}],"wp:attachment":[{"href":"https:\/\/www.autonvaraosahaku.fi\/index.php?rest_route=%2Fwp%2Fv2%2Fmedia&parent=96357"}],"wp:term":[{"taxonomy":"pwb-brand","embeddable":true,"href":"https:\/\/www.autonvaraosahaku.fi\/index.php?rest_route=%2Fwp%2Fv2%2Fpwb-brand&post=96357"},{"taxonomy":"product_cat","embeddable":true,"href":"https:\/\/www.autonvaraosahaku.fi\/index.php?rest_route=%2Fwp%2Fv2%2Fproduct_cat&post=96357"},{"taxonomy":"product_tag","embeddable":true,"href":"https:\/\/www.autonvaraosahaku.fi\/index.php?rest_route=%2Fwp%2Fv2%2Fproduct_tag&post=96357"}],"curies":[{"name":"wp","href":"https:\/\/api.w.org\/{rel}","templated":true}]}}