{"id":96359,"date":"2021-02-21T22:06:09","date_gmt":"2021-02-21T22:06:09","guid":{"rendered":"https:\/\/www.autonvaraosahaku.fi\/?product=valeo-301518-jarrupalat"},"modified":"2021-02-21T22:06:13","modified_gmt":"2021-02-21T22:06:13","slug":"valeo-301518-jarrupalat","status":"publish","type":"product","link":"https:\/\/www.autonvaraosahaku.fi\/?product=valeo-301518-jarrupalat","title":{"rendered":"VALEO 301518 Jarrupalat"},"content":{"rendered":"<p>Asennuspuoli: Etuakseli; Jarruj\u00e4rjestelm\u00e4: SUMITOMO; Leveys 1 (mm): 139,3; Korkeus 1 (mm): 58,5; Paksuus 1 [mm]: 15,4; WVA-numero: 21016; Paino [kg]: 1,67; M\u00e4\u00e4r\u00e4yksikk\u00f6: Akselisarja; lis\u00e4tieto: FIRST; Valmistusvuosi alkaen: 10\/1996; MAZDA: E-SERIE Kasten SR2; MITSUBISHI: GRANDIS NA_W,PAJERO PININ H6_W, H7_W,PAJERO III V7_W, V6_W,GALANT VI Station Wagon EA_,GALANT VI EA_,PAJERO IV V8_W, V9_W,SPACE WAGON N9_W, N8_W,PAJERO IV Van V90, V80,PAJERO II V3_W,PAJERO III Gel\u00e4ndewagen offen V6_W, V7_W; 4605A041, 4605A471, MN116445, MR527868, MR569592; Jarrupalasarja,Jarrupala, Levyjarru<\/p>\n","protected":false},"excerpt":{"rendered":"<p>VALEO Jarrupalat 301518 Jarrupalasarja,Jarrupala, Levyjarru MAZDA,MITSUBISHI,E-SERIE Kasten SR2,GRANDIS NA_W,PAJERO PININ H6_W, H7_W<\/p>\n","protected":false},"featured_media":0,"template":"","meta":{"site-sidebar-layout":"default","site-content-layout":"default","ast-global-header-display":"","ast-main-header-display":"","ast-hfb-above-header-display":"","ast-hfb-below-header-display":"","ast-hfb-mobile-header-display":"","site-post-title":"","ast-breadcrumbs-content":"","ast-featured-img":"","footer-sml-layout":"","theme-transparent-header-meta":"","adv-header-id-meta":"","stick-header-meta":"","header-above-stick-meta":"","header-main-stick-meta":"","header-below-stick-meta":""},"pwb-brand":[28],"product_cat":[100],"product_tag":[],"class_list":{"0":"post-96359","1":"product","2":"type-product","3":"status-publish","5":"pwb-brand-valeo","6":"product_cat-jarrupalat","7":"desktop-align-left","8":"tablet-align-left","9":"mobile-align-left","11":"first","12":"instock","13":"product-type-external"},"brands":[{"id":28,"name":"VALEO","slug":"valeo"}],"_links":{"self":[{"href":"https:\/\/www.autonvaraosahaku.fi\/index.php?rest_route=\/wp\/v2\/product\/96359","targetHints":{"allow":["GET"]}}],"collection":[{"href":"https:\/\/www.autonvaraosahaku.fi\/index.php?rest_route=\/wp\/v2\/product"}],"about":[{"href":"https:\/\/www.autonvaraosahaku.fi\/index.php?rest_route=\/wp\/v2\/types\/product"}],"wp:attachment":[{"href":"https:\/\/www.autonvaraosahaku.fi\/index.php?rest_route=%2Fwp%2Fv2%2Fmedia&parent=96359"}],"wp:term":[{"taxonomy":"pwb-brand","embeddable":true,"href":"https:\/\/www.autonvaraosahaku.fi\/index.php?rest_route=%2Fwp%2Fv2%2Fpwb-brand&post=96359"},{"taxonomy":"product_cat","embeddable":true,"href":"https:\/\/www.autonvaraosahaku.fi\/index.php?rest_route=%2Fwp%2Fv2%2Fproduct_cat&post=96359"},{"taxonomy":"product_tag","embeddable":true,"href":"https:\/\/www.autonvaraosahaku.fi\/index.php?rest_route=%2Fwp%2Fv2%2Fproduct_tag&post=96359"}],"curies":[{"name":"wp","href":"https:\/\/api.w.org\/{rel}","templated":true}]}}