{"id":96372,"date":"2021-02-21T22:06:18","date_gmt":"2021-02-21T22:06:18","guid":{"rendered":"https:\/\/www.autonvaraosahaku.fi\/?product=japanparts-fo-097s-oljynsuodatin"},"modified":"2021-02-21T22:06:20","modified_gmt":"2021-02-21T22:06:20","slug":"japanparts-fo-097s-oljynsuodatin","status":"publish","type":"product","link":"https:\/\/www.autonvaraosahaku.fi\/?product=japanparts-fo-097s-oljynsuodatin","title":{"rendered":"JAPANPARTS FO-097S \u00d6ljynsuodatin"},"content":{"rendered":"<p>Suodatintyyppi: Ruuvattava suodatin; Pituus (mm): 120; Ulkol\u00e4pimitta [mm]: 77,8; Asennusl\u00e4pimitta [mm]: 73; Sis\u00e4kierre (mm): 3\/4 x 16; Valmistusvuosi alkaen: 06\/1996; JEEP: CHEROKEE KJ,GRAND CHEROKEE I ZJ,CHEROKEE XJ,WRANGLER II TJ; CHRYSLER: PT CRUISER PT_,VOYAGER IV RG, RS,VOYAGER III GS,GRAND VOYAGER V RT,SEBRING Cabriolet JR,STRATUS Cabriolet JX,PT CRUISER Cabriolet,VOYAGER II ES,NEON II,STRATUS JA,NEON PL; 04720364, 04778838, 05003558AA, 05003558AB, 05135109AA, 4105409AC, 4720364, 4778838, 5003558AA, 5003558AB, 5135109AA, 5203217, 68052142AA, 72674028, 90542344, K04720364, K04778838, K05003558AA, K68052142AA, 60553431, 71736168, 04720364, 04778838, 05003558AA, 4720364, 4778838, 5003558AA, K04778838, K05003558AB, K05135109AA, K68052142AA, 00649000, 00649015, 0649000, 0649015, 649000, 649015, 90542344, 91153945, 00649000, 649000, 90542344, 91153945<\/p>\n","protected":false},"excerpt":{"rendered":"<p>JAPANPARTS \u00d6ljynsuodatin FO-097S  JEEP,CHRYSLER,CHEROKEE KJ,GRAND CHEROKEE I ZJ,CHEROKEE XJ,WRANGLER II TJ,PT CRUISER PT_,VOYAGER IV RG, RS<\/p>\n","protected":false},"featured_media":0,"template":"","meta":{"site-sidebar-layout":"default","site-content-layout":"default","ast-global-header-display":"","ast-main-header-display":"","ast-hfb-above-header-display":"","ast-hfb-below-header-display":"","ast-hfb-mobile-header-display":"","site-post-title":"","ast-breadcrumbs-content":"","ast-featured-img":"","footer-sml-layout":"","theme-transparent-header-meta":"","adv-header-id-meta":"","stick-header-meta":"","header-above-stick-meta":"","header-main-stick-meta":"","header-below-stick-meta":""},"pwb-brand":[334],"product_cat":[30],"product_tag":[],"class_list":{"0":"post-96372","1":"product","2":"type-product","3":"status-publish","5":"pwb-brand-japanparts","6":"product_cat-oljynsuodatin","7":"desktop-align-left","8":"tablet-align-left","9":"mobile-align-left","11":"first","12":"instock","13":"product-type-external"},"brands":[{"id":334,"name":"JAPANPARTS","slug":"japanparts"}],"_links":{"self":[{"href":"https:\/\/www.autonvaraosahaku.fi\/index.php?rest_route=\/wp\/v2\/product\/96372","targetHints":{"allow":["GET"]}}],"collection":[{"href":"https:\/\/www.autonvaraosahaku.fi\/index.php?rest_route=\/wp\/v2\/product"}],"about":[{"href":"https:\/\/www.autonvaraosahaku.fi\/index.php?rest_route=\/wp\/v2\/types\/product"}],"wp:attachment":[{"href":"https:\/\/www.autonvaraosahaku.fi\/index.php?rest_route=%2Fwp%2Fv2%2Fmedia&parent=96372"}],"wp:term":[{"taxonomy":"pwb-brand","embeddable":true,"href":"https:\/\/www.autonvaraosahaku.fi\/index.php?rest_route=%2Fwp%2Fv2%2Fpwb-brand&post=96372"},{"taxonomy":"product_cat","embeddable":true,"href":"https:\/\/www.autonvaraosahaku.fi\/index.php?rest_route=%2Fwp%2Fv2%2Fproduct_cat&post=96372"},{"taxonomy":"product_tag","embeddable":true,"href":"https:\/\/www.autonvaraosahaku.fi\/index.php?rest_route=%2Fwp%2Fv2%2Fproduct_tag&post=96372"}],"curies":[{"name":"wp","href":"https:\/\/api.w.org\/{rel}","templated":true}]}}