{"id":96382,"date":"2021-02-21T22:06:18","date_gmt":"2021-02-21T22:06:18","guid":{"rendered":"https:\/\/www.autonvaraosahaku.fi\/?product=ridex-78b0404-jarrusatula"},"modified":"2021-02-21T22:06:23","modified_gmt":"2021-02-21T22:06:23","slug":"ridex-78b0404-jarrusatula","status":"publish","type":"product","link":"https:\/\/www.autonvaraosahaku.fi\/?product=ridex-78b0404-jarrusatula","title":{"rendered":"RIDEX 78B0404 Jarrusatula"},"content":{"rendered":"<p>Asennuspuoli: Etuakseli, vasen; L\u00e4pimitta [mm]: 48; Paino [kg]: 1,9; Sylinteriluku: 1; Jarrusatulatyyppi: Uiva jarrusatula; Jarrulevyn paksuus (mm): 10; L\u00e4pimitta 1 [mm]: 48; parilliset tuotenumerot: 78B0454; Lis\u00e4tarvike\/lis\u00e4tieto: Tarvikkeilla; Jarruj\u00e4rjestelm\u00e4: ATE; Kierre 1: M10X1; Kiinnityrreikien et\u00e4isyys [mm]: 90; Valmistusvuosi alkaen: 05\/1989; FORD: FIESTA IV JA_, JB_,KA RB_,FIESTA III GFJ,FIESTA Kasten J5_, J3_,FIESTA Kasten JV_,KA Van RB,FIESTA Kasten F3L, F5L,FIESTA Kasten FVD,COURIER Pick-up J3 J5; MAZDA: 121 III JASM, JBSM; 1007821, 1121375, 1121379, 1138594, 1138600, 1478495, 6176623, 96FB2L232AA, 96FX2B302AA, R96FX2B302AB<\/p>\n","protected":false},"excerpt":{"rendered":"<p>RIDEX Jarrusatula 78B0404  FORD,MAZDA,FIESTA IV JA_, JB_,KA RB_,FIESTA III GFJ,FIESTA Kasten J5_, J3_,FIESTA Kasten JV_,KA Van RB<\/p>\n","protected":false},"featured_media":0,"template":"","meta":{"site-sidebar-layout":"default","site-content-layout":"default","ast-global-header-display":"","ast-main-header-display":"","ast-hfb-above-header-display":"","ast-hfb-below-header-display":"","ast-hfb-mobile-header-display":"","site-post-title":"","ast-breadcrumbs-content":"","ast-featured-img":"","footer-sml-layout":"","theme-transparent-header-meta":"","adv-header-id-meta":"","stick-header-meta":"","header-above-stick-meta":"","header-main-stick-meta":"","header-below-stick-meta":""},"pwb-brand":[157],"product_cat":[177],"product_tag":[],"class_list":{"0":"post-96382","1":"product","2":"type-product","3":"status-publish","5":"pwb-brand-ridex","6":"product_cat-jarrusatula","7":"desktop-align-left","8":"tablet-align-left","9":"mobile-align-left","11":"first","12":"instock","13":"product-type-external"},"brands":[{"id":157,"name":"RIDEX","slug":"ridex"}],"_links":{"self":[{"href":"https:\/\/www.autonvaraosahaku.fi\/index.php?rest_route=\/wp\/v2\/product\/96382","targetHints":{"allow":["GET"]}}],"collection":[{"href":"https:\/\/www.autonvaraosahaku.fi\/index.php?rest_route=\/wp\/v2\/product"}],"about":[{"href":"https:\/\/www.autonvaraosahaku.fi\/index.php?rest_route=\/wp\/v2\/types\/product"}],"wp:attachment":[{"href":"https:\/\/www.autonvaraosahaku.fi\/index.php?rest_route=%2Fwp%2Fv2%2Fmedia&parent=96382"}],"wp:term":[{"taxonomy":"pwb-brand","embeddable":true,"href":"https:\/\/www.autonvaraosahaku.fi\/index.php?rest_route=%2Fwp%2Fv2%2Fpwb-brand&post=96382"},{"taxonomy":"product_cat","embeddable":true,"href":"https:\/\/www.autonvaraosahaku.fi\/index.php?rest_route=%2Fwp%2Fv2%2Fproduct_cat&post=96382"},{"taxonomy":"product_tag","embeddable":true,"href":"https:\/\/www.autonvaraosahaku.fi\/index.php?rest_route=%2Fwp%2Fv2%2Fproduct_tag&post=96382"}],"curies":[{"name":"wp","href":"https:\/\/api.w.org\/{rel}","templated":true}]}}