{"id":96383,"date":"2021-02-21T22:06:18","date_gmt":"2021-02-21T22:06:18","guid":{"rendered":"https:\/\/www.autonvaraosahaku.fi\/?product=ridex-3405b0215-jarrulevyt"},"modified":"2021-02-21T22:06:24","modified_gmt":"2021-02-21T22:06:24","slug":"ridex-3405b0215-jarrulevyt","status":"publish","type":"product","link":"https:\/\/www.autonvaraosahaku.fi\/?product=ridex-3405b0215-jarrulevyt","title":{"rendered":"RIDEX 3405B0215 Jarrulevyt"},"content":{"rendered":"<p>Asennuspuoli: Taka-akseli; Kulumisenilmaisimen liitos: akustisella kulumavaroittimella; Jarruj\u00e4rjestelm\u00e4: ATE; Ulkol\u00e4pimitta [mm]: 292; Jarrulevyn paksuus (mm): 12; Jarrulevytyyppi: Vakiomalli; Reikien m\u00e4\u00e4r\u00e4: 5; M\u00e4\u00e4r\u00e4yksikk\u00f6: Sarja; moniosainen: moniosainen; Valmistusvuosi alkaen: 07\/2011; CHEVROLET: ORLANDO J309,CRUZE J300,CRUZE Station Wagon J308,CRUZE Schr\u00e4gheck J305,VOLT; OPEL: ASTRA J Sports Tourer,ASTRA J,ZAFIRA TOURER C P12,ASTRA GTC J,ASTRA J Stufenheck,CASCADA W13,AMPERA,ASTRA CLASSIC Caravan,ASTRA CLASSIC L48; VAUXHALL: ZAFIRA Mk III P12,ASTRA Mk VI J CC,ASTRA Mk VI J,AMPERA,ASTRA Mk VI J Sedan,ASTRA Mk VI J Estate,ASTRAVAN Mk V H; 1605273<\/p>\n","protected":false},"excerpt":{"rendered":"<p>RIDEX Jarrupalasarja Levyjarru 3405B0215  CHEVROLET,OPEL,VAUXHALL,ORLANDO J309,CRUZE J300,CRUZE Station Wagon J308,CRUZE Schr\u00e4gheck J305,VOLT<\/p>\n","protected":false},"featured_media":0,"template":"","meta":{"site-sidebar-layout":"default","site-content-layout":"default","ast-global-header-display":"","ast-main-header-display":"","ast-hfb-above-header-display":"","ast-hfb-below-header-display":"","ast-hfb-mobile-header-display":"","site-post-title":"","ast-breadcrumbs-content":"","ast-featured-img":"","footer-sml-layout":"","theme-transparent-header-meta":"","adv-header-id-meta":"","stick-header-meta":"","header-above-stick-meta":"","header-main-stick-meta":"","header-below-stick-meta":""},"pwb-brand":[157],"product_cat":[66],"product_tag":[],"class_list":{"0":"post-96383","1":"product","2":"type-product","3":"status-publish","5":"pwb-brand-ridex","6":"product_cat-jarrulevyt","7":"desktop-align-left","8":"tablet-align-left","9":"mobile-align-left","11":"first","12":"instock","13":"product-type-external"},"brands":[{"id":157,"name":"RIDEX","slug":"ridex"}],"_links":{"self":[{"href":"https:\/\/www.autonvaraosahaku.fi\/index.php?rest_route=\/wp\/v2\/product\/96383","targetHints":{"allow":["GET"]}}],"collection":[{"href":"https:\/\/www.autonvaraosahaku.fi\/index.php?rest_route=\/wp\/v2\/product"}],"about":[{"href":"https:\/\/www.autonvaraosahaku.fi\/index.php?rest_route=\/wp\/v2\/types\/product"}],"wp:attachment":[{"href":"https:\/\/www.autonvaraosahaku.fi\/index.php?rest_route=%2Fwp%2Fv2%2Fmedia&parent=96383"}],"wp:term":[{"taxonomy":"pwb-brand","embeddable":true,"href":"https:\/\/www.autonvaraosahaku.fi\/index.php?rest_route=%2Fwp%2Fv2%2Fpwb-brand&post=96383"},{"taxonomy":"product_cat","embeddable":true,"href":"https:\/\/www.autonvaraosahaku.fi\/index.php?rest_route=%2Fwp%2Fv2%2Fproduct_cat&post=96383"},{"taxonomy":"product_tag","embeddable":true,"href":"https:\/\/www.autonvaraosahaku.fi\/index.php?rest_route=%2Fwp%2Fv2%2Fproduct_tag&post=96383"}],"curies":[{"name":"wp","href":"https:\/\/api.w.org\/{rel}","templated":true}]}}