{"id":96409,"date":"2021-02-21T22:06:27","date_gmt":"2021-02-21T22:06:27","guid":{"rendered":"https:\/\/www.autonvaraosahaku.fi\/?product=febi-bilstein-30351-takaluukun-kaasujousi"},"modified":"2021-02-21T22:06:35","modified_gmt":"2021-02-21T22:06:35","slug":"febi-bilstein-30351-takaluukun-kaasujousi","status":"publish","type":"product","link":"https:\/\/www.autonvaraosahaku.fi\/?product=febi-bilstein-30351-takaluukun-kaasujousi","title":{"rendered":"FEBI BILSTEIN 30351 Takaluukun kaasujousi"},"content":{"rendered":"<p>Pituus (mm): 445; Kotelon pituus [mm]: 244,5; Kiinnityspisteiden l\u00e4pimitta [mm]: 16,5; Kopan l\u00e4pimitta (mm): 18; M\u00e4nn\u00e4nvarren l\u00e4pimitta [mm]: 8; Ty\u00f6nt\u00f6voima [N]: 90; Asennuspuoli: Molemminpuolin; Isku (mm): 176; Paino [kg]: 0,207; SMART: FORTWO Coupe 451; 4519880004, A4519880004; Kaasujousi, Tavaratila<\/p>\n","protected":false},"excerpt":{"rendered":"<p>FEBI BILSTEIN Takaluukun Kaasujousi 30351 Kaasujousi, Tavaratila SMART,FORTWO Coupe 451<\/p>\n","protected":false},"featured_media":0,"template":"","meta":{"site-sidebar-layout":"default","site-content-layout":"default","ast-global-header-display":"","ast-main-header-display":"","ast-hfb-above-header-display":"","ast-hfb-below-header-display":"","ast-hfb-mobile-header-display":"","site-post-title":"","ast-breadcrumbs-content":"","ast-featured-img":"","footer-sml-layout":"","theme-transparent-header-meta":"","adv-header-id-meta":"","stick-header-meta":"","header-above-stick-meta":"","header-main-stick-meta":"","header-below-stick-meta":""},"pwb-brand":[50],"product_cat":[59],"product_tag":[],"class_list":{"0":"post-96409","1":"product","2":"type-product","3":"status-publish","5":"pwb-brand-febi-bilstein","6":"product_cat-takaluukun-kaasujousi","7":"desktop-align-left","8":"tablet-align-left","9":"mobile-align-left","11":"first","12":"instock","13":"product-type-external"},"brands":[{"id":50,"name":"FEBI BILSTEIN","slug":"febi-bilstein"}],"_links":{"self":[{"href":"https:\/\/www.autonvaraosahaku.fi\/index.php?rest_route=\/wp\/v2\/product\/96409","targetHints":{"allow":["GET"]}}],"collection":[{"href":"https:\/\/www.autonvaraosahaku.fi\/index.php?rest_route=\/wp\/v2\/product"}],"about":[{"href":"https:\/\/www.autonvaraosahaku.fi\/index.php?rest_route=\/wp\/v2\/types\/product"}],"wp:attachment":[{"href":"https:\/\/www.autonvaraosahaku.fi\/index.php?rest_route=%2Fwp%2Fv2%2Fmedia&parent=96409"}],"wp:term":[{"taxonomy":"pwb-brand","embeddable":true,"href":"https:\/\/www.autonvaraosahaku.fi\/index.php?rest_route=%2Fwp%2Fv2%2Fpwb-brand&post=96409"},{"taxonomy":"product_cat","embeddable":true,"href":"https:\/\/www.autonvaraosahaku.fi\/index.php?rest_route=%2Fwp%2Fv2%2Fproduct_cat&post=96409"},{"taxonomy":"product_tag","embeddable":true,"href":"https:\/\/www.autonvaraosahaku.fi\/index.php?rest_route=%2Fwp%2Fv2%2Fproduct_tag&post=96409"}],"curies":[{"name":"wp","href":"https:\/\/api.w.org\/{rel}","templated":true}]}}