{"id":96412,"date":"2021-02-21T22:06:36","date_gmt":"2021-02-21T22:06:36","guid":{"rendered":"https:\/\/www.autonvaraosahaku.fi\/?product=zimmermann-600-3201-52-jarrulevyt"},"modified":"2021-02-21T22:06:37","modified_gmt":"2021-02-21T22:06:37","slug":"zimmermann-600-3201-52-jarrulevyt","status":"publish","type":"product","link":"https:\/\/www.autonvaraosahaku.fi\/?product=zimmermann-600-3201-52-jarrulevyt","title":{"rendered":"ZIMMERMANN 600.3201.52 Jarrulevyt"},"content":{"rendered":"<p>Jarrulevytyyppi: Vakiomalli, Reijitetty; Pinta: pinnoitettu; Ulkol\u00e4pimitta [mm]: 226; Jarrulevyn paksuus (mm): 10; Korkeus (mm): 72; Vanne, aukkoja: 5; Reik\u00e4ympyr\u00e4-\u00d8 [mm]: 100; Py\u00f6r\u00e4n napal\u00e4pimitta 1 [mm]: 40; Py\u00f6r\u00e4n napal\u00e4pimitta 2 [mm]: 50; Korvaava tuote\/korvaava tiedote 2: ilman py\u00f6r\u00e4nlaakeria, ilman ABS-sensorirengasta; Tarkistuskilpi: KBA 60934; V\u00e4himm\u00e4ispaksuus (mm): 8; Paino [kg]: 4,50; Reik\u00e4kuvio\/-m\u00e4\u00e4r\u00e4: 5\/5; Tuotelinja: SPORT COAT Z; Tuning: 1; Asennuspuoli: Hinterachse; VW: GOLF III 1H1,PASSAT Variant 3A5, 35I,GOLF III Variant 1H5,PASSAT 3A2, 35I,CORRADO 53I,VENTO 1H2; SEAT: TOLEDO I 1L; Jarrulevy<\/p>\n","protected":false},"excerpt":{"rendered":"<p>ZIMMERMANN Jarrulevyt 600.3201.52 Jarrulevy VW,SEAT,GOLF III 1H1,PASSAT Variant 3A5, 35I,GOLF III Variant 1H5,PASSAT 3A2, 35I,CORRADO 53I,VENTO 1H2<\/p>\n","protected":false},"featured_media":0,"template":"","meta":{"site-sidebar-layout":"default","site-content-layout":"default","ast-global-header-display":"","ast-main-header-display":"","ast-hfb-above-header-display":"","ast-hfb-below-header-display":"","ast-hfb-mobile-header-display":"","site-post-title":"","ast-breadcrumbs-content":"","ast-featured-img":"","footer-sml-layout":"","theme-transparent-header-meta":"","adv-header-id-meta":"","stick-header-meta":"","header-above-stick-meta":"","header-main-stick-meta":"","header-below-stick-meta":""},"pwb-brand":[145],"product_cat":[66],"product_tag":[],"class_list":{"0":"post-96412","1":"product","2":"type-product","3":"status-publish","5":"pwb-brand-zimmermann","6":"product_cat-jarrulevyt","7":"desktop-align-left","8":"tablet-align-left","9":"mobile-align-left","11":"first","12":"instock","13":"product-type-external"},"brands":[{"id":145,"name":"ZIMMERMANN","slug":"zimmermann"}],"_links":{"self":[{"href":"https:\/\/www.autonvaraosahaku.fi\/index.php?rest_route=\/wp\/v2\/product\/96412","targetHints":{"allow":["GET"]}}],"collection":[{"href":"https:\/\/www.autonvaraosahaku.fi\/index.php?rest_route=\/wp\/v2\/product"}],"about":[{"href":"https:\/\/www.autonvaraosahaku.fi\/index.php?rest_route=\/wp\/v2\/types\/product"}],"wp:attachment":[{"href":"https:\/\/www.autonvaraosahaku.fi\/index.php?rest_route=%2Fwp%2Fv2%2Fmedia&parent=96412"}],"wp:term":[{"taxonomy":"pwb-brand","embeddable":true,"href":"https:\/\/www.autonvaraosahaku.fi\/index.php?rest_route=%2Fwp%2Fv2%2Fpwb-brand&post=96412"},{"taxonomy":"product_cat","embeddable":true,"href":"https:\/\/www.autonvaraosahaku.fi\/index.php?rest_route=%2Fwp%2Fv2%2Fproduct_cat&post=96412"},{"taxonomy":"product_tag","embeddable":true,"href":"https:\/\/www.autonvaraosahaku.fi\/index.php?rest_route=%2Fwp%2Fv2%2Fproduct_tag&post=96412"}],"curies":[{"name":"wp","href":"https:\/\/api.w.org\/{rel}","templated":true}]}}