{"id":96446,"date":"2021-02-21T22:06:44","date_gmt":"2021-02-21T22:06:44","guid":{"rendered":"https:\/\/www.autonvaraosahaku.fi\/?product=peters-ennepetal-017-144-00a-pyoranpultit"},"modified":"2021-02-21T22:06:51","modified_gmt":"2021-02-21T22:06:51","slug":"peters-ennepetal-017-144-00a-pyoranpultit","status":"publish","type":"product","link":"https:\/\/www.autonvaraosahaku.fi\/?product=peters-ennepetal-017-144-00a-pyoranpultit","title":{"rendered":"PETERS ENNEPETAL 017.144-00A Py\u00f6r\u00e4npultit"},"content":{"rendered":"<p>Kierremitta: M 22; Kierrenousu (mm): 1,5; Korkeus (mm): 26; L\u00e4pimitta [mm]: 46; Avainv\u00e4li: 32; Pinta: Geomet\u00aerisoitu; DIN \/ ISO: DIN 74361 H; Laatu \/ luokka: 10; Paino [kg]: 0,1368; Asennuspuoli: vorne und hinten; MAN: E2000,F2000,F90,F90 Unterflur,L2000,M 2000 L,M 2000 M,M90,TGA,TGM,TGS,TGX; 81455030049, 81455030056, 0004010672; Py\u00f6r\u00e4n Mutteri<\/p>\n","protected":false},"excerpt":{"rendered":"<p>PETERS ENNEPETAL Py\u00f6r\u00e4nmutterit 017.144-00A Py\u00f6r\u00e4n Mutteri MAN,E2000,F2000,F90,F90 Unterflur,L2000,M 2000 L,M 2000 M,M90,TGA,TGM,TGS,TGX<\/p>\n","protected":false},"featured_media":0,"template":"","meta":{"site-sidebar-layout":"default","site-content-layout":"default","ast-global-header-display":"","ast-main-header-display":"","ast-hfb-above-header-display":"","ast-hfb-below-header-display":"","ast-hfb-mobile-header-display":"","site-post-title":"","ast-breadcrumbs-content":"","ast-featured-img":"","footer-sml-layout":"","theme-transparent-header-meta":"","adv-header-id-meta":"","stick-header-meta":"","header-above-stick-meta":"","header-main-stick-meta":"","header-below-stick-meta":""},"pwb-brand":[516],"product_cat":[51],"product_tag":[],"class_list":{"0":"post-96446","1":"product","2":"type-product","3":"status-publish","5":"pwb-brand-peters-ennepetal","6":"product_cat-pyoranpultit","7":"desktop-align-left","8":"tablet-align-left","9":"mobile-align-left","11":"first","12":"instock","13":"product-type-external"},"brands":[{"id":516,"name":"PETERS ENNEPETAL","slug":"peters-ennepetal"}],"_links":{"self":[{"href":"https:\/\/www.autonvaraosahaku.fi\/index.php?rest_route=\/wp\/v2\/product\/96446","targetHints":{"allow":["GET"]}}],"collection":[{"href":"https:\/\/www.autonvaraosahaku.fi\/index.php?rest_route=\/wp\/v2\/product"}],"about":[{"href":"https:\/\/www.autonvaraosahaku.fi\/index.php?rest_route=\/wp\/v2\/types\/product"}],"wp:attachment":[{"href":"https:\/\/www.autonvaraosahaku.fi\/index.php?rest_route=%2Fwp%2Fv2%2Fmedia&parent=96446"}],"wp:term":[{"taxonomy":"pwb-brand","embeddable":true,"href":"https:\/\/www.autonvaraosahaku.fi\/index.php?rest_route=%2Fwp%2Fv2%2Fpwb-brand&post=96446"},{"taxonomy":"product_cat","embeddable":true,"href":"https:\/\/www.autonvaraosahaku.fi\/index.php?rest_route=%2Fwp%2Fv2%2Fproduct_cat&post=96446"},{"taxonomy":"product_tag","embeddable":true,"href":"https:\/\/www.autonvaraosahaku.fi\/index.php?rest_route=%2Fwp%2Fv2%2Fproduct_tag&post=96446"}],"curies":[{"name":"wp","href":"https:\/\/api.w.org\/{rel}","templated":true}]}}