{"id":96448,"date":"2021-02-21T22:06:44","date_gmt":"2021-02-21T22:06:44","guid":{"rendered":"https:\/\/www.autonvaraosahaku.fi\/?product=meyle-314-860-0001-hehkutulppa"},"modified":"2021-02-21T22:06:52","modified_gmt":"2021-02-21T22:06:52","slug":"meyle-314-860-0001-hehkutulppa","status":"publish","type":"product","link":"https:\/\/www.autonvaraosahaku.fi\/?product=meyle-314-860-0001-hehkutulppa","title":{"rendered":"MEYLE 314 860 0001 Hehkutulppa"},"content":{"rendered":"<p>J\u00e4nnite (V): 5; Kierremitta: M10 x 1; Nimellisvirta [A]: 8,5; L\u00e4pimitta [mm]: 5,1; Hehkutulppatyyppi: j\u00e4lkihehkutuksenkest\u00e4v\u00e4, Hehkutulppa, puikko; Kokonaispituus (mm): 106,5; Avainv\u00e4li: 10; Liittimet: \u00d8 4 mm; Asennussyvyys (mm): 33; Kartionousu: 63\u00b0; lis\u00e4tieto: ORIGINAL Quality; Tarvittava kappalem\u00e4\u00e4r\u00e4: 6; BMW: 3 E46,3 Touring E91,3 E90,5 E60,1 E87,5 Touring E61,3 Touring E46,X3 E83,3 Compact E46,3 Coupe E46,X5 E70,X5 E53,3 Coupe E92,3 Cabriolet E46,3 Cabriolet E93,7 E65, E66, E67,X6 E71, E72,6 E63,6 Cabriolet E64; 12237786869<\/p>\n","protected":false},"excerpt":{"rendered":"<p>MEYLE Hehkutulppa 314 860 0001  BMW,3 E46,3 Touring E91,3 E90,5 E60,1 E87,5 Touring E61,3 Touring E46,X3 E83,3 Compact E46,3 Coupe E46,X5 E70,X5 E53<\/p>\n","protected":false},"featured_media":0,"template":"","meta":{"site-sidebar-layout":"default","site-content-layout":"default","ast-global-header-display":"","ast-main-header-display":"","ast-hfb-above-header-display":"","ast-hfb-below-header-display":"","ast-hfb-mobile-header-display":"","site-post-title":"","ast-breadcrumbs-content":"","ast-featured-img":"","footer-sml-layout":"","theme-transparent-header-meta":"","adv-header-id-meta":"","stick-header-meta":"","header-above-stick-meta":"","header-main-stick-meta":"","header-below-stick-meta":""},"pwb-brand":[84],"product_cat":[52],"product_tag":[],"class_list":{"0":"post-96448","1":"product","2":"type-product","3":"status-publish","5":"pwb-brand-meyle","6":"product_cat-hehkutulppa","7":"desktop-align-left","8":"tablet-align-left","9":"mobile-align-left","11":"first","12":"instock","13":"product-type-external"},"brands":[{"id":84,"name":"MEYLE","slug":"meyle"}],"_links":{"self":[{"href":"https:\/\/www.autonvaraosahaku.fi\/index.php?rest_route=\/wp\/v2\/product\/96448","targetHints":{"allow":["GET"]}}],"collection":[{"href":"https:\/\/www.autonvaraosahaku.fi\/index.php?rest_route=\/wp\/v2\/product"}],"about":[{"href":"https:\/\/www.autonvaraosahaku.fi\/index.php?rest_route=\/wp\/v2\/types\/product"}],"wp:attachment":[{"href":"https:\/\/www.autonvaraosahaku.fi\/index.php?rest_route=%2Fwp%2Fv2%2Fmedia&parent=96448"}],"wp:term":[{"taxonomy":"pwb-brand","embeddable":true,"href":"https:\/\/www.autonvaraosahaku.fi\/index.php?rest_route=%2Fwp%2Fv2%2Fpwb-brand&post=96448"},{"taxonomy":"product_cat","embeddable":true,"href":"https:\/\/www.autonvaraosahaku.fi\/index.php?rest_route=%2Fwp%2Fv2%2Fproduct_cat&post=96448"},{"taxonomy":"product_tag","embeddable":true,"href":"https:\/\/www.autonvaraosahaku.fi\/index.php?rest_route=%2Fwp%2Fv2%2Fproduct_tag&post=96448"}],"curies":[{"name":"wp","href":"https:\/\/api.w.org\/{rel}","templated":true}]}}