{"id":96475,"date":"2021-02-21T22:07:02","date_gmt":"2021-02-21T22:07:02","guid":{"rendered":"https:\/\/www.autonvaraosahaku.fi\/?product=brembo-09-5674-2x-jarrulevyt"},"modified":"2021-02-21T22:07:04","modified_gmt":"2021-02-21T22:07:04","slug":"brembo-09-5674-2x-jarrulevyt","status":"publish","type":"product","link":"https:\/\/www.autonvaraosahaku.fi\/?product=brembo-09-5674-2x-jarrulevyt","title":{"rendered":"BREMBO 09.5674.2X Jarrulevyt"},"content":{"rendered":"<p>Pinta: pinnoitettu; Kiristysmomentti: 100; keskitt\u00e4misl\u00e4pimitta [mm]: 58; Reikien m\u00e4\u00e4r\u00e4: 5; V\u00e4himm\u00e4ispaksuus (mm): 22,5; Jarrulevyn paksuus (mm): 24; Jarrulevytyyppi: Reijitetty \/ tuuletettu; Korkeus (mm): 56,8; L\u00e4pimitta [mm]: 276; Tuotelinja: XTRA LINE; Tuning: 1; Asennuspuoli: Vorderachse; TOYOTA: GT 86 Coupe ZN6_; SUBARU: FORESTER SG,FORESTER SH,FORESTER SF,IMPREZA Stufenheck GD,LEGACY IV Station Wagon BL, BP, B13_,IMPREZA Schr\u00e4gheck GR, GH, G3,OUTBACK BL, BP,IMPREZA Station Wagon GG,LEGACY III Station Wagon BE, BH,IMPREZA Stufenheck GC,LEGACY II Station Wagon BD, BG,IMPREZA Station Wagon GF,LEGACY IV BL, BP,OUTBACK BE, BH,LEGACY V Station Wagon BM, BR,OUTBACK BM, BR,BRZ,LEGACY III BE, BH,LEGACY I Station Wagon BC, BJF,LEGACY II BD, BG,IMPREZA Coupe GFC,IMPREZA Stufenheck GR,LEGACY I BC,LEGACY V BM, BR,LEGACY OUTBACK BG,IMPREZA Schr\u00e4gheck GP,IMPREZA Stufenheck GJ; 26300AE050, 26300AE070, 26300AE071, 26310AA081, 26310AA091, 26310AA092, 26310AA120, 26310AA121, 26310AA151, SU00300585; Jarrulevy<\/p>\n","protected":false},"excerpt":{"rendered":"<p>BREMBO Jarrulevyt 09.5674.2X Jarrulevy TOYOTA,SUBARU,GT 86 Coupe ZN6_,FORESTER SG,FORESTER SH,FORESTER SF,IMPREZA Stufenheck GD<\/p>\n","protected":false},"featured_media":0,"template":"","meta":{"site-sidebar-layout":"default","site-content-layout":"default","ast-global-header-display":"","ast-main-header-display":"","ast-hfb-above-header-display":"","ast-hfb-below-header-display":"","ast-hfb-mobile-header-display":"","site-post-title":"","ast-breadcrumbs-content":"","ast-featured-img":"","footer-sml-layout":"","theme-transparent-header-meta":"","adv-header-id-meta":"","stick-header-meta":"","header-above-stick-meta":"","header-main-stick-meta":"","header-below-stick-meta":""},"pwb-brand":[146],"product_cat":[66],"product_tag":[],"class_list":{"0":"post-96475","1":"product","2":"type-product","3":"status-publish","5":"pwb-brand-brembo","6":"product_cat-jarrulevyt","7":"desktop-align-left","8":"tablet-align-left","9":"mobile-align-left","11":"first","12":"instock","13":"product-type-external"},"brands":[{"id":146,"name":"BREMBO","slug":"brembo"}],"_links":{"self":[{"href":"https:\/\/www.autonvaraosahaku.fi\/index.php?rest_route=\/wp\/v2\/product\/96475","targetHints":{"allow":["GET"]}}],"collection":[{"href":"https:\/\/www.autonvaraosahaku.fi\/index.php?rest_route=\/wp\/v2\/product"}],"about":[{"href":"https:\/\/www.autonvaraosahaku.fi\/index.php?rest_route=\/wp\/v2\/types\/product"}],"wp:attachment":[{"href":"https:\/\/www.autonvaraosahaku.fi\/index.php?rest_route=%2Fwp%2Fv2%2Fmedia&parent=96475"}],"wp:term":[{"taxonomy":"pwb-brand","embeddable":true,"href":"https:\/\/www.autonvaraosahaku.fi\/index.php?rest_route=%2Fwp%2Fv2%2Fpwb-brand&post=96475"},{"taxonomy":"product_cat","embeddable":true,"href":"https:\/\/www.autonvaraosahaku.fi\/index.php?rest_route=%2Fwp%2Fv2%2Fproduct_cat&post=96475"},{"taxonomy":"product_tag","embeddable":true,"href":"https:\/\/www.autonvaraosahaku.fi\/index.php?rest_route=%2Fwp%2Fv2%2Fproduct_tag&post=96475"}],"curies":[{"name":"wp","href":"https:\/\/api.w.org\/{rel}","templated":true}]}}