{"id":96488,"date":"2021-02-21T22:07:02","date_gmt":"2021-02-21T22:07:02","guid":{"rendered":"https:\/\/www.autonvaraosahaku.fi\/?product=ridex-82b0333-jarrulevyt"},"modified":"2021-02-21T22:07:09","modified_gmt":"2021-02-21T22:07:09","slug":"ridex-82b0333-jarrulevyt","status":"publish","type":"product","link":"https:\/\/www.autonvaraosahaku.fi\/?product=ridex-82b0333-jarrulevyt","title":{"rendered":"RIDEX 82B0333 Jarrulevyt"},"content":{"rendered":"<p>Asennuspuoli: Etuakseli; L\u00e4pimitta [mm]: 360; Korkeus (mm): 59,4; Paino [kg]: 14,42; Jarrulevytyyppi: Tuuletettu; Jarrulevyn paksuus (mm): 34; V\u00e4himm\u00e4ispaksuus (mm): 31; Reikien m\u00e4\u00e4r\u00e4: 5\/7; keskitt\u00e4misl\u00e4pimitta [mm]: 68; M\u00e4\u00e4r\u00e4yksikk\u00f6: Kappale; Reik\u00e4ympyr\u00e4-\u00d8 [mm]: 112; Sis\u00e4l\u00e4pimitta [mm]: 135,0; Reik\u00e4-\u00d8 [mm]: 15,0; PR-numerolle: 1LL; VW: PHAETON 3D_; AUDI: A6 Avant 4F5, C6,A6 4F2, C6,A8 4E_,A8 4D2, 4D8,A6 Allroad 4FH, C6; 3D0615301F, 4E0615301A, 4E0615301G, 4E0615301J, 4E0615301P, 4E0615301T, 3D0615301F, 4E0615301A, 4E0615301G, 4E0615301J, 4E0615301P, 4E0615301T; Jarrulevy<\/p>\n","protected":false},"excerpt":{"rendered":"<p>RIDEX Jarrulevyt 82B0333 Jarrulevy VW,AUDI,PHAETON 3D_,A6 Avant 4F5, C6,A6 4F2, C6,A8 4E_,A8 4D2, 4D8,A6 Allroad 4FH, C6<\/p>\n","protected":false},"featured_media":0,"template":"","meta":{"site-sidebar-layout":"default","site-content-layout":"default","ast-global-header-display":"","ast-main-header-display":"","ast-hfb-above-header-display":"","ast-hfb-below-header-display":"","ast-hfb-mobile-header-display":"","site-post-title":"","ast-breadcrumbs-content":"","ast-featured-img":"","footer-sml-layout":"","theme-transparent-header-meta":"","adv-header-id-meta":"","stick-header-meta":"","header-above-stick-meta":"","header-main-stick-meta":"","header-below-stick-meta":""},"pwb-brand":[157],"product_cat":[66],"product_tag":[],"class_list":{"0":"post-96488","1":"product","2":"type-product","3":"status-publish","5":"pwb-brand-ridex","6":"product_cat-jarrulevyt","7":"desktop-align-left","8":"tablet-align-left","9":"mobile-align-left","11":"first","12":"instock","13":"product-type-external"},"brands":[{"id":157,"name":"RIDEX","slug":"ridex"}],"_links":{"self":[{"href":"https:\/\/www.autonvaraosahaku.fi\/index.php?rest_route=\/wp\/v2\/product\/96488","targetHints":{"allow":["GET"]}}],"collection":[{"href":"https:\/\/www.autonvaraosahaku.fi\/index.php?rest_route=\/wp\/v2\/product"}],"about":[{"href":"https:\/\/www.autonvaraosahaku.fi\/index.php?rest_route=\/wp\/v2\/types\/product"}],"wp:attachment":[{"href":"https:\/\/www.autonvaraosahaku.fi\/index.php?rest_route=%2Fwp%2Fv2%2Fmedia&parent=96488"}],"wp:term":[{"taxonomy":"pwb-brand","embeddable":true,"href":"https:\/\/www.autonvaraosahaku.fi\/index.php?rest_route=%2Fwp%2Fv2%2Fpwb-brand&post=96488"},{"taxonomy":"product_cat","embeddable":true,"href":"https:\/\/www.autonvaraosahaku.fi\/index.php?rest_route=%2Fwp%2Fv2%2Fproduct_cat&post=96488"},{"taxonomy":"product_tag","embeddable":true,"href":"https:\/\/www.autonvaraosahaku.fi\/index.php?rest_route=%2Fwp%2Fv2%2Fproduct_tag&post=96488"}],"curies":[{"name":"wp","href":"https:\/\/api.w.org\/{rel}","templated":true}]}}